{"id":7,"date":"2025-03-06T21:43:14","date_gmt":"2025-03-06T20:43:14","guid":{"rendered":"https:\/\/vrsac.wordcamp.org\/2025\/schedule\/"},"modified":"2025-09-13T09:06:17","modified_gmt":"2025-09-13T07:06:17","slug":"satnica","status":"publish","type":"page","link":"https:\/\/vrsac.wordcamp.org\/2025\/satnica\/","title":{"rendered":"Satnica"},"content":{"rendered":"\n<p>WordCamp Vr\u0161ac \u0107e biti odr\u017ean u subotu, 13. i nedelju 14. septembra, sa After Party \u017eurkom planiranom za subotu uve\u010de. Prisustvovanje <a href=\"\/2025\/contributor-day\/\">Contributor Day-u<\/a>, u nedelju 14. septembra je besplatno, ali je zasebna prijava neophodna.<\/p>\n\n\n\n<p>Ve\u0107ina predavanja \u0107e trajati 40 minuta, \u0161to podrazumeva 30 minuta za predavanje i 10 minuta za pitanja publike.<\/p>\n\n\n\n<p>Izme\u0111u predavanja mo\u017eete da pro\u0107askate sa ostalim <a href=\"https:\/\/vrsac.wordcamp.org\/2025\/ucesnici\/\">u\u010desnicima<\/a> i posetite \u0161tandove na\u0161ih sponzora.<\/p>\n\n\n\n<pre class=\"wp-block-code\"><code>Wi-Fi\nNetwork : .conference.villa.breg\nPassword: hvbCON25<\/code><\/pre>\n\n\n\n<h3 class=\"wp-block-heading\">Ulaznice<\/h3>\n\n\n\n<p><a href=\"https:\/\/vrsac.wordcamp.org\/2025\/ulaznice\/\" data-type=\"link\" data-id=\"https:\/\/vrsac.wordcamp.org\/2025\/ulaznice\/\">Ovde<\/a> mo\u017eete kupiti svoje ulaznice.<\/p>\n\n\n\n<h2 class=\"wp-block-heading\">Subota, 13. septembar<\/h2>\n\n\n\n<h3 class=\"wp-block-heading\">Hotel Villa Breg, Vr\u0161ac<\/h3>\n\n\n\n<div\n\tclass=\"wp-block-wordcamp-schedule alignwide is-loading\"\n\t\tdata-attributes=\"{&quot;__isStylesPreview&quot;:false,&quot;align&quot;:&quot;wide&quot;,&quot;chooseSpecificDays&quot;:false,&quot;chosenDays&quot;:[],&quot;chooseSpecificTracks&quot;:false,&quot;chosenTrackIds&quot;:[],&quot;showCategories&quot;:true,&quot;useClientTimezone&quot;:false}\"\n>\n\tLoading&#8230;<\/div>\n\n\n\t<div class=\"email-form fav-session-email-form-hide\">\n\t\t<!-- Tab links -->\n\t\t<div class=\"fav-session-share-tab\">\n\t\t\t\t\t\t\t<div class=\"fav-session-tablinks\" id=\"fav-session-btn-email\">\n\t\t\t\t\tEmail\t\t\t\t<\/div>\n\t\t\t\n\t\t\t<div class=\"fav-session-tablinks\" id=\"fav-session-btn-link\">\n\t\t\t\tLink\t\t\t<\/div>\n\n\t\t\t<div class=\"fav-session-tablinks\" id=\"fav-session-btn-print\">\n\t\t\t\tPrint\t\t\t<\/div>\n\t\t<\/div>\n\n\t\t<!-- Tab content -->\n\t\t\t\t\t<div id=\"fav-session-tab-email\" class=\"fav-session-share-tabcontent\">\n\t\t\t\t<div id=\"fav-session-email-form\">\n\t\t\t\t\tSend me my favorite sessions:\n\t\t\t\t\t<form id=\"fav-sessions-form\">\n\t\t\t\t\t\t<input\n\t\t\t\t\t\t\ttype=\"text\"\n\t\t\t\t\t\t\tname=\"email_address\"\n\t\t\t\t\t\t\tid=\"fav-sessions-email-address\"\n\t\t\t\t\t\t\tplaceholder=\"me@protonmail.com\"\n\t\t\t\t\t\t\/>\n\t\t\t\t\t\t<input type=\"submit\" value=\"Send\" \/>\n\t\t\t\t\t<\/form>\n\t\t\t\t<\/div>\n\n\t\t\t\t<div class=\"fav-session-email-wait-spinner\"><\/div>\n\t\t\t\t<div class=\"fav-session-email-result\"><\/div>\n\t\t\t<\/div>\n\t\t\n\t\t<div id=\"fav-session-tab-link\" class=\"fav-session-share-tabcontent\">\n\t\t\tShareable link:\t\t\t<br \/>\n\t\t\t<a id=\"fav-sessions-link\" href=\"\"><\/a>\n\t\t<\/div>\n\n\t\t<div id=\"fav-session-tab-print\" class=\"fav-session-share-tabcontent\">\n\t\t\t<button id=\"fav-session-print\">\n\t\t\t\tPrint favorite sessions\t\t\t<\/button>\n\t\t<\/div>\n\t<\/div>\n\n\t<a class=\"show-email-form\" href=\"javascript:\">\n\t\t<span class=\"dashicons dashicons-star-filled\"><\/span>\n\t\t<span class=\"dashicons dashicons-email-alt\"><\/span>\n\t<\/a>\n\n\t\n\n\n<p>Legenda:<\/p>\n\n\n\n<ul class=\"wp-block-list\">\n<li class=\"has-small-font-size\">[EN] &#8211; engleski jezik<\/li>\n\n\n\n<li class=\"has-small-font-size\">[SR] &#8211; srpski jezik<\/li>\n<\/ul>\n\n\n\n<div style=\"height:100px\" aria-hidden=\"true\" class=\"wp-block-spacer\"><\/div>\n\n\n\n<h2 class=\"wp-block-heading\">Nedelja, 14. septembar<\/h2>\n\n\n\n<h3 class=\"wp-block-heading\" id=\"vts\">\u0160kolski centar \u201cNikola Tesla\u201d, Vr\u0161ac<\/h3>\n\n\n\n<ul class=\"wp-block-list\">\n<li><a href=\"https:\/\/vrsac.wordcamp.org\/2025\/contributor-day\/\">Contributor Day<\/a><\/li>\n\n\n\n<li>Kids Camp<\/li>\n<\/ul>\n\n\n\n<div style=\"height:2rem\" aria-hidden=\"true\" class=\"wp-block-spacer\"><\/div>\n","protected":false},"excerpt":{"rendered":"<p>WordCamp Vr\u0161ac \u0107e biti odr\u017ean u subotu, 13. i nedelju 14. septembra, sa After Party \u017eurkom planiranom za subotu uve\u010de. Prisustvovanje Contributor Day-u, u nedelju 14. septembra je besplatno, ali je zasebna prijava neophodna. Ve\u0107ina predavanja \u0107e trajati 40 minuta, \u0161to podrazumeva 30 minuta za predavanje i 10 minuta za pitanja publike. Izme\u0111u predavanja mo\u017eete [&hellip;]<\/p>\n","protected":false},"author":15697286,"featured_media":0,"parent":0,"menu_order":0,"comment_status":"closed","ping_status":"closed","template":"","meta":{"advanced_seo_description":"","jetpack_seo_html_title":"","jetpack_seo_noindex":false,"jetpack_post_was_ever_published":false,"footnotes":""},"class_list":["post-7","page","type-page","status-publish","hentry"],"jetpack_sharing_enabled":true,"_links":{"self":[{"href":"https:\/\/vrsac.wordcamp.org\/2025\/wp-json\/wp\/v2\/pages\/7","targetHints":{"allow":["GET"]}}],"collection":[{"href":"https:\/\/vrsac.wordcamp.org\/2025\/wp-json\/wp\/v2\/pages"}],"about":[{"href":"https:\/\/vrsac.wordcamp.org\/2025\/wp-json\/wp\/v2\/types\/page"}],"author":[{"embeddable":true,"href":"https:\/\/vrsac.wordcamp.org\/2025\/wp-json\/wp\/v2\/users\/15697286"}],"replies":[{"embeddable":true,"href":"https:\/\/vrsac.wordcamp.org\/2025\/wp-json\/wp\/v2\/comments?post=7"}],"version-history":[{"count":16,"href":"https:\/\/vrsac.wordcamp.org\/2025\/wp-json\/wp\/v2\/pages\/7\/revisions"}],"predecessor-version":[{"id":8018,"href":"https:\/\/vrsac.wordcamp.org\/2025\/wp-json\/wp\/v2\/pages\/7\/revisions\/8018"}],"wp:attachment":[{"href":"https:\/\/vrsac.wordcamp.org\/2025\/wp-json\/wp\/v2\/media?parent=7"}],"curies":[{"name":"wp","href":"https:\/\/api.w.org\/{rel}","templated":true}]}}