{"id":6281,"date":"2025-09-01T15:07:56","date_gmt":"2025-09-01T13:07:56","guid":{"rendered":"https:\/\/vrsac.wordcamp.org\/2025\/?page_id=6281"},"modified":"2025-09-01T16:19:38","modified_gmt":"2025-09-01T14:19:38","slug":"kako-doci-do-vrsca","status":"publish","type":"page","link":"https:\/\/vrsac.wordcamp.org\/2025\/kako-doci-do-vrsca\/","title":{"rendered":"Kako do\u0107i do Vr\u0161ca"},"content":{"rendered":"\n<h2 class=\"wp-block-heading\"><strong>Kako do\u0107i do Vr\u0161ca iz ve\u0107ih gradova Srbije?<\/strong><\/h2>\n\n\n\n<p>WordCamp Vr\u0161ac okuplja WordPress entuzijaste iz cele Srbije i regiona. Evo kratkih predloga kako najlak\u0161e mo\u017eete sti\u0107i do Vr\u0161ca ako dolazite iz Beograda, Bora, Kragujevca, Ni\u0161a, Novog Sada, Sombora, Subotice, \u0160apca, Vranja, Zaje\u010dara ili Zrenjanina.<\/p>\n\n\n\n<hr class=\"wp-block-separator has-alpha-channel-opacity\" \/>\n\n\n\n<h3 class=\"wp-block-heading\"><strong>Iz Beograda<\/strong><\/h3>\n\n\n\n<p>Mo\u017eete koristiti direktan voz koji kre\u0107e sa stanica Beograd Centar (Prokop) i Vukov Spomenik i vozi vas do Vr\u0161ca.&nbsp;<\/p>\n\n\n\n<p>Tako\u0111e postoji \u010desta autobuska linija sa glavne autobuske stanice u Beogradu.&nbsp;<\/p>\n\n\n\n<p>Put automobilom vodi glavnim pravcem preko Pan\u010deva i Alibunara. Tako\u0111e mo\u017eete iz Beograda preko Smedereva i Kovina sti\u0107i do Vr\u0161ca, ali je ova ruta du\u017ea i re\u0111e se koristi.<\/p>\n\n\n\n<hr class=\"wp-block-separator has-alpha-channel-opacity\" \/>\n\n\n\n<h3 class=\"wp-block-heading\"><strong>Iz Bora<\/strong><\/h3>\n\n\n\n<p>Potrebno je da autobusom ili vozom do\u0111ete do Beograda (naj\u010de\u0161\u0107e autobusom preko Para\u0107ina ili Zaje\u010dara), a zatim iz Beograda nastavite vozom ili autobusom za Vr\u0161ac.&nbsp;<\/p>\n\n\n\n<p>Ako putujete automobilom, preporu\u010duje se pravac Bor &#8211; Para\u0107in &#8211; Beograd &#8211; Pan\u010devo &#8211; Vr\u0161ac. Alternativno, mo\u017eete i\u0107i preko Para\u0107ina, Po\u017earevca, Kovina i Bele Crkve, \u010dime se izbegava prolazak kroz Beograd.<\/p>\n\n\n\n<hr class=\"wp-block-separator has-alpha-channel-opacity\" \/>\n\n\n\n<h3 class=\"wp-block-heading\"><strong>Iz Kragujevca<\/strong><\/h3>\n\n\n\n<p>Putuje se vozom ili autobusom do Beograda, a potom se iz Beograda preseda na voz ili autobus za Vr\u0161ac.&nbsp;<\/p>\n\n\n\n<p>Automobilom idete glavnim putem preko Bato\u010dine i autoputem do Beograda, pa dalje preko Pan\u010deva do Vr\u0161ca. Alternativni pravac je preko Smedereva, Kovina i Bele Crkve do Vr\u0161ca.<\/p>\n\n\n\n<hr class=\"wp-block-separator has-alpha-channel-opacity\" \/>\n\n\n\n<h3 class=\"wp-block-heading\"><strong>Iz Ni\u0161a<\/strong><\/h3>\n\n\n\n<p>Do Beograda mo\u017eete sti\u0107i vozom ili autobusom, a zatim iz Beograda nastaviti vozom ili autobusom za Vr\u0161ac.&nbsp;<\/p>\n\n\n\n<p>Ako idete automobilom, glavni pravac je autoputem Ni\u0161-Beograd, pa preko Pan\u010deva do Vr\u0161ca. Alternativno, mo\u017eete i\u0107i preko Para\u0107ina, Po\u017earevca, Kovina i Bele Crkve.<\/p>\n\n\n\n<hr class=\"wp-block-separator has-alpha-channel-opacity\" \/>\n\n\n\n<h3 class=\"wp-block-heading\"><strong>Iz Novog Sada<\/strong><\/h3>\n\n\n\n<p>Postoji direktna autobuska linija za Vr\u0161ac. Tako\u0111e, mo\u017eete vozom putovati do Beograda, pa presesti na voz za Vr\u0161ac.&nbsp;<\/p>\n\n\n\n<p>Put automobilom iz Novog Sada ide autoputem ka Beogradu, zatim preko Pan\u010deva do Vr\u0161ca. Alternativno, mo\u017eete i\u0107i preko&nbsp;<\/p>\n\n\n\n<hr class=\"wp-block-separator has-alpha-channel-opacity\" \/>\n\n\n\n<h3 class=\"wp-block-heading\"><strong>Iz Sombora<\/strong><\/h3>\n\n\n\n<p>Potrebno je autobusom ili vozom do\u0107i do Beograda, a zatim iz Beograda nastaviti vozom ili autobusom za Vr\u0161ac.&nbsp;<\/p>\n\n\n\n<p>Ako putujete automobilom, glavni pravac je preko Novog Sada i Beograda, pa dalje preko Pan\u010deva do Vr\u0161ca.<\/p>\n\n\n\n<hr class=\"wp-block-separator has-alpha-channel-opacity\" \/>\n\n\n\n<h3 class=\"wp-block-heading\"><strong>Iz Subotice<\/strong><\/h3>\n\n\n\n<p>Putuje se vozom ili autobusom do Beograda, a zatim se iz Beograda preseda na voz ili autobus za Vr\u0161ac.<\/p>\n\n\n\n<p>Put automobilom vodi preko autoputa Subotica &#8211; Novi Sad &#8211; Beograd, pa dalje preko Pan\u010deva do Vr\u0161ca.<\/p>\n\n\n\n<hr class=\"wp-block-separator has-alpha-channel-opacity\" \/>\n\n\n\n<h3 class=\"wp-block-heading\"><strong>Iz \u0160apca<\/strong><\/h3>\n\n\n\n<p>Potrebno je autobusom do\u0107i do Beograda, a zatim iz Beograda nastaviti vozom ili autobusom za Vr\u0161ac.&nbsp;<\/p>\n\n\n\n<p>Kolima se naj\u010de\u0161\u0107e ide preko Obrenovca i Beograda, a zatim preko Pan\u010deva do Vr\u0161ca.<\/p>\n\n\n\n<hr class=\"wp-block-separator has-alpha-channel-opacity\" \/>\n\n\n\n<h3 class=\"wp-block-heading\"><strong>Iz Vranja<\/strong><\/h3>\n\n\n\n<p>Najbolje je da do\u0111ete autobusom ili vozom do Beograda, a zatim iz Beograda nastavite vozom ili autobusom za Vr\u0161ac.&nbsp;<\/p>\n\n\n\n<p>Ako idete automobilom, glavni pravac je autoputem Vranje &#8211; Ni\u0161 &#8211; Beograd, pa potom prema Pan\u010devu i Vr\u0161cu. Alternativno, mo\u017ee se koristiti pravac preko Ni\u0161a, Para\u0107ina, Po\u017earevca, Kovina i Bele Crkve.<\/p>\n\n\n\n<hr class=\"wp-block-separator has-alpha-channel-opacity\" \/>\n\n\n\n<h3 class=\"wp-block-heading\"><strong>Iz Zaje\u010dara<\/strong><\/h3>\n\n\n\n<p>Putuje se vozom ili autobusom do Beograda (naj\u010de\u0161\u0107e sa presedanjem u Para\u0107inu), a zatim se iz Beograda preseda na voz ili autobus za Vr\u0161ac.&nbsp;<\/p>\n\n\n\n<p>Kolima je glavni pravac Zaje\u010dar &#8211; Para\u0107in &#8211; Beograd &#8211; Pan\u010devo &#8211; Vr\u0161ac. Alternativa je put preko Para\u0107ina, Po\u017earevca, Kovina i Bele Crkve.<\/p>\n\n\n\n<hr class=\"wp-block-separator has-alpha-channel-opacity\" \/>\n\n\n\n<h3 class=\"wp-block-heading\"><strong>Iz Zrenjanina<\/strong><\/h3>\n\n\n\n<p>Naj\u010de\u0161\u0107e se koristi autobus do Beograda (ili voz ako postoji odgovaraju\u0107a veza), a zatim iz Beograda vozom ili autobusom do Vr\u0161ca.&nbsp;<\/p>\n\n\n\n<p>Automobilom se preporu\u010duje put Zrenjanin &#8211; Orlovat &#8211; Opovo &#8211; Pan\u010devo &#8211; Vr\u0161ac.<\/p>\n\n\n\n<hr class=\"wp-block-separator has-alpha-channel-opacity\" \/>\n\n\n\n<h3 class=\"wp-block-heading\"><strong>Saveti za putovanje<\/strong><\/h3>\n\n\n\n<p>Pre puta proverite red vo\u017enje na sajtovima \u201eSrbija Voz\u201c i autobusnih prevoznika. Karte za voz mo\u017eete kupiti online ili na stanici, a za autobus kod prevoznika ili na autobuskoj stanici. I voz i autobus sti\u017eu blizu centra Vr\u0161ca, pa dodatni prevoz po gradu naj\u010de\u0161\u0107e nije potreban. U Vr\u0161cu postoji vi\u0161e hotela i apartmana &#8211; preporu\u010duje se ranija rezervacija, a <a href=\"https:\/\/vrsac.wordcamp.org\/2025\/gde-odsesti-u-vrscu\/\" data-type=\"page\" data-id=\"5534\">na\u0161e predloge gde odsesti mo\u017eete pogledati ovde<\/a>.<\/p>\n\n\n\n<hr class=\"wp-block-separator has-alpha-channel-opacity\" \/>\n\n\n\n<p><strong>Vidimo se u Vr\u0161cu na WordCampu!<\/strong><\/p>\n","protected":false},"excerpt":{"rendered":"<p>Kako do\u0107i do Vr\u0161ca iz ve\u0107ih gradova Srbije? WordCamp Vr\u0161ac okuplja WordPress entuzijaste iz cele Srbije i regiona. Evo kratkih predloga kako najlak\u0161e mo\u017eete sti\u0107i do Vr\u0161ca ako dolazite iz Beograda, Bora, Kragujevca, Ni\u0161a, Novog Sada, Sombora, Subotice, \u0160apca, Vranja, Zaje\u010dara ili Zrenjanina. Iz Beograda Mo\u017eete koristiti direktan voz koji kre\u0107e sa stanica Beograd Centar [&hellip;]<\/p>\n","protected":false},"author":9408594,"featured_media":0,"parent":0,"menu_order":0,"comment_status":"closed","ping_status":"closed","template":"","meta":{"advanced_seo_description":"","jetpack_seo_html_title":"","jetpack_seo_noindex":false,"jetpack_post_was_ever_published":false,"footnotes":""},"class_list":["post-6281","page","type-page","status-publish","hentry"],"jetpack_sharing_enabled":true,"_links":{"self":[{"href":"https:\/\/vrsac.wordcamp.org\/2025\/wp-json\/wp\/v2\/pages\/6281","targetHints":{"allow":["GET"]}}],"collection":[{"href":"https:\/\/vrsac.wordcamp.org\/2025\/wp-json\/wp\/v2\/pages"}],"about":[{"href":"https:\/\/vrsac.wordcamp.org\/2025\/wp-json\/wp\/v2\/types\/page"}],"replies":[{"embeddable":true,"href":"https:\/\/vrsac.wordcamp.org\/2025\/wp-json\/wp\/v2\/comments?post=6281"}],"version-history":[{"count":2,"href":"https:\/\/vrsac.wordcamp.org\/2025\/wp-json\/wp\/v2\/pages\/6281\/revisions"}],"predecessor-version":[{"id":6307,"href":"https:\/\/vrsac.wordcamp.org\/2025\/wp-json\/wp\/v2\/pages\/6281\/revisions\/6307"}],"author":[{"embeddable":true,"href":"https:\/\/vrsac.wordcamp.org\/2025\/wp-json\/wporg\/v1\/users\/zex2911"}],"wp:attachment":[{"href":"https:\/\/vrsac.wordcamp.org\/2025\/wp-json\/wp\/v2\/media?parent=6281"}],"curies":[{"name":"wp","href":"https:\/\/api.w.org\/{rel}","templated":true}]}}