{"id":6280,"date":"2025-09-01T15:34:49","date_gmt":"2025-09-01T13:34:49","guid":{"rendered":"https:\/\/vrsac.wordcamp.org\/2025\/?page_id=6280"},"modified":"2025-09-04T18:28:26","modified_gmt":"2025-09-04T16:28:26","slug":"contributor-day","status":"publish","type":"page","link":"https:\/\/vrsac.wordcamp.org\/2025\/contributor-day\/","title":{"rendered":"Contributor Day"},"content":{"rendered":"\n<p>Mo\u017eda posedujete stranicu koja je ra\u0111ena u WordPressu, ili on pokre\u0107e va\u0161u veb-prodavnicu. Mo\u017eda ste bloger ili pisac, dizajner ili marketar. Mo\u017eda kreirate sajtove za svoje klijente. Kako god bilo, ako va\u0161 posao ili interesovanja imaju bilo kakvih dodirnih ta\u010daka sa internetom, sigurno \u0107ete sresti neke zanimljive ljude i imati koristi ako do\u0111ete na Contributor Day na WordCamp Vr\u0161ac!<\/p>\n\n\n\n<h3 class=\"wp-block-heading\" style=\"margin-top:var(--wp--preset--spacing--40);margin-bottom:var(--wp--preset--spacing--20)\">WordPress ukratko<\/h3>\n\n\n\n<p><a href=\"https:\/\/sr.wordpress.org\/\">WordPress<\/a> je najzastupljenija i najpopularnija platforma za pokretanje veb-sajtova na svetu. Nastao je kao alat za blogovanje, ali je zahvaljuju\u0107i svojoj filozofiji da pravljenje i odr\u017eavanje veb-sajtova u\u010dini jednostavnim i pristupa\u010dnim svakome, narastao do te mere da trenutno pokre\u0107e 75 miliona veb-sajtova.<\/p>\n\n\n\n<p>Iza njegovog uspeha stoji odli\u010dna ideja i vizionarska strategija. Stabilnost i tehni\u010dke karakteristike sa pravom su ga u\u010dinile popularnim. Nebrojene teme i plaginovi olak\u0161avaju rad i \u010dine ga pristupa\u010dnim svima. Sve ovo potvr\u0111uju statistike, a brojke su takve da \u010desto deluju kao \u0161tamparska gre\u0161ka.<\/p>\n\n\n\n<h3 class=\"wp-block-heading\" style=\"margin-top:var(--wp--preset--spacing--40);margin-bottom:var(--wp--preset--spacing--20)\">Snaga WordPressa<\/h3>\n\n\n\n<p>Najve\u0107a snaga WordPressa jesu ljudi! Zajednica raste iz dana u dan i neprestano doprinosi razvoju platforme, ali i vrednosti koje WordPress predstavlja. Me\u0111usobna razmena iskustava i znanja su uobi\u010dajeni u zajednici. Stoga \u0107ete za svaki problem lako i brzo na\u0107i re\u0161enje.<br>Idealan na\u010din da se uklju\u010dite u zajednicu i date svoj doprinos jeste Contributor Day. To je doprinos globalnom WordPress projektu, ne samo softveru. Mo\u017eete se oprobati u mnogo razli\u010ditih oblasti, uklju\u010duju\u0107i marketing, zajednicu, prevod, razvoj, dizajn, dokumentaciju, podr\u0161ku, pristupa\u010dnost\u2026<\/p>\n\n\n\n<h3 class=\"wp-block-heading\" style=\"margin-top:var(--wp--preset--spacing--40);margin-bottom:var(--wp--preset--spacing--20)\">Ko mo\u017ee da u\u010destvuje na Contributor Day?<\/h3>\n\n\n\n<p>Svako je dobrodo\u0161ao, bez obzira na nivo znanja i iskustvo. Postoji mnogo na\u010dina da doprinesete. Contributor Day je idealan da zapo\u010dnete svoju avanturu sa doprinosom WordPress zajednici. U skladu sa li\u010dnim interesovanjima i sposobnostima priklju\u010dite se jednom od timova. Mo\u017eda \u0107e vas nekoliko oblasti privu\u0107i i u\u010diniti va\u0161 izbor te\u017eim. Odlu\u010dite se za jednu, a ve\u0107 na slede\u0107em kampu mo\u0107i \u0107ete da se oprobate i u drugoj sferi.<\/p>\n\n\n\n<h3 class=\"wp-block-heading\" style=\"margin-top:var(--wp--preset--spacing--40);margin-bottom:var(--wp--preset--spacing--20)\">Ja sam po\u010detnik, \u0161ta \u0107u ja ovde?<\/h3>\n\n\n\n<p>Svi koji su po\u010detnici u WordPressu ili novi na ovakvim doga\u0111ajima imaju druga\u010diju perspektivu od onih koji su iskusni. Upravo taj pogled mo\u017ee pru\u017eiti korisne povratne informacije na dosad ura\u0111eno, iz vizure laika.<\/p>\n\n\n\n<p>Sa druge strane, dru\u017eenje sa iskusnim profesionalcima je od izuzene koristi za po\u010detnike. Za kratko vreme mo\u017eete pod njihovim mentorstvom saznati kako funkcioni\u0161u WordPress i Contributor Day i dati svoj prvi doprinos ovom ekosistemu. Tako\u0111e, mo\u0107i \u0107ete da vidite projekciju sebe u budu\u0107nosti, \u0161to je od nemerljive koristi za va\u0161u motivaciju.<\/p>\n\n\n\n<h3 class=\"wp-block-heading\" style=\"margin-top:var(--wp--preset--spacing--40);margin-bottom:var(--wp--preset--spacing--20)\">WordCamp Vr\u0161ac 2025 Contributor Day<\/h3>\n\n\n\n<p>Ovo nije samo prilika da doprinesete zajednici ve\u0107 i da nau\u010dite da radite u timu, usvojite nove koncepte i podignete svoje ve\u0161tine na vi\u0161i nivo. <a href=\"https:\/\/vrsac.wordcamp.org\/2025\/ulaznice\/\">Rezervi\u0161ite kartu za WordCamp Vr\u0161ac<\/a> i odlu\u010dite se za jedan od timova u kojima \u0107ete raditi.<\/p>\n\n\n\n<p class=\"hidden\">WordPress zajednica ima <a href=\"https:\/\/make.wordpress.org\/\">18 timova<\/a>, a na radionicama u Vr\u0161cu o\u010dekuje vas 4. Mo\u017eete odabrati da:<\/p>\n\n\n\n<ul class=\"wp-block-list hidden\">\n<li>Pomognete u razvoju i ispravljanju gre\u0161aka (<a href=\"https:\/\/make.wordpress.org\/support\/\">Core<\/a>)<\/li>\n\n\n\n<li>Prevodite WP pluginove, teme ili core (<a href=\"https:\/\/make.wordpress.org\/polyglots\/\">Polyglots<\/a>)<\/li>\n\n\n\n<li>Radite na pregledanju i odobravanju tema (<a href=\"https:\/\/make.wordpress.org\/themes\/\">Themes<\/a>)<\/li>\n\n\n\n<li>Budete deo community tima (<a href=\"https:\/\/make.wordpress.org\/community\/\">Community<\/a>)<\/li>\n<\/ul>\n\n\n\n<p>U nedelju 14-og septembra, nakon \u0161to se lepo odmorite od \u017eurke i doru\u010dkujete, uputite se put <a href=\"https:\/\/www.teslavs.edu.rs\/\">\u0160kolskog centra Nikola Tesla<\/a>. Potrudite se da vas \u010dari Vr\u0161ca ne ometu i budite tamo do 10h. Trebalo bi da pripremite:<\/p>\n\n\n\n<ul class=\"wp-block-list hidde\">\n<li>Laptop i punja\u010d za laptop<\/li>\n\n\n\n<li><a href=\"https:\/\/login.wordpress.org\/linkexpired\/register-logged-in\">WordPress.org profil<\/a><\/li>\n\n\n\n<li><a href=\"https:\/\/make.wordpress.org\/chat\/\">Slack WordPress account<\/a><\/li>\n\n\n\n<li>WordCampVr\u0161ac bed\u017e<\/li>\n\n\n\n<li>Entuzijazam<\/li>\n<\/ul>\n\n\n\n<p>Po\u0161to se od rada i vr\u0161a\u010dkog vetra brzo ogladni, pripremi\u0107emo vam osve\u017eenja i ru\u010dak. Uz sve ovo, ima\u0107ete priliku da vidite budu\u0107nost u nastajanju, na Radionici programiranja za decu.<\/p>\n\n\n\n<p>Kupovina karte za WordCamp Vr\u0161ac 2025 omogu\u0107ava vam prisustvo na Contributor Day radionici. Broj mesta je ograni\u010den, te vas molimo da se blagovremeno prijavite za u\u010de\u0161\u0107e na Contributor Day.<\/p>\n","protected":false},"excerpt":{"rendered":"<p>Mo\u017eda posedujete stranicu koja je ra\u0111ena u WordPressu, ili on pokre\u0107e va\u0161u veb-prodavnicu. Mo\u017eda ste bloger ili pisac, dizajner ili marketar. Mo\u017eda kreirate sajtove za svoje klijente. Kako god bilo, ako va\u0161 posao ili interesovanja imaju bilo kakvih dodirnih ta\u010daka sa internetom, sigurno \u0107ete sresti neke zanimljive ljude i imati koristi ako do\u0111ete na Contributor [&hellip;]<\/p>\n","protected":false},"author":16970527,"featured_media":0,"parent":0,"menu_order":0,"comment_status":"closed","ping_status":"closed","template":"","meta":{"advanced_seo_description":"","jetpack_seo_html_title":"","jetpack_seo_noindex":false,"jetpack_post_was_ever_published":false,"footnotes":""},"class_list":["post-6280","page","type-page","status-publish","hentry"],"jetpack_sharing_enabled":true,"_links":{"self":[{"href":"https:\/\/vrsac.wordcamp.org\/2025\/wp-json\/wp\/v2\/pages\/6280","targetHints":{"allow":["GET"]}}],"collection":[{"href":"https:\/\/vrsac.wordcamp.org\/2025\/wp-json\/wp\/v2\/pages"}],"about":[{"href":"https:\/\/vrsac.wordcamp.org\/2025\/wp-json\/wp\/v2\/types\/page"}],"author":[{"embeddable":true,"href":"https:\/\/vrsac.wordcamp.org\/2025\/wp-json\/wp\/v2\/users\/16970527"}],"replies":[{"embeddable":true,"href":"https:\/\/vrsac.wordcamp.org\/2025\/wp-json\/wp\/v2\/comments?post=6280"}],"version-history":[{"count":6,"href":"https:\/\/vrsac.wordcamp.org\/2025\/wp-json\/wp\/v2\/pages\/6280\/revisions"}],"predecessor-version":[{"id":6508,"href":"https:\/\/vrsac.wordcamp.org\/2025\/wp-json\/wp\/v2\/pages\/6280\/revisions\/6508"}],"wp:attachment":[{"href":"https:\/\/vrsac.wordcamp.org\/2025\/wp-json\/wp\/v2\/media?parent=6280"}],"curies":[{"name":"wp","href":"https:\/\/api.w.org\/{rel}","templated":true}]}}