{"id":5534,"date":"2025-08-20T18:21:56","date_gmt":"2025-08-20T16:21:56","guid":{"rendered":"https:\/\/vrsac.wordcamp.org\/2025\/?page_id=5534"},"modified":"2025-08-20T18:22:22","modified_gmt":"2025-08-20T16:22:22","slug":"gde-odsesti-u-vrscu","status":"publish","type":"page","link":"https:\/\/vrsac.wordcamp.org\/2025\/gde-odsesti-u-vrscu\/","title":{"rendered":"Gde odsesti u Vr\u0161cu"},"content":{"rendered":"\n<p>Zbog svoje lepote i gostoljubivosti Vr\u0161ac je na dobrom glasu kod turista. Sme\u0161tajni kapaciteti mogu da prime sve goste konferencije, samo je potrebno blagovremeno rezervisati sme\u0161taj, po\u0161to je Vr\u0161ac \u010desta destinacija vinskog, lova\u010dkog i kongresnog turizma.<br><br>Na raspolaganju vam je nekoliko hotela kao i veliki broj apartmana.<\/p>\n\n\n\n<p><strong>Hoteli u Vr\u0161cu<\/strong><br><a href=\"http:\/\/www.villabreg.com\/\" target=\"_blank\" rel=\"noreferrer noopener\">Villa Breg<\/a><br><a href=\"http:\/\/hotelsrbija.rs\/\" target=\"_blank\" rel=\"noreferrer noopener\">Hotel Srbija<\/a><br><a href=\"https:\/\/www.facebook.com\/restoranstarimlinvrsac\/\" target=\"_blank\" rel=\"noreferrer noopener\">Hotel Stari Mlin<\/a><br><a href=\"http:\/\/www.vetrenjaca.co.rs\/\" target=\"_blank\" rel=\"noreferrer noopener\">Motel Vetrenja\u010da<\/a>**<\/p>\n\n\n\n<p><strong>Apartmani u Vr\u0161cu<br><\/strong><a href=\"http:\/\/www.apartmanivrsac.com\/\" target=\"_blank\" rel=\"noreferrer noopener\">Apartmani 135 i Lux<\/a><br><a href=\"https:\/\/www.facebook.com\/hillsap013\/\" target=\"_blank\" rel=\"noreferrer noopener\">Hills Apartments<\/a><br><a aria-label=\"Turisti\u010dka organizacija (opens in a new tab)\" href=\"http:\/\/www.to.vrsac.com\/Page.aspx?Page=PrivatniSmestaj&amp;Lang=sr\" target=\"_blank\" rel=\"noreferrer noopener\">Turisti\u010dka organizacija<\/a><\/p>\n\n\n\n<p><\/p>\n","protected":false},"excerpt":{"rendered":"<p>Zbog svoje lepote i gostoljubivosti Vr\u0161ac je na dobrom glasu kod turista. Sme\u0161tajni kapaciteti mogu da prime sve goste konferencije, samo je potrebno blagovremeno rezervisati sme\u0161taj, po\u0161to je Vr\u0161ac \u010desta destinacija vinskog, lova\u010dkog i kongresnog turizma. Na raspolaganju vam je nekoliko hotela kao i veliki broj apartmana. Hoteli u Vr\u0161cuVilla BregHotel SrbijaHotel Stari MlinMotel Vetrenja\u010da** [&hellip;]<\/p>\n","protected":false},"author":12870137,"featured_media":0,"parent":0,"menu_order":0,"comment_status":"closed","ping_status":"closed","template":"","meta":{"advanced_seo_description":"","jetpack_seo_html_title":"","jetpack_seo_noindex":false,"jetpack_post_was_ever_published":false,"footnotes":""},"class_list":["post-5534","page","type-page","status-publish","hentry"],"jetpack_sharing_enabled":true,"_links":{"self":[{"href":"https:\/\/vrsac.wordcamp.org\/2025\/wp-json\/wp\/v2\/pages\/5534","targetHints":{"allow":["GET"]}}],"collection":[{"href":"https:\/\/vrsac.wordcamp.org\/2025\/wp-json\/wp\/v2\/pages"}],"about":[{"href":"https:\/\/vrsac.wordcamp.org\/2025\/wp-json\/wp\/v2\/types\/page"}],"author":[{"embeddable":true,"href":"https:\/\/vrsac.wordcamp.org\/2025\/wp-json\/wp\/v2\/users\/12870137"}],"replies":[{"embeddable":true,"href":"https:\/\/vrsac.wordcamp.org\/2025\/wp-json\/wp\/v2\/comments?post=5534"}],"version-history":[{"count":2,"href":"https:\/\/vrsac.wordcamp.org\/2025\/wp-json\/wp\/v2\/pages\/5534\/revisions"}],"predecessor-version":[{"id":5536,"href":"https:\/\/vrsac.wordcamp.org\/2025\/wp-json\/wp\/v2\/pages\/5534\/revisions\/5536"}],"wp:attachment":[{"href":"https:\/\/vrsac.wordcamp.org\/2025\/wp-json\/wp\/v2\/media?parent=5534"}],"curies":[{"name":"wp","href":"https:\/\/api.w.org\/{rel}","templated":true}]}}