{"id":5100,"date":"2025-08-15T17:32:49","date_gmt":"2025-08-15T15:32:49","guid":{"rendered":"https:\/\/vrsac.wordcamp.org\/2025\/?page_id=5100"},"modified":"2025-09-01T16:28:24","modified_gmt":"2025-09-01T14:28:24","slug":"otkrijte-vrsac","status":"publish","type":"page","link":"https:\/\/vrsac.wordcamp.org\/2025\/otkrijte-vrsac\/","title":{"rendered":"Otkrijte Vr\u0161ac"},"content":{"rendered":"\n<h3 class=\"wp-block-heading\">Vr\u0161ac \u2013 lepa varo\u0161<\/h3>\n\n\n\n<p>Kako je mogu\u0107e da nisam ranije do\u0161ao? To je naj\u010de\u0161\u0107e pitanje svih koji prvi put do\u0111u u Vr\u0161ac. Verovatno ste \u010duli za Vr\u0161ac, zbog ko\u0161ave i vina. Ali tek kada ih zaista osetite, vide\u0107ete koliko su posebni.&nbsp;<\/p>\n\n\n\n<p>Vr\u0161ac je specifi\u010dan po mnogo \u010demu. Ravni\u010darski grad nad kojim se uzdi\u017ee breg, sa 19 mostova a bez reke. Grad iz koga ne\u0107ete iza\u0107i gladni, a jo\u0161 manje \u017eedni (jedan vikend u godini klju\u010deve grada dr\u017ei Vinko Lozi\u0107, avatar boga Bahusa).&nbsp;<\/p>\n\n\n\n<p>Kada budete do\u0161li na WordCamp Vr\u0161ac bogat program ostavi\u0107e vam malo vremena da u\u017eivate u svim \u010darima grada. Ipak, iskoristite ga maksimalno, ili ostanite jo\u0161 nekoliko dana i osetite kako Vr\u0161ac di\u0161e. Pro\u0161etajte se njegovim ulicama i u\u017eivajte u prelepim fasadama starih zgrada.<\/p>\n\n\n\n<p>Obi\u0111ite Sterijinu ku\u0107u, Sabornu crkvu i Vladi\u010danski dvor, najve\u0107u katedralu na ovim prostorima i apoteku na stepenicama. Muzejska postavka u najstarijoj zgradi Vr\u0161ca vas ne\u0107e ostaviti ravnodu\u0161nima.<\/p>\n\n\n\n<p>Potrudite se da stignete do Brega. Pogledajte grad sa vidikovca kod Crkvice i posetite crkvu Svetog Teodora vr\u0161a\u010dkog, pa se polako, Stazom zdravlja kroz \u0161umu uputite ka Kuli. Simbol grada vrati\u0107e vas u vreme ratova Turske i Austrougarske, a mo\u017eda \u0107ete i u\u017eivati u akrobacijama paraglajdera. Po povratku u grad sedite u neku od ba\u0161ta na trgu i udahnite ritam grada. I obavezno se zasladite: probajte jedinstvene i\u0161lere i banatski sladoled sa makom.<\/p>\n\n\n\n<h3 class=\"wp-block-heading\">Al se nekad dobro jelo, ba\u0161\u2026<\/h3>\n\n\n\n<p>Vr\u0161a\u010dka kulinarska tradicija jo\u0161 od 18. veka predstavlja jedinstveni spoj nacija koje su \u017eivele ovde. Srpska, ma\u0111arska i nema\u010dka kuhinja zajedno na trpezi garantuju nezaboravna gastronomska iskustva. \u0106uretina na podvarku sa sosom od vi\u0161anja nezaobilazna je na sve\u010darskoj trpezi, a tu su i \u0107u\u0161pajz od duleka sa be\u010dkim \u0161niclama, vinogradarski gula\u0161\u2026 A za dezert \u0161trudla, gomboce i nezaobilazni rezanci s makom.<\/p>\n\n\n\n<p>Na\u0161a preporuka je da posetite neki od mnogih restorana i prepustite se kuvarima i njihovom ume\u0107u.<\/p>\n\n\n\n<h3 class=\"wp-block-heading\">A i pilo\u2026<\/h3>\n\n\n\n<p>Retko ko nije \u010duo za vr\u0161a\u010dka vina. Vekovima su na ceni u celoj Evropi i bila su slu\u017eena na mnogim dvorovima. Ipak, vina malih, porodi\u010dnih vinarija dostupna su samo retkim sre\u0107nicima. Vi ste me\u0111u njima. Svi u\u010desnici WordCampa Vr\u0161ac bi\u0107e upu\u0107eni u ova tajna u\u017eivanja na \u017eurci u subotu uve\u010de.&nbsp;<\/p>\n\n\n\n<p>Vr\u0161ac tako\u0111e ima i svoj brend kraft piva. Preporu\u010dujemo da probate sva Krugher i Brent piva i prona\u0111ete svoje omiljeno. Izbor izme\u0111u lager, crvenog, tamnog i p\u0161eni\u010dnog ne\u0107e biti nimalo lak, ali je zadovoljstvo izvesno.<\/p>\n\n\n\n<h3 class=\"wp-block-heading\">Dok vas drugi voze<\/h3>\n\n\n\n<p>Kada vam Vr\u0161\u010dani ka\u017eu da je ne\u0161to daleko, to zna\u010di da morate da pe\u0161a\u010dite skoro 15 minuta! S druge strane, taksi je u Vr\u0161cu izuzetno povoljan. Ve\u0107ina udru\u017eenja bilo koju vo\u017enju u gradu napla\u0107uje 150 dinara (oko 1,3 \u20ac). Zato, slobodno zaboravite na svoj automobil dok ste na konferenciji.&nbsp;<\/p>\n\n\n\n<h3 class=\"wp-block-heading\">Ipak ste se izgubili?<\/h3>\n\n\n\n<p>Za sva pitanja i savete slobodno se obratite organizacionom timu. Rado \u0107emo vas uputiti na pravu stranu. Prepozna\u0107ete nas po majicama, sjaju u o\u010dima i podo\u010dnjacima od nespavanja. Tu smo za vas!<\/p>\n\n\n\n<div style=\"height:40px\" aria-hidden=\"true\" class=\"wp-block-spacer\"><\/div>\n\n\n\n<h2 class=\"wp-block-heading\">\u0160arm, kultura i vina Vr\u0161ca<\/h2>\n\n\n\n<p>Mali i prijatan Vr\u0161ac je mnogo vi\u0161e od samog ulaza u carstvo ptica. To je mesto koje ostavlja sna\u017ean utisak na posetioce svojom bogatom pro\u0161lo\u0161\u0107u, zadivljuju\u0107im znamenitostima i \u017eivahnom atmosferom.<\/p>\n\n\n\n<p>Generacijama unazad vinova loza uspeva na plodnim obroncima oko Vr\u0161ca, daju\u0107i na ceni \u0161irom sveta prepoznata vina koja podjednako osvajaju i istinske poznavaoce i one koji tek otkrivaju vinske u\u017eitke. Za gastronomski do\u017eivljaj bogat koliko i istorija Vr\u0161ca, turisti mogu obi\u0107i poznate vinograde, probati lokalna vina i upariti ih s tradicionalnim srpskim specijalitetima.<\/p>\n\n\n\n<p>Svaki posetilac u ovom gradu ose\u0107a se kao kod ku\u0107e, zahvaljuju\u0107i toplini i gostoprimstvu njegovih ljudi. Bilo da razgledate znamenitosti, provodite mirno ve\u010de kraj jezera ili pijuckate vino u nekom prijatnom baru, sti\u010dete utisak da su upravo Vr\u0161\u010dani najve\u0107e bogatstvo ovog grada.<\/p>\n\n\n\n<h3 class=\"wp-block-heading\">Najpoznatije znamenitosti koje vredi obi\u0107i u Vr\u0161cu<\/h3>\n\n\n\n<p><strong>Vr\u0161a\u010dki zamak:<\/strong> Srednjovekovna tvr\u0111ava sa spektakularnim pogledom na grad i vinograde.<\/p>\n\n\n\n<p><strong>Crkva Svetog Gerharda:<\/strong> Remek-delo neogoti\u010dke arhitekture.<\/p>\n\n\n\n<p><strong>Saborna crkva Svetog Nikole:<\/strong> Veli\u010danstvena pravoslavna katedrala bogate istorije.<\/p>\n\n\n\n<p><strong>Vladi\u010danski dvor:<\/strong> Prelepo o\u010duvan dragulj koji oslikava bogato nasle\u0111e grada.<\/p>\n\n\n\n<p><\/p>\n","protected":false},"excerpt":{"rendered":"<p>Vr\u0161ac \u2013 lepa varo\u0161 Kako je mogu\u0107e da nisam ranije do\u0161ao? To je naj\u010de\u0161\u0107e pitanje svih koji prvi put do\u0111u u Vr\u0161ac. Verovatno ste \u010duli za Vr\u0161ac, zbog ko\u0161ave i vina. Ali tek kada ih zaista osetite, vide\u0107ete koliko su posebni.&nbsp; Vr\u0161ac je specifi\u010dan po mnogo \u010demu. Ravni\u010darski grad nad kojim se uzdi\u017ee breg, sa [&hellip;]<\/p>\n","protected":false},"author":12870137,"featured_media":0,"parent":0,"menu_order":0,"comment_status":"closed","ping_status":"closed","template":"","meta":{"advanced_seo_description":"","jetpack_seo_html_title":"","jetpack_seo_noindex":false,"jetpack_post_was_ever_published":false,"footnotes":""},"class_list":["post-5100","page","type-page","status-publish","hentry"],"jetpack_sharing_enabled":true,"_links":{"self":[{"href":"https:\/\/vrsac.wordcamp.org\/2025\/wp-json\/wp\/v2\/pages\/5100","targetHints":{"allow":["GET"]}}],"collection":[{"href":"https:\/\/vrsac.wordcamp.org\/2025\/wp-json\/wp\/v2\/pages"}],"about":[{"href":"https:\/\/vrsac.wordcamp.org\/2025\/wp-json\/wp\/v2\/types\/page"}],"author":[{"embeddable":true,"href":"https:\/\/vrsac.wordcamp.org\/2025\/wp-json\/wp\/v2\/users\/12870137"}],"replies":[{"embeddable":true,"href":"https:\/\/vrsac.wordcamp.org\/2025\/wp-json\/wp\/v2\/comments?post=5100"}],"version-history":[{"count":7,"href":"https:\/\/vrsac.wordcamp.org\/2025\/wp-json\/wp\/v2\/pages\/5100\/revisions"}],"predecessor-version":[{"id":6320,"href":"https:\/\/vrsac.wordcamp.org\/2025\/wp-json\/wp\/v2\/pages\/5100\/revisions\/6320"}],"wp:attachment":[{"href":"https:\/\/vrsac.wordcamp.org\/2025\/wp-json\/wp\/v2\/media?parent=5100"}],"curies":[{"name":"wp","href":"https:\/\/api.w.org\/{rel}","templated":true}]}}