{"id":161,"date":"2025-07-24T17:31:57","date_gmt":"2025-07-24T15:31:57","guid":{"rendered":"https:\/\/vrsac.wordcamp.org\/2025\/?page_id=161"},"modified":"2025-09-01T16:30:00","modified_gmt":"2025-09-01T14:30:00","slug":"o-kampu","status":"publish","type":"page","link":"https:\/\/vrsac.wordcamp.org\/2025\/o-kampu\/","title":{"rendered":"O kampu"},"content":{"rendered":"\n<h3 class=\"wp-block-heading\">Dobrodo\u0161li u Vr\u0161ac!<\/h3>\n\n\n\n<p>Kada na pauzi budete iza\u0161li na terasu hotela Villa Breg bi\u0107e vam jasno za\u0161to smo odabrali septembar za prvi WordCamp Vr\u0161ac. Grad i ravnica pod va\u0161im nogama, povetarac sa mirisom jorgovana na va\u0161em licu i, ako ste hedonista, \u010da\u0161a vrhunskog vina u va\u0161oj ruci\u2026<\/p>\n\n\n\n<p>WordCamp Vr\u0161ac nije samo regionalna konferencija za WordPress korisnike. Kamp predstavlja sinergiju organizatora, volontera, predava\u010da, sponzora i gostiju iz cele Srbije i inostranstva. On je idealan za sve IT entuzijaste, developere, blogere, dizajnere, pisce ili preduzetnike. Od po\u010detnika do iskusnih profesionalaca, u\u010desnici slu\u0161aju aktuelna predavanja, razmenjuju ideje i dru\u017ee se. Osim vrhunskog kvaliteta predavanja, networking \u0107e biti u fokusu kampa. Znanje i kontakti koje ponesete sa konferencije mogli bi da promene tok va\u0161e karijere.<\/p>\n\n\n\n<p>Glavni doga\u0111aj odr\u017eava se u subotu, 13. septembra u hotelu <a href=\"http:\/\/www.villabreg.com\/\" target=\"_blank\" rel=\"noreferrer noopener\">Villa Breg<\/a>. Pred vama je <a href=\"https:\/\/vrsac.wordcamp.org\/2025\/satnica\/\">\u010ditav dan predavanja i radionica<\/a> i dru\u017eenja sa doma\u0107im i internacionalnim predava\u010dima, na srpskom i engleskom jeziku.<\/p>\n\n\n\n<p>U nedelju, 14. septembra, dan nakon konferencije i lude \u017eurke, organizujemo Contributor Day u <a href=\"https:\/\/teslavs.edu.rs\/\" target=\"_blank\" rel=\"noreferrer noopener\">\u0160C Nikola Tesla<\/a>. Na ovom doga\u0111aju mo\u0107i \u0107ete da date svoj doprinos razvoju WordPressa, a organizujemo i radionicu programiranja za decu.<\/p>\n\n\n\n<div style=\"height:var(--wp--preset--spacing--40)\" aria-hidden=\"true\" class=\"wp-block-spacer\"><\/div>\n\n\n\n<div class=\"wp-block-group has-global-padding is-layout-constrained wp-block-group-is-layout-constrained\">\n<div class=\"wp-block-group has-accent-background-color has-background has-global-padding is-layout-constrained wp-block-group-is-layout-constrained\" style=\"padding-top:4px;padding-bottom:4px\">\n<div class=\"wp-block-cover has-aspect-ratio\" style=\"border-top-color:var(--wp--preset--color--base-2);border-top-width:2px;border-bottom-color:var(--wp--preset--color--base-2);border-bottom-width:2px;padding-top:var(--wp--preset--spacing--40);padding-right:var(--wp--preset--spacing--50);padding-bottom:var(--wp--preset--spacing--40);padding-left:var(--wp--preset--spacing--50);aspect-ratio:auto;min-height:unset;\"><span aria-hidden=\"true\" class=\"wp-block-cover__background has-accent-background-color has-background-dim-100 has-background-dim\"><\/span><div class=\"wp-block-cover__inner-container has-global-padding is-layout-constrained wp-container-core-cover-is-layout-df7bf7ea wp-block-cover-is-layout-constrained\">\n<p class=\"has-text-align-left\" style=\"font-size:clamp(27.894px, 1.743rem + ((1vw - 3.2px) * 2.094), 48px);font-style:normal;font-weight:700\">Zainteresovani da prisustvujete?<\/p>\n\n\n\n<p class=\"has-base-2-color has-text-color has-link-color wp-elements-92a409a5b84af7cbddefe4aebb19700b\" style=\"font-size:clamp(15.747px, 0.984rem + ((1vw - 3.2px) * 0.86), 24px);font-style:normal;font-weight:700\"><a href=\"https:\/\/vrsac.wordcamp.org\/2025\/ulaznice\/\" data-type=\"page\" data-id=\"13\">Kupite svoju ulaznicu<\/a><\/p>\n<\/div><\/div>\n<\/div>\n<\/div>\n","protected":false},"excerpt":{"rendered":"<p>Dobrodo\u0161li u Vr\u0161ac! Kada na pauzi budete iza\u0161li na terasu hotela Villa Breg bi\u0107e vam jasno za\u0161to smo odabrali septembar za prvi WordCamp Vr\u0161ac. Grad i ravnica pod va\u0161im nogama, povetarac sa mirisom jorgovana na va\u0161em licu i, ako ste hedonista, \u010da\u0161a vrhunskog vina u va\u0161oj ruci\u2026 WordCamp Vr\u0161ac nije samo regionalna konferencija za WordPress [&hellip;]<\/p>\n","protected":false},"author":13982697,"featured_media":0,"parent":0,"menu_order":0,"comment_status":"closed","ping_status":"closed","template":"","meta":{"advanced_seo_description":"","jetpack_seo_html_title":"","jetpack_seo_noindex":false,"jetpack_post_was_ever_published":false,"footnotes":""},"class_list":["post-161","page","type-page","status-publish","hentry"],"jetpack_sharing_enabled":true,"_links":{"self":[{"href":"https:\/\/vrsac.wordcamp.org\/2025\/wp-json\/wp\/v2\/pages\/161","targetHints":{"allow":["GET"]}}],"collection":[{"href":"https:\/\/vrsac.wordcamp.org\/2025\/wp-json\/wp\/v2\/pages"}],"about":[{"href":"https:\/\/vrsac.wordcamp.org\/2025\/wp-json\/wp\/v2\/types\/page"}],"author":[{"embeddable":true,"href":"https:\/\/vrsac.wordcamp.org\/2025\/wp-json\/wp\/v2\/users\/13982697"}],"replies":[{"embeddable":true,"href":"https:\/\/vrsac.wordcamp.org\/2025\/wp-json\/wp\/v2\/comments?post=161"}],"version-history":[{"count":6,"href":"https:\/\/vrsac.wordcamp.org\/2025\/wp-json\/wp\/v2\/pages\/161\/revisions"}],"predecessor-version":[{"id":6321,"href":"https:\/\/vrsac.wordcamp.org\/2025\/wp-json\/wp\/v2\/pages\/161\/revisions\/6321"}],"wp:attachment":[{"href":"https:\/\/vrsac.wordcamp.org\/2025\/wp-json\/wp\/v2\/media?parent=161"}],"curies":[{"name":"wp","href":"https:\/\/api.w.org\/{rel}","templated":true}]}}