{"id":13,"date":"2025-07-25T11:39:39","date_gmt":"2025-07-25T09:39:39","guid":{"rendered":"https:\/\/vrsac.wordcamp.org\/2025\/?page_id=13"},"modified":"2025-08-20T18:03:15","modified_gmt":"2025-08-20T16:03:15","slug":"ulaznice","status":"publish","type":"page","link":"https:\/\/vrsac.wordcamp.org\/2025\/ulaznice\/","title":{"rendered":"Ulaznice"},"content":{"rendered":"\n<p>Za sjajnu cenu od samo 3.600 dinara (30\u20ac), kupljena ulaznica vam omogu\u0107ava pristup glavnom WordCamp Vr\u0161ac doga\u0111aju koji se odr\u017eava u subotu, 13. septembra 2025. godine u hotelu Villa Breg i Contributor day radionicama u nedelju 14. septembra 2025. godine u tehni\u010dkoj \u0161koli Nikola Tesla.<\/p>\n\n\n\n<h3 class=\"wp-block-heading\" style=\"margin-top:var(--wp--preset--spacing--40);margin-bottom:var(--wp--preset--spacing--20)\">Standardne ulaznice<\/h3>\n\n\n\n<p>WordPress je softver otvorenog koda i dostupan svima. U tom duhu cene WordCamp ulaznica su mnogo ni\u017ee od uobi\u010dajenih cena za tehnolo\u0161ke konferencije. \u0160tavi\u0161e, cena ulaznice za WordCamp Vr\u0161ac 2025. daleko je ispod realnih tro\u0161kova.<\/p>\n\n\n\n<p>Zahvaljuju\u0107i na\u0161im sponzorima i njihovom velikodu\u0161nom doprinosu, standardna cena ulaznica za WordCamp Vr\u0161ac 2025. iznosi samo 3.600 dinara (30\u20ac) za ovaj dvodnevni doga\u0111aj.<\/p>\n\n\n\n<h3 class=\"wp-block-heading\" style=\"margin-top:var(--wp--preset--spacing--40);margin-bottom:var(--wp--preset--spacing--20)\">Ulaznice za mikrosponzore<\/h3>\n\n\n\n<p>Mikrosponzorstvo omogu\u0107ava malim preduze\u0107ima, freelancerima ili WordPress korisnicima da doprinesu uspehu WordCampa Vr\u0161ac. Cena ove ulaznice je ne\u0161to bli\u017ea stvarnim tro\u0161kovima po osobi. Za one koji su mnogo dobili od WordPressa, ovo je odli\u010dan na\u010din da vrate zajednici.<\/p>\n\n\n\n<p>Mikrosponzorska ulaznica po ceni od 12.000 dinara (100\u20ac) donosi vam zvanje Mikrosponzor WordCamp Vr\u0161ac 2025. i sve ostalo \u0161to je uklju\u010deno u standardnu ulaznicu. Organizacioni tim \u0107e vas javno proglasiti primernim gra\u0111aninom otvorenog coda i po\u010dasnim \u010dlanom vr\u0161a\u010dke WordPress zajednice.<\/p>\n\n\n\n<h3 class=\"wp-block-heading\" style=\"margin-top:var(--wp--preset--spacing--40);margin-bottom:var(--wp--preset--spacing--20)\">Dvodnevna ulaznica uklju\u010duje:<\/h3>\n\n\n\n<ul class=\"wp-block-list\">\n<li>Celodnevne edukativne sesije i prakti\u010dne radionice za korisnike svih nivoa ve\u0161tina. Tematika sesija bi\u0107e zanimljiva za sve, od&nbsp; developmenta i dizajna, do marketinga i biznisa<\/li>\n\n\n\n<li>Mogu\u0107nost da tokom celog doga\u0111aja pri\u0111ete predava\u010dima i dobijete odgovore na pitanja<\/li>\n\n\n\n<li>Odli\u010dnu priliku za umre\u017eavanje sa \u010dlanovima WordPress zajednice, uklju\u010duju\u0107i sponzore, predava\u010de, preduzetnike, vlasnike agencija, frilensere, dizajnere, programere, blogere, kopirajtere i mnoge druge.<\/li>\n\n\n\n<li>Besplatnu ulaznicu za Contributor day<\/li>\n\n\n\n<li>Ru\u010dak, pre i poslepodnevna osve\u017eenja sa grickalicama, oba dana manifestacije<\/li>\n\n\n\n<li>Autenti\u010dne poklone<\/li>\n\n\n\n<li>Sponzorske \u0161tandove<\/li>\n\n\n\n<li>Ulaz na nezaboravnu \u017eurku, idealnu za dru\u017eenje i povezivanje sa svim sjajnim ljudima koje ste upoznali na konferenciji<\/li>\n<\/ul>\n\n\n\n<h3 class=\"wp-block-heading\" style=\"margin-top:var(--wp--preset--spacing--40);margin-bottom:var(--wp--preset--spacing--20)\">Va\u017ene napomene<\/h3>\n\n\n\n<ul class=\"wp-block-list\">\n<li>Svaka ulaznica va\u017ei samo za jednu osobu. Ako dovedete gosta, treba\u0107e im sopstvena ulaznica<\/li>\n\n\n\n<li>Prodate ulaznice se ne mogu vratiti. Me\u0111utim, svoju ulaznicu mo\u017eete preneti nekom drugom promenom podataka o u\u010desnicima<\/li>\n\n\n\n<li>Transfer ulaznice ne garantuje promenu identifikacione kartice<\/li>\n\n\n\n<li>Ulaznice kupljene nakon 10. septembra 2025. godine ne garantuju dobijanje unapred od\u0161tampane identifikacione kartice<\/li>\n\n\n\n<li>Va\u017eno nam je da svi u\u010desnici WordCampa Vr\u0161ac 2025 budu tretirani podjednako, po\u0161tovani i za\u0161ti\u0107eni. Stoga, kupovinom ulaznice i svojim u\u010de\u0161\u0107em na konferenciji prihvatate da se pridr\u017eavate na\u0161eg <a href=\"https:\/\/vrsac.wordcamp.org\/2025\/kodeks-ponasanja\/\" data-type=\"link\" data-id=\"https:\/\/vrsac.wordcamp.org\/2025\/kodeks-ponasanja\/\">Kodeksa pona\u0161anja.<\/a><\/li>\n<\/ul>\n\n\n\n<h3 class=\"wp-block-heading\" style=\"margin-top:var(--wp--preset--spacing--40);margin-bottom:var(--wp--preset--spacing--20)\">Politika snimanja<\/h3>\n\n\n\n<p>U promotivne i u svrhe izgradnje zajednice, na WordCampu Vr\u0161ac bi\u0107e fotografa i video snimatelja. Kupovinom ulaznice i prisustvom doga\u0111aju pristajete na to da se pojavljujete na fotografijama ili video zapisima. Ovo pravilo isklju\u010duje posetioce mla\u0111e od 18 godina.<\/p>\n\n\n\n<h3 class=\"wp-block-heading\" style=\"margin-top:var(--wp--preset--spacing--40);margin-right:0;margin-bottom:var(--wp--preset--spacing--20)\">Kupite ulaznicu za WordCamp Vr\u0161ac 2025<\/h3>\n\n\n<a href=\"https:\/\/vrsac.wordcamp.org\/2025\/ulaznice\/\">Please view this page in a browser to purchase or manage tickets.<\/a>\n\n\n\n<p class=\"hide-on-desktop has-small-font-size\"><strong>*Mikrosponzor ulaznice<\/strong><br>Mikrosponzorske ulaznice objedinjuju sve sadr\u017eaje Standardne ulaznice plus adekvatnu titulu, jedinstveno ozna\u010denu identifikacionu karticu i na\u0161u neizmernu zahvalnost za podr\u0161ku WCV\u0160<\/p>\n\n\n\n<p class=\"hide-on-desktop has-small-font-size\"><strong>**Standardne ulaznice<\/strong><br>Standardne ulaznice omogu\u0107avaju vam sve sadr\u017eaje WordCampa Vr\u0161ac 2025: pristup predavanjima i radionicama.<\/p>\n","protected":false},"excerpt":{"rendered":"<p>Za sjajnu cenu od samo 3.600 dinara (30\u20ac), kupljena ulaznica vam omogu\u0107ava pristup glavnom WordCamp Vr\u0161ac doga\u0111aju koji se odr\u017eava u subotu, 13. septembra 2025. godine u hotelu Villa Breg i Contributor day radionicama u nedelju 14. septembra 2025. godine u tehni\u010dkoj \u0161koli Nikola Tesla. Standardne ulaznice WordPress je softver otvorenog koda i dostupan svima. [&hellip;]<\/p>\n","protected":false},"author":15697286,"featured_media":0,"parent":0,"menu_order":0,"comment_status":"closed","ping_status":"closed","template":"","meta":{"advanced_seo_description":"","jetpack_seo_html_title":"","jetpack_seo_noindex":false,"jetpack_post_was_ever_published":false,"footnotes":""},"class_list":["post-13","page","type-page","status-publish","hentry"],"jetpack_sharing_enabled":true,"_links":{"self":[{"href":"https:\/\/vrsac.wordcamp.org\/2025\/wp-json\/wp\/v2\/pages\/13","targetHints":{"allow":["GET"]}}],"collection":[{"href":"https:\/\/vrsac.wordcamp.org\/2025\/wp-json\/wp\/v2\/pages"}],"about":[{"href":"https:\/\/vrsac.wordcamp.org\/2025\/wp-json\/wp\/v2\/types\/page"}],"author":[{"embeddable":true,"href":"https:\/\/vrsac.wordcamp.org\/2025\/wp-json\/wp\/v2\/users\/15697286"}],"replies":[{"embeddable":true,"href":"https:\/\/vrsac.wordcamp.org\/2025\/wp-json\/wp\/v2\/comments?post=13"}],"version-history":[{"count":11,"href":"https:\/\/vrsac.wordcamp.org\/2025\/wp-json\/wp\/v2\/pages\/13\/revisions"}],"predecessor-version":[{"id":5529,"href":"https:\/\/vrsac.wordcamp.org\/2025\/wp-json\/wp\/v2\/pages\/13\/revisions\/5529"}],"wp:attachment":[{"href":"https:\/\/vrsac.wordcamp.org\/2025\/wp-json\/wp\/v2\/media?parent=13"}],"curies":[{"name":"wp","href":"https:\/\/api.w.org\/{rel}","templated":true}]}}