{"id":12,"date":"2025-03-06T21:43:14","date_gmt":"2025-03-06T20:43:14","guid":{"rendered":"https:\/\/vrsac.wordcamp.org\/2025\/organizers\/"},"modified":"2025-08-29T10:29:42","modified_gmt":"2025-08-29T08:29:42","slug":"organizatori","status":"publish","type":"page","link":"https:\/\/vrsac.wordcamp.org\/2025\/organizatori\/","title":{"rendered":"Organizatori"},"content":{"rendered":"\n<div class=\"wp-block-query is-layout-flow wp-block-query-is-layout-flow\"><ul style=\"margin-bottom:0;\" class=\"columns-3 wp-block-post-template is-layout-grid wp-container-core-post-template-is-layout-e43e50d1 wp-block-post-template-is-layout-grid\"><li class=\"wp-block-post post-6053 wcb_organizer type-wcb_organizer status-publish has-post-thumbnail hentry\">\n\n<div class=\"wp-block-group is-vertical is-content-justification-center is-layout-flex wp-container-core-group-is-layout-6329a8f3 wp-block-group-is-layout-flex\"><figure style=\"width:256px;height:256px;\" class=\"is-style-rounded wp-block-wordcamp-avatar\"><img loading=\"lazy\" decoding=\"async\" width=\"256\" height=\"256\" src=\"https:\/\/vrsac.wordcamp.org\/2025\/files\/2025\/08\/aleksandar-pasku.jpeg\" class=\"attachment-256x256 size-256x256 wp-post-image\" alt=\"Aleksandar Pasku\" srcset=\"https:\/\/vrsac.wordcamp.org\/2025\/files\/2025\/08\/aleksandar-pasku.jpeg 300w, https:\/\/vrsac.wordcamp.org\/2025\/files\/2025\/08\/aleksandar-pasku-150x150.jpeg 150w\" sizes=\"auto, (max-width: 256px) 100vw, 256px\" \/><\/figure>\n\n<h2 class=\"has-text-align-center wp-block-post-title has-large-font-size\">Aleksandar Pasku<\/h2><\/div>\n\n<\/li><li class=\"wp-block-post post-6055 wcb_organizer type-wcb_organizer status-publish hentry\">\n\n<div class=\"wp-block-group is-vertical is-content-justification-center is-layout-flex wp-container-core-group-is-layout-6329a8f3 wp-block-group-is-layout-flex\"><figure style=\"width:256px;height:256px;\" class=\"is-style-rounded wp-block-wordcamp-avatar\"><img decoding=\"async\" src=\"https:\/\/secure.gravatar.com\/avatar\/fa4e0e836b86407f006d6605e30f5096fdf0f8235f1bdbd3edc37ad31bd2a70b?s=256&amp;d=mm&amp;r=g\" alt=\"Aleksandar Predi\u0107\" \/><\/figure>\n\n<h2 class=\"has-text-align-center wp-block-post-title has-large-font-size\">Aleksandar Predi\u0107<\/h2><\/div>\n\n<\/li><li class=\"wp-block-post post-6057 wcb_organizer type-wcb_organizer status-publish hentry\">\n\n<div class=\"wp-block-group is-vertical is-content-justification-center is-layout-flex wp-container-core-group-is-layout-6329a8f3 wp-block-group-is-layout-flex\"><figure style=\"width:256px;height:256px;\" class=\"is-style-rounded wp-block-wordcamp-avatar\"><img decoding=\"async\" src=\"https:\/\/secure.gravatar.com\/avatar\/9c4ebb08c9870c5b2d19fbc8c54b0c95fe8d37e40756637337820966d9271de2?s=256&amp;d=mm&amp;r=g\" alt=\"Branislava Brkovi\u0107\" \/><\/figure>\n\n<h2 class=\"has-text-align-center wp-block-post-title has-large-font-size\">Branislava Brkovi\u0107<\/h2><\/div>\n\n<\/li><li class=\"wp-block-post post-6059 wcb_organizer type-wcb_organizer status-publish hentry\">\n\n<div class=\"wp-block-group is-vertical is-content-justification-center is-layout-flex wp-container-core-group-is-layout-6329a8f3 wp-block-group-is-layout-flex\"><figure style=\"width:256px;height:256px;\" class=\"is-style-rounded wp-block-wordcamp-avatar\"><img decoding=\"async\" src=\"https:\/\/secure.gravatar.com\/avatar\/9a8691350f9c697d0ca595a72c0a36f3a0afcf9cc553aba318c73deb07faddde?s=256&amp;d=mm&amp;r=g\" alt=\"Goran Mirkov\" \/><\/figure>\n\n<h2 class=\"has-text-align-center wp-block-post-title has-large-font-size\">Goran Mirkov<\/h2><\/div>\n\n<\/li><li class=\"wp-block-post post-6478 wcb_organizer type-wcb_organizer status-publish hentry\">\n\n<div class=\"wp-block-group is-vertical is-content-justification-center is-layout-flex wp-container-core-group-is-layout-6329a8f3 wp-block-group-is-layout-flex\"><figure style=\"width:256px;height:256px;\" class=\"is-style-rounded wp-block-wordcamp-avatar\"><img decoding=\"async\" src=\"https:\/\/secure.gravatar.com\/avatar\/b52b5e6a555cd99575da222a296e4369277fe3b52331c2d0cd7d4f29aabb80eb?s=256&amp;d=mm&amp;r=g\" alt=\"Lazar Da\u010di\u0107\" \/><\/figure>\n\n<h2 class=\"has-text-align-center wp-block-post-title has-large-font-size\">Lazar Da\u010di\u0107<\/h2><\/div>\n\n<\/li><li class=\"wp-block-post post-6061 wcb_organizer type-wcb_organizer status-publish hentry\">\n\n<div class=\"wp-block-group is-vertical is-content-justification-center is-layout-flex wp-container-core-group-is-layout-6329a8f3 wp-block-group-is-layout-flex\"><figure style=\"width:256px;height:256px;\" class=\"is-style-rounded wp-block-wordcamp-avatar\"><img decoding=\"async\" src=\"https:\/\/secure.gravatar.com\/avatar\/b7377f3bb2a7fa4da1ae8e1e7e96b2b8ab126b485958200af9d19a2ad3271cca?s=256&amp;d=mm&amp;r=g\" alt=\"Maja Lon\u010dar\" \/><\/figure>\n\n<h2 class=\"has-text-align-center wp-block-post-title has-large-font-size\">Maja Lon\u010dar<\/h2><\/div>\n\n<\/li><li class=\"wp-block-post post-6063 wcb_organizer type-wcb_organizer status-publish hentry\">\n\n<div class=\"wp-block-group is-vertical is-content-justification-center is-layout-flex wp-container-core-group-is-layout-6329a8f3 wp-block-group-is-layout-flex\"><figure style=\"width:256px;height:256px;\" class=\"is-style-rounded wp-block-wordcamp-avatar\"><img decoding=\"async\" src=\"https:\/\/secure.gravatar.com\/avatar\/8c89447051442fa67f733cd23f299ed361f51e5129ee4b00a1f5d83fc2178a09?s=256&amp;d=mm&amp;r=g\" alt=\"Milana Cap\" \/><\/figure>\n\n<h2 class=\"has-text-align-center wp-block-post-title has-large-font-size\">Milana Cap<\/h2><\/div>\n\n<\/li><li class=\"wp-block-post post-6065 wcb_organizer type-wcb_organizer status-publish hentry\">\n\n<div class=\"wp-block-group is-vertical is-content-justification-center is-layout-flex wp-container-core-group-is-layout-6329a8f3 wp-block-group-is-layout-flex\"><figure style=\"width:256px;height:256px;\" class=\"is-style-rounded wp-block-wordcamp-avatar\"><img decoding=\"async\" src=\"https:\/\/secure.gravatar.com\/avatar\/17dabfcfab98a763b520d2a44a344ff4af2c285209c2d0ffe2ce3f10e3a78fa2?s=256&amp;d=mm&amp;r=g\" alt=\"Nemanja Cimbaljevi\u0107\" \/><\/figure>\n\n<h2 class=\"has-text-align-center wp-block-post-title has-large-font-size\">Nemanja Cimbaljevi\u0107<\/h2><\/div>\n\n<\/li><li class=\"wp-block-post post-6067 wcb_organizer type-wcb_organizer status-publish hentry\">\n\n<div class=\"wp-block-group is-vertical is-content-justification-center is-layout-flex wp-container-core-group-is-layout-6329a8f3 wp-block-group-is-layout-flex\"><figure style=\"width:256px;height:256px;\" class=\"is-style-rounded wp-block-wordcamp-avatar\"><img decoding=\"async\" src=\"https:\/\/secure.gravatar.com\/avatar\/ce55bd3b1d1a38c2bb0215864734fd637e3366566c272b10eb97ba1fe648bc15?s=256&amp;d=mm&amp;r=g\" alt=\"Nikola \u0160tuli\u0107\" \/><\/figure>\n\n<h2 class=\"has-text-align-center wp-block-post-title has-large-font-size\">Nikola \u0160tuli\u0107<\/h2><\/div>\n\n<\/li><li class=\"wp-block-post post-6069 wcb_organizer type-wcb_organizer status-publish hentry\">\n\n<div class=\"wp-block-group is-vertical is-content-justification-center is-layout-flex wp-container-core-group-is-layout-6329a8f3 wp-block-group-is-layout-flex\"><figure style=\"width:256px;height:256px;\" class=\"is-style-rounded wp-block-wordcamp-avatar\"><img decoding=\"async\" src=\"https:\/\/secure.gravatar.com\/avatar\/70eb2895d65d98cbcacbe02991b23a3b19504a2f7769f9a44634df149b72848e?s=256&amp;d=mm&amp;r=g\" alt=\"Rade Eri\u0107\" \/><\/figure>\n\n<h2 class=\"has-text-align-center wp-block-post-title has-large-font-size\">Rade Eri\u0107<\/h2><\/div>\n\n<\/li><li class=\"wp-block-post post-6071 wcb_organizer type-wcb_organizer status-publish hentry\">\n\n<div class=\"wp-block-group is-vertical is-content-justification-center is-layout-flex wp-container-core-group-is-layout-6329a8f3 wp-block-group-is-layout-flex\"><figure style=\"width:256px;height:256px;\" class=\"is-style-rounded wp-block-wordcamp-avatar\"><img decoding=\"async\" src=\"https:\/\/secure.gravatar.com\/avatar\/53690896f535ab7e05b18e3e94d1433302c7227170fd92b8022554adb44fc504?s=256&amp;d=mm&amp;r=g\" alt=\"Uro\u0161 Tasi\u0107\" \/><\/figure>\n\n<h2 class=\"has-text-align-center wp-block-post-title has-large-font-size\">Uro\u0161 Tasi\u0107<\/h2><\/div>\n\n<\/li><li class=\"wp-block-post post-6250 wcb_organizer type-wcb_organizer status-publish hentry\">\n\n<div class=\"wp-block-group is-vertical is-content-justification-center is-layout-flex wp-container-core-group-is-layout-6329a8f3 wp-block-group-is-layout-flex\"><figure style=\"width:256px;height:256px;\" class=\"is-style-rounded wp-block-wordcamp-avatar\"><img decoding=\"async\" src=\"https:\/\/secure.gravatar.com\/avatar\/96239bfbe0b7c37245f5dcf087724a42c9ab698341591e2f246d1b59829a13e9?s=256&amp;d=mm&amp;r=g\" alt=\"Velimir Radlov\u010dki\" \/><\/figure>\n\n<h2 class=\"has-text-align-center wp-block-post-title has-large-font-size\">Velimir Radlov\u010dki<\/h2><\/div>\n\n<\/li><li class=\"wp-block-post post-6075 wcb_organizer type-wcb_organizer status-publish hentry\">\n\n<div class=\"wp-block-group is-vertical is-content-justification-center is-layout-flex wp-container-core-group-is-layout-6329a8f3 wp-block-group-is-layout-flex\"><figure style=\"width:256px;height:256px;\" class=\"is-style-rounded wp-block-wordcamp-avatar\"><img decoding=\"async\" src=\"https:\/\/secure.gravatar.com\/avatar\/7f7c607a18da15075619581e74176f4554a878cc214bc5c30b3a892ca9cd21a2?s=256&amp;d=mm&amp;r=g\" alt=\"\u017deljko Milo\u0161evi\u0107\" \/><\/figure>\n\n<h2 class=\"has-text-align-center wp-block-post-title has-large-font-size\">\u017deljko Milo\u0161evi\u0107<\/h2><\/div>\n\n<\/li><li class=\"wp-block-post post-6077 wcb_organizer type-wcb_organizer status-publish hentry\">\n\n<div class=\"wp-block-group is-vertical is-content-justification-center is-layout-flex wp-container-core-group-is-layout-6329a8f3 wp-block-group-is-layout-flex\"><figure style=\"width:256px;height:256px;\" class=\"is-style-rounded wp-block-wordcamp-avatar\"><img decoding=\"async\" src=\"https:\/\/secure.gravatar.com\/avatar\/d3f5aa0a80fc2bcc419ddcb12b6e5fc8abc9bf2125600a39f866287c08603461?s=256&amp;d=mm&amp;r=g\" alt=\"\u017diva Milo\u0161evi\u0107\" \/><\/figure>\n\n<h2 class=\"has-text-align-center wp-block-post-title has-large-font-size\">\u017diva Milo\u0161evi\u0107<\/h2><\/div>\n\n<\/li><\/ul><\/div>\n","protected":false},"excerpt":{"rendered":"","protected":false},"author":13982697,"featured_media":0,"parent":0,"menu_order":0,"comment_status":"closed","ping_status":"closed","template":"","meta":{"advanced_seo_description":"","jetpack_seo_html_title":"","jetpack_seo_noindex":false,"jetpack_post_was_ever_published":false,"footnotes":""},"class_list":["post-12","page","type-page","status-publish","hentry"],"jetpack_sharing_enabled":true,"_links":{"self":[{"href":"https:\/\/vrsac.wordcamp.org\/2025\/wp-json\/wp\/v2\/pages\/12","targetHints":{"allow":["GET"]}}],"collection":[{"href":"https:\/\/vrsac.wordcamp.org\/2025\/wp-json\/wp\/v2\/pages"}],"about":[{"href":"https:\/\/vrsac.wordcamp.org\/2025\/wp-json\/wp\/v2\/types\/page"}],"author":[{"embeddable":true,"href":"https:\/\/vrsac.wordcamp.org\/2025\/wp-json\/wp\/v2\/users\/13982697"}],"replies":[{"embeddable":true,"href":"https:\/\/vrsac.wordcamp.org\/2025\/wp-json\/wp\/v2\/comments?post=12"}],"version-history":[{"count":20,"href":"https:\/\/vrsac.wordcamp.org\/2025\/wp-json\/wp\/v2\/pages\/12\/revisions"}],"predecessor-version":[{"id":6476,"href":"https:\/\/vrsac.wordcamp.org\/2025\/wp-json\/wp\/v2\/pages\/12\/revisions\/6476"}],"wp:attachment":[{"href":"https:\/\/vrsac.wordcamp.org\/2025\/wp-json\/wp\/v2\/media?parent=12"}],"curies":[{"name":"wp","href":"https:\/\/api.w.org\/{rel}","templated":true}]}}