{"id":11,"date":"2025-03-06T21:43:14","date_gmt":"2025-03-06T20:43:14","guid":{"rendered":"https:\/\/vrsac.wordcamp.org\/2025\/location\/"},"modified":"2025-09-04T18:20:38","modified_gmt":"2025-09-04T16:20:38","slug":"lokacija","status":"publish","type":"page","link":"https:\/\/vrsac.wordcamp.org\/2025\/lokacija\/","title":{"rendered":"Lokacija"},"content":{"rendered":"\n<h3 class=\"wp-block-heading\" style=\"margin-top:0;margin-right:0;margin-bottom:var(--wp--preset--spacing--20)\">WordCamp Vr\u0161ac 2025<\/h3>\n\n\n\n<h4 class=\"wp-block-heading\"><strong>Mesto odr\u017eavanja konferencije<\/strong><\/h4>\n\n\n\n<p><a href=\"http:\/\/www.villabreg.com\/\" target=\"_blank\" rel=\"noreferrer noopener\" aria-label=\"Hotel Villa Breg (opens in a new tab)\">Hotel Villa Breg<\/a>\nGoranska bb, 26300 Vr\u0161ac<\/p>\n\n\n\n<p>Prvi konferencijski dan WordCampa Vr\u0161ac odr\u017eava se u subotu, 13. septembra 2025. godine u hotelu <a aria-label=\" (opens in a new tab)\" href=\"http:\/\/www.villabreg.com\/\" target=\"_blank\" rel=\"noreferrer noopener\">Villa Breg<\/a>. Sme\u0161ten na padini Vr\u0161a\u010dkog brega okupanoj suncem, hotel je svojevrsni vidikovac koji nadvisuje \u017eivopisne vr\u0161a\u010dke ulice i vojvo\u0111ansku ravnicu. Uz ovakav pogled i networking u pauzama bi\u0107e prijatniji, a u\u017eivanje u ru\u010dku ve\u0107e.<\/p>\n\n\n\n<p>Osim svim vidovima hedonizma, hotel je prilago\u0111en konferencijskom turizmu. Udaljen je 5 minuta vo\u017enje od centra grada, ili pola sata lagane \u0161etnje uzbrdo. Parking hotela je srednje veli\u010dine.<\/p>\n\n\n\n<figure class=\"wp-block-gallery has-nested-images columns-default is-cropped wp-block-gallery-1 is-layout-flex wp-block-gallery-is-layout-flex\">\n<figure class=\"wp-block-image size-large\"><img loading=\"lazy\" decoding=\"async\" width=\"640\" height=\"427\" data-id=\"1766\" src=\"https:\/\/vrsac.wordcamp.org\/2025\/files\/2020\/02\/wordcamp-vrsac-venue-villa-breg-01.jpg\" alt=\"\" class=\"wp-image-1766\" srcset=\"https:\/\/vrsac.wordcamp.org\/2025\/files\/2020\/02\/wordcamp-vrsac-venue-villa-breg-01.jpg 640w, https:\/\/vrsac.wordcamp.org\/2025\/files\/2020\/02\/wordcamp-vrsac-venue-villa-breg-01-300x200.jpg 300w, https:\/\/vrsac.wordcamp.org\/2025\/files\/2020\/02\/wordcamp-vrsac-venue-villa-breg-01-450x300.jpg 450w\" sizes=\"auto, (max-width: 640px) 100vw, 640px\" \/><\/figure>\n\n\n\n<figure class=\"wp-block-image size-large\"><img loading=\"lazy\" decoding=\"async\" width=\"640\" height=\"427\" data-id=\"1768\" src=\"https:\/\/vrsac.wordcamp.org\/2025\/files\/2020\/02\/wordcamp-vrsac-venue-villa-breg-03.jpg\" alt=\"\" class=\"wp-image-1768\" srcset=\"https:\/\/vrsac.wordcamp.org\/2025\/files\/2020\/02\/wordcamp-vrsac-venue-villa-breg-03.jpg 640w, https:\/\/vrsac.wordcamp.org\/2025\/files\/2020\/02\/wordcamp-vrsac-venue-villa-breg-03-300x200.jpg 300w, https:\/\/vrsac.wordcamp.org\/2025\/files\/2020\/02\/wordcamp-vrsac-venue-villa-breg-03-450x300.jpg 450w\" sizes=\"auto, (max-width: 640px) 100vw, 640px\" \/><\/figure>\n\n\n\n<figure class=\"wp-block-image size-large\"><img loading=\"lazy\" decoding=\"async\" width=\"640\" height=\"427\" data-id=\"1767\" src=\"https:\/\/vrsac.wordcamp.org\/2025\/files\/2020\/02\/wordcamp-vrsac-venue-villa-breg-02.jpg\" alt=\"\" class=\"wp-image-1767\" srcset=\"https:\/\/vrsac.wordcamp.org\/2025\/files\/2020\/02\/wordcamp-vrsac-venue-villa-breg-02.jpg 640w, https:\/\/vrsac.wordcamp.org\/2025\/files\/2020\/02\/wordcamp-vrsac-venue-villa-breg-02-300x200.jpg 300w, https:\/\/vrsac.wordcamp.org\/2025\/files\/2020\/02\/wordcamp-vrsac-venue-villa-breg-02-450x300.jpg 450w\" sizes=\"auto, (max-width: 640px) 100vw, 640px\" \/><\/figure>\n\n\n\n<figure class=\"wp-block-image size-large\"><img loading=\"lazy\" decoding=\"async\" width=\"640\" height=\"427\" data-id=\"1763\" src=\"https:\/\/vrsac.wordcamp.org\/2025\/files\/2020\/02\/wordcamp-vrsac-venue-villa-breg-04.jpg\" alt=\"\" class=\"wp-image-1763\" srcset=\"https:\/\/vrsac.wordcamp.org\/2025\/files\/2020\/02\/wordcamp-vrsac-venue-villa-breg-04.jpg 640w, https:\/\/vrsac.wordcamp.org\/2025\/files\/2020\/02\/wordcamp-vrsac-venue-villa-breg-04-300x200.jpg 300w, https:\/\/vrsac.wordcamp.org\/2025\/files\/2020\/02\/wordcamp-vrsac-venue-villa-breg-04-450x300.jpg 450w\" sizes=\"auto, (max-width: 640px) 100vw, 640px\" \/><\/figure>\n\n\n\n<figure class=\"wp-block-image size-large\"><img loading=\"lazy\" decoding=\"async\" width=\"640\" height=\"427\" data-id=\"1764\" src=\"https:\/\/vrsac.wordcamp.org\/2025\/files\/2020\/02\/wordcamp-vrsac-venue-villa-breg-05.jpg\" alt=\"\" class=\"wp-image-1764\" srcset=\"https:\/\/vrsac.wordcamp.org\/2025\/files\/2020\/02\/wordcamp-vrsac-venue-villa-breg-05.jpg 640w, https:\/\/vrsac.wordcamp.org\/2025\/files\/2020\/02\/wordcamp-vrsac-venue-villa-breg-05-300x200.jpg 300w, https:\/\/vrsac.wordcamp.org\/2025\/files\/2020\/02\/wordcamp-vrsac-venue-villa-breg-05-450x300.jpg 450w\" sizes=\"auto, (max-width: 640px) 100vw, 640px\" \/><\/figure>\n\n\n\n<figure class=\"wp-block-image size-large\"><img loading=\"lazy\" decoding=\"async\" width=\"640\" height=\"427\" data-id=\"1765\" src=\"https:\/\/vrsac.wordcamp.org\/2025\/files\/2020\/02\/wordcamp-vrsac-venue-villa-breg-06.jpg\" alt=\"\" class=\"wp-image-1765\" srcset=\"https:\/\/vrsac.wordcamp.org\/2025\/files\/2020\/02\/wordcamp-vrsac-venue-villa-breg-06.jpg 640w, https:\/\/vrsac.wordcamp.org\/2025\/files\/2020\/02\/wordcamp-vrsac-venue-villa-breg-06-300x200.jpg 300w, https:\/\/vrsac.wordcamp.org\/2025\/files\/2020\/02\/wordcamp-vrsac-venue-villa-breg-06-450x300.jpg 450w\" sizes=\"auto, (max-width: 640px) 100vw, 640px\" \/><\/figure>\n<\/figure>\n\n\n<div class=\"googlemaps\">\n\t\t\t\t<iframe loading=\"lazy\" width=\"100\" height=\"450\" frameborder=\"0\" scrolling=\"no\" marginheight=\"0\" marginwidth=\"0\"  src=\"https:\/\/www.google.com\/maps\/embed?pb=!1m18!1m12!1m3!1d1674.0656330130764!2d21.316067505309505!3d45.11758950416352!2m3!1f0!2f0!3f0!3m2!1i1024!2i768!4f13.1!3m3!1m2!1s0x0000000000000000:0x1373c5ee7f6225e6!2sHotel%20Villa%20Breg!5e0!3m2!1sen!2srs!4v1458892468258\"><\/iframe>\n\t\t\t<\/div>\n\n\n\n<hr class=\"wp-block-separator has-css-opacity border-bot123\" \/>\n\n\n\n<h3 class=\"wp-block-heading\" style=\"margin-top:var(--wp--preset--spacing--40);margin-right:0;margin-bottom:var(--wp--preset--spacing--20)\">WordCamp Vr\u0161ac za decu<\/h3>\n\n\n\n<h4 class=\"wp-block-heading\"><strong>Mesto odr\u017eavanja konferencije<\/strong><\/h4>\n\n\n\n<p><a href=\"https:\/\/www.teslavs.edu.rs\/index.php\" target=\"_blank\" rel=\"noreferrer noopener\" aria-label=\"\u0160kolski centar \u201eNikola Tesla&quot; (opens in a new tab)\">\u0160kolski centar \u201eNikola Tesla&#8221;<\/a>\nSterijina 40, Vr\u0161ac<\/p>\n\n\n\n<p>Drugi dan WordCampa Vr\u0161ac &#8211; Contributor day radionice odr\u017eava se u nedelju, 14. septembra 2025. godine u <a aria-label=\" (opens in a new tab)\" href=\"https:\/\/www.teslavs.edu.rs\/index.php\" target=\"_blank\" rel=\"noreferrer noopener\">\u0160kolskom centru \u201eNikola Tesla&#8221;<\/a>. U zgradi sazidanoj po\u010detkom XIX veka krije se centar informati\u010dkog znanja i tehnologije XXI veka. Kompletno opremljeni ra\u010dunarski kabineti ugosti\u0107e sve koji budu \u017eeleli da daju svoj doprinos WordPressu, kao i \u0161kolici programiranja za najmla\u0111e.<\/p>\n\n\n\n<figure class=\"wp-block-gallery has-nested-images columns-default is-cropped wp-block-gallery-2 is-layout-flex wp-block-gallery-is-layout-flex\">\n<figure class=\"wp-block-image size-large\"><img loading=\"lazy\" decoding=\"async\" width=\"640\" height=\"427\" data-id=\"3441\" src=\"https:\/\/vrsac.wordcamp.org\/2025\/files\/2020\/02\/wordcamp-vrsac-venue-tesla-01.jpg\" alt=\"\" class=\"wp-image-3441\" srcset=\"https:\/\/vrsac.wordcamp.org\/2025\/files\/2020\/02\/wordcamp-vrsac-venue-tesla-01.jpg 640w, https:\/\/vrsac.wordcamp.org\/2025\/files\/2020\/02\/wordcamp-vrsac-venue-tesla-01-300x200.jpg 300w, https:\/\/vrsac.wordcamp.org\/2025\/files\/2020\/02\/wordcamp-vrsac-venue-tesla-01-450x300.jpg 450w\" sizes=\"auto, (max-width: 640px) 100vw, 640px\" \/><\/figure>\n\n\n\n<figure class=\"wp-block-image size-large\"><img loading=\"lazy\" decoding=\"async\" width=\"640\" height=\"427\" data-id=\"3444\" src=\"https:\/\/vrsac.wordcamp.org\/2025\/files\/2020\/02\/wordcamp-vrsac-venue-tesla-02.jpg\" alt=\"\" class=\"wp-image-3444\" srcset=\"https:\/\/vrsac.wordcamp.org\/2025\/files\/2020\/02\/wordcamp-vrsac-venue-tesla-02.jpg 640w, https:\/\/vrsac.wordcamp.org\/2025\/files\/2020\/02\/wordcamp-vrsac-venue-tesla-02-300x200.jpg 300w, https:\/\/vrsac.wordcamp.org\/2025\/files\/2020\/02\/wordcamp-vrsac-venue-tesla-02-450x300.jpg 450w\" sizes=\"auto, (max-width: 640px) 100vw, 640px\" \/><\/figure>\n\n\n\n<figure class=\"wp-block-image size-large\"><img loading=\"lazy\" decoding=\"async\" width=\"640\" height=\"427\" data-id=\"3446\" src=\"https:\/\/vrsac.wordcamp.org\/2025\/files\/2020\/02\/wordcamp-vrsac-venue-tesla-03.jpg\" alt=\"\" class=\"wp-image-3446\" srcset=\"https:\/\/vrsac.wordcamp.org\/2025\/files\/2020\/02\/wordcamp-vrsac-venue-tesla-03.jpg 640w, https:\/\/vrsac.wordcamp.org\/2025\/files\/2020\/02\/wordcamp-vrsac-venue-tesla-03-300x200.jpg 300w, https:\/\/vrsac.wordcamp.org\/2025\/files\/2020\/02\/wordcamp-vrsac-venue-tesla-03-450x300.jpg 450w\" sizes=\"auto, (max-width: 640px) 100vw, 640px\" \/><\/figure>\n\n\n\n<figure class=\"wp-block-image size-large\"><img loading=\"lazy\" decoding=\"async\" width=\"640\" height=\"427\" data-id=\"3443\" src=\"https:\/\/vrsac.wordcamp.org\/2025\/files\/2020\/02\/wordcamp-vrsac-venue-tesla-04.jpg\" alt=\"\" class=\"wp-image-3443\" srcset=\"https:\/\/vrsac.wordcamp.org\/2025\/files\/2020\/02\/wordcamp-vrsac-venue-tesla-04.jpg 640w, https:\/\/vrsac.wordcamp.org\/2025\/files\/2020\/02\/wordcamp-vrsac-venue-tesla-04-300x200.jpg 300w, https:\/\/vrsac.wordcamp.org\/2025\/files\/2020\/02\/wordcamp-vrsac-venue-tesla-04-450x300.jpg 450w\" sizes=\"auto, (max-width: 640px) 100vw, 640px\" \/><\/figure>\n\n\n\n<figure class=\"wp-block-image size-large\"><img loading=\"lazy\" decoding=\"async\" width=\"640\" height=\"427\" data-id=\"3445\" src=\"https:\/\/vrsac.wordcamp.org\/2025\/files\/2020\/02\/wordcamp-vrsac-venue-tesla-05.jpg\" alt=\"\" class=\"wp-image-3445\" srcset=\"https:\/\/vrsac.wordcamp.org\/2025\/files\/2020\/02\/wordcamp-vrsac-venue-tesla-05.jpg 640w, https:\/\/vrsac.wordcamp.org\/2025\/files\/2020\/02\/wordcamp-vrsac-venue-tesla-05-300x200.jpg 300w, https:\/\/vrsac.wordcamp.org\/2025\/files\/2020\/02\/wordcamp-vrsac-venue-tesla-05-450x300.jpg 450w\" sizes=\"auto, (max-width: 640px) 100vw, 640px\" \/><\/figure>\n\n\n\n<figure class=\"wp-block-image size-large\"><img loading=\"lazy\" decoding=\"async\" width=\"640\" height=\"427\" data-id=\"3442\" src=\"https:\/\/vrsac.wordcamp.org\/2025\/files\/2020\/02\/wordcamp-vrsac-venue-tesla-06.jpg\" alt=\"\" class=\"wp-image-3442\" srcset=\"https:\/\/vrsac.wordcamp.org\/2025\/files\/2020\/02\/wordcamp-vrsac-venue-tesla-06.jpg 640w, https:\/\/vrsac.wordcamp.org\/2025\/files\/2020\/02\/wordcamp-vrsac-venue-tesla-06-300x200.jpg 300w, https:\/\/vrsac.wordcamp.org\/2025\/files\/2020\/02\/wordcamp-vrsac-venue-tesla-06-450x300.jpg 450w\" sizes=\"auto, (max-width: 640px) 100vw, 640px\" \/><\/figure>\n<\/figure>\n\n\n\n<div class=\"googlemaps\">\n\t\t\t\t<iframe loading=\"lazy\" width=\"100\" height=\"450\" frameborder=\"0\" scrolling=\"no\" marginheight=\"0\" marginwidth=\"0\"  src=\"https:\/\/www.google.com\/maps\/embed?pb=!1m14!1m8!1m3!1d2815.4120465690107!2d21.29866963396878!3d45.117985379757506!3m2!1i1024!2i768!4f13.1!3m3!1m2!1s0x0:0xe30fabf1bbbbb8a1!2z0KjQutC-0LvRgdC60Lgg0YbQtdC90YLQsNGAIOKAntCd0LjQutC-0LvQsCDQotC10YHQu9CwIg!5e0!3m2!1ssr!2srs!4v1579033221199!5m2!1ssr!2srs\"><\/iframe>\n\t\t\t<\/div>\n","protected":false},"excerpt":{"rendered":"<p>WordCamp Vr\u0161ac 2025 Mesto odr\u017eavanja konferencije Hotel Villa Breg Goranska bb, 26300 Vr\u0161ac Prvi konferencijski dan WordCampa Vr\u0161ac odr\u017eava se u subotu, 13. septembra 2025. godine u hotelu Villa Breg. Sme\u0161ten na padini Vr\u0161a\u010dkog brega okupanoj suncem, hotel je svojevrsni vidikovac koji nadvisuje \u017eivopisne vr\u0161a\u010dke ulice i vojvo\u0111ansku ravnicu. Uz ovakav pogled i networking u [&hellip;]<\/p>\n","protected":false},"author":13982697,"featured_media":0,"parent":0,"menu_order":0,"comment_status":"closed","ping_status":"closed","template":"","meta":{"advanced_seo_description":"","jetpack_seo_html_title":"","jetpack_seo_noindex":false,"jetpack_post_was_ever_published":false,"footnotes":""},"class_list":["post-11","page","type-page","status-publish","hentry"],"jetpack_sharing_enabled":true,"_links":{"self":[{"href":"https:\/\/vrsac.wordcamp.org\/2025\/wp-json\/wp\/v2\/pages\/11","targetHints":{"allow":["GET"]}}],"collection":[{"href":"https:\/\/vrsac.wordcamp.org\/2025\/wp-json\/wp\/v2\/pages"}],"about":[{"href":"https:\/\/vrsac.wordcamp.org\/2025\/wp-json\/wp\/v2\/types\/page"}],"author":[{"embeddable":true,"href":"https:\/\/vrsac.wordcamp.org\/2025\/wp-json\/wp\/v2\/users\/13982697"}],"replies":[{"embeddable":true,"href":"https:\/\/vrsac.wordcamp.org\/2025\/wp-json\/wp\/v2\/comments?post=11"}],"version-history":[{"count":15,"href":"https:\/\/vrsac.wordcamp.org\/2025\/wp-json\/wp\/v2\/pages\/11\/revisions"}],"predecessor-version":[{"id":6507,"href":"https:\/\/vrsac.wordcamp.org\/2025\/wp-json\/wp\/v2\/pages\/11\/revisions\/6507"}],"wp:attachment":[{"href":"https:\/\/vrsac.wordcamp.org\/2025\/wp-json\/wp\/v2\/media?parent=11"}],"curies":[{"name":"wp","href":"https:\/\/api.w.org\/{rel}","templated":true}]}}