{"id":976,"date":"2020-02-13T19:02:30","date_gmt":"2020-02-13T18:02:30","guid":{"rendered":"https:\/\/2020.vrsac.wordcamp.org\/?page_id=976"},"modified":"2020-03-03T18:45:33","modified_gmt":"2020-03-03T17:45:33","slug":"otkrijte-vrsac","status":"publish","type":"page","link":"https:\/\/vrsac.wordcamp.org\/2020\/pocetna\/otkrijte-vrsac\/","title":{"rendered":"Otkrijte Vr\u0161ac"},"content":{"rendered":"\n<h3 class=\"wp-block-heading\">Vr\u0161ac &#8211; lepa varo\u0161<\/h3>\n\n\n\n<p class=\"wp-block-paragraph\">Kako je mogu\u0107e da nisam ranije do\u0161ao? To je naj\u010de\u0161\u0107e pitanje svih koji prvi put do\u0111u u Vr\u0161ac. Verovatno ste \u010duli za Vr\u0161ac, zbog ko\u0161ave i vina. Ali tek kada ih zaista osetite, vide\u0107ete koliko su posebni.&nbsp;<\/p>\n\n\n\n<p class=\"wp-block-paragraph\">Vr\u0161ac je specifi\u010dan po mnogo \u010demu. Ravni\u010darski grad nad kojim se uzdi\u017ee breg, sa 19 mostova a bez reke. Grad iz koga ne\u0107ete iza\u0107i gladni, a jo\u0161 manje \u017eedni (jedan vikend u godini klju\u010deve grada dr\u017ei Vinko Lozi\u0107, avatar boga Bahusa).&nbsp;<\/p>\n\n\n\n<p class=\"wp-block-paragraph\">Kada budete do\u0161li na WordCamp Vr\u0161ac bogat program ostavi\u0107e vam malo vremena da u\u017eivate u svim \u010darima grada. Ipak, iskoristite ga maksimalno, ili ostanite jo\u0161 nekoliko dana i osetite kako Vr\u0161ac di\u0161e. Pro\u0161etajte se njegovim ulicama i u\u017eivajte u prelepim fasadama starih zgrada.<\/p>\n\n\n\n<p class=\"wp-block-paragraph\">Obi\u0111ite Sterijinu ku\u0107u, Sabornu crkvu i Vladi\u010danski dvor, najve\u0107u katedralu na ovim prostorima i apoteku na stepenicama. Muzejska postavka u najstarijoj zgradi Vr\u0161ca vas ne\u0107e ostaviti ravnodu\u0161nima.<\/p>\n\n\n\n<p class=\"wp-block-paragraph\">Potrudite se da stignete do Brega. Pogledajte grad sa vidikovca kod Crkvice i posetite crkvu Svetog Teodora vr\u0161a\u010dkog, pa se polako, Stazom zdravlja kroz \u0161umu uputite ka Kuli. Simbol grada vrati\u0107e vas u vreme ratova Turske i Austrougarske, a mo\u017eda \u0107ete i u\u017eivati u akrobacijama paraglajdera. Po povratku u grad sedite u neku od ba\u0161ta na trgu i udahnite ritam grada. I obavezno se zasladite: probajte jedinstvene i\u0161lere i banatski sladoled sa makom.<\/p>\n\n\n\n<h3 class=\"wp-block-heading\">Al se nekad dobro jelo, ba\u0161&#8230;<\/h3>\n\n\n\n<p class=\"wp-block-paragraph\">Vr\u0161a\u010dka kulinarska tradicija jo\u0161 od 18. veka predstavlja jedinstveni spoj nacija koje su \u017eivele ovde. Srpska, ma\u0111arska i nema\u010dka kuhinja zajedno na trpezi garantuju nezaboravna gastronomska iskustva. \u0106uretina na podvarku sa sosom od vi\u0161anja nezaobilazna je na sve\u010darskoj trpezi, a tu su i \u0107u\u0161pajz od duleka sa be\u010dkim \u0161niclama, vinogradarski gula\u0161\u2026 A za dezert \u0161trudla, gomboce i nezaobilazni rezanci s makom.<\/p>\n\n\n\n<p class=\"wp-block-paragraph\">Na\u0161a preporuka je da posetite neki od mnogih restorana i prepustite se kuvarima i njihovom ume\u0107u.<\/p>\n\n\n\n<h3 class=\"wp-block-heading\">A i pilo\u2026<\/h3>\n\n\n\n<p class=\"wp-block-paragraph\">Retko ko nije \u010duo za vr\u0161a\u010dka vina. Vekovima su na ceni u celoj Evropi i bila su slu\u017eena na mnogim dvorovima. Ipak, vina malih, porodi\u010dnih vinarija dostupna su samo retkim sre\u0107nicima. Vi ste me\u0111u njima. Svi u\u010desnici WordCampa Vr\u0161ac bi\u0107e upu\u0107eni u ova tajna u\u017eivanja na \u017eurci u subotu uve\u010de.&nbsp;<\/p>\n\n\n\n<p class=\"wp-block-paragraph\">Vr\u0161ac tako\u0111e ima i svoj brend kraft piva. Preporu\u010dujemo da probate sva Krugher i Brent piva i prona\u0111ete svoje omiljeno. Izbor izme\u0111u lager, crvenog, tamnog i p\u0161eni\u010dnog ne\u0107e biti nimalo lak, ali je zadovoljstvo izvesno.<\/p>\n\n\n\n<p class=\"hide wp-block-paragraph\">Odli\u010dan izbor vina o\u010dekuje vas u&nbsp;<\/p>\n\n\n\n<p class=\"hide wp-block-paragraph\">Piva mo\u017eete degustirati<\/p>\n\n\n\n<p class=\"hide wp-block-paragraph\">Kafa je najbolja u&nbsp;<\/p>\n\n\n\n<h3 class=\"wp-block-heading\">Dok vas drugi voze<\/h3>\n\n\n\n<p class=\"wp-block-paragraph\">Kada vam Vr\u0161\u010dani ka\u017eu da je ne\u0161to daleko, to zna\u010di da morate da pe\u0161a\u010dite skoro 15 minuta! S druge strane, taksi je u Vr\u0161cu izuzetno povoljan. Ve\u0107ina udru\u017eenja bilo koju vo\u017enju u gradu napla\u0107uje 150 dinara (oko 1,3 \u20ac). Zato, slobodno zaboravite na svoj automobil dok ste na konferenciji.&nbsp;<\/p>\n\n\n\n<p class=\"hide wp-block-paragraph\">Evo na\u0161e preporuke za vo\u017enju taksijem<\/p>\n\n\n\n<h3 class=\"wp-block-heading\">Ipak ste se izgubili?<\/h3>\n\n\n\n<p class=\"wp-block-paragraph\">Za sva pitanja i savete slobodno se obratite organizacionom timu. Rado \u0107emo vas uputiti na pravu stranu. Prepozna\u0107ete nas po majicama, sjaju u o\u010dima i podo\u010dnjacima od nespavanja. Tu smo za vas!<\/p>\n","protected":false},"excerpt":{"rendered":"<p>Vr\u0161ac &#8211; lepa varo\u0161 Kako je mogu\u0107e da nisam ranije do\u0161ao? To je naj\u010de\u0161\u0107e pitanje svih koji prvi put do\u0111u u Vr\u0161ac. Verovatno ste \u010duli za Vr\u0161ac, zbog ko\u0161ave i vina. Ali tek kada ih zaista osetite, vide\u0107ete koliko su posebni.&nbsp; Vr\u0161ac je specifi\u010dan po mnogo \u010demu. Ravni\u010darski grad nad kojim se uzdi\u017ee breg, sa &hellip; <a href=\"https:\/\/vrsac.wordcamp.org\/2020\/pocetna\/otkrijte-vrsac\/\" class=\"more-link\">Continue reading<span class=\"screen-reader-text\"> &#8220;Otkrijte Vr\u0161ac&#8221;<\/span><\/a><\/p>\n","protected":false},"author":12870137,"featured_media":0,"parent":206,"menu_order":0,"comment_status":"closed","ping_status":"closed","template":"","meta":{"_crdt_document":"","jetpack_post_was_ever_published":false,"footnotes":""},"class_list":["post-976","page","type-page","status-publish","hentry"],"jetpack_sharing_enabled":true,"_links":{"self":[{"href":"https:\/\/vrsac.wordcamp.org\/2020\/wp-json\/wp\/v2\/pages\/976","targetHints":{"allow":["GET"]}}],"collection":[{"href":"https:\/\/vrsac.wordcamp.org\/2020\/wp-json\/wp\/v2\/pages"}],"about":[{"href":"https:\/\/vrsac.wordcamp.org\/2020\/wp-json\/wp\/v2\/types\/page"}],"author":[{"embeddable":true,"href":"https:\/\/vrsac.wordcamp.org\/2020\/wp-json\/wp\/v2\/users\/12870137"}],"replies":[{"embeddable":true,"href":"https:\/\/vrsac.wordcamp.org\/2020\/wp-json\/wp\/v2\/comments?post=976"}],"version-history":[{"count":6,"href":"https:\/\/vrsac.wordcamp.org\/2020\/wp-json\/wp\/v2\/pages\/976\/revisions"}],"predecessor-version":[{"id":4157,"href":"https:\/\/vrsac.wordcamp.org\/2020\/wp-json\/wp\/v2\/pages\/976\/revisions\/4157"}],"up":[{"embeddable":true,"href":"https:\/\/vrsac.wordcamp.org\/2020\/wp-json\/wp\/v2\/pages\/206"}],"wp:attachment":[{"href":"https:\/\/vrsac.wordcamp.org\/2020\/wp-json\/wp\/v2\/media?parent=976"}],"curies":[{"name":"wp","href":"https:\/\/api.w.org\/{rel}","templated":true}]}}