{"id":974,"date":"2020-02-13T18:56:02","date_gmt":"2020-02-13T17:56:02","guid":{"rendered":"https:\/\/2020.vrsac.wordcamp.org\/?page_id=974"},"modified":"2020-03-05T10:44:04","modified_gmt":"2020-03-05T09:44:04","slug":"o-kampu","status":"publish","type":"page","link":"https:\/\/vrsac.wordcamp.org\/2020\/pocetna\/o-kampu\/","title":{"rendered":"O kampu"},"content":{"rendered":"\n<h3 class=\"wp-block-heading\">Dobrodo\u0161li u Vr\u0161ac!<\/h3>\n\n\n\n<p class=\"wp-block-paragraph\">Kada na pauzi budete iza\u0161li na terasu hotela Villa Breg bi\u0107e vam jasno za\u0161to smo odabrali maj za prvi WordCamp Vr\u0161ac. Grad i ravnica pod va\u0161im nogama, povetarac sa mirisom jorgovana na va\u0161em licu i, ako ste hedonista, \u010da\u0161a vrhunskog vina u va\u0161oj ruci\u2026<\/p>\n\n\n\n<p class=\"wp-block-paragraph\">WordCamp Vr\u0161ac nije samo regionalna konferencija za WordPress korisnike. Kamp predstavlja sinergiju organizatora, volontera, predava\u010da, sponzora i gostiju iz cele Srbije i inostranstva. On je idealan za sve IT entuzijaste, developere, blogere, dizajnere, pisce ili preduzetnike. Od po\u010detnika do iskusnih profesionalaca, u\u010desnici slu\u0161aju aktuelna predavanja, razmenjuju ideje i dru\u017ee se. Osim vrhunskog kvaliteta predavanja, networking \u0107e biti u fokusu kampa. Znanje i kontakti koje ponesete sa konferencije mogli bi da promene tok va\u0161e karijere.<\/p>\n\n\n\n<p class=\"wp-block-paragraph\">Glavni doga\u0111aj odr\u017eava se u subotu, 9. maja u hotelu <a href=\"http:\/\/www.villabreg.com\/\" target=\"_blank\" rel=\"noreferrer noopener\">Villa Breg<\/a>. Pred vama je <a href=\"#\">\u010ditav dan predavanja i radionica<\/a> i dru\u017eenja sa doma\u0107im i internacionalnim predava\u010dima, na srpskom i engleskom jeziku.<\/p>\n\n\n\n<p class=\"wp-block-paragraph\">U nedelju, 10. maja, dan nakon konferencije i lude \u017eurke, organizujemo <a href=\"https:\/\/2020.vrsac.wordcamp.org\/contributor-day-korist-za-svakoga\/\">Contributor Day<\/a> u <a href=\"https:\/\/teslavs.edu.rs\/\" target=\"_blank\" rel=\"noreferrer noopener\">\u0160C Nikola Tesla<\/a>. Na ovom doga\u0111aju mo\u0107i \u0107ete da date svoj doprinos razvoju WordPressa, a organizujemo i radionicu programiranja za decu.<\/p>\n\n\n\n<p class=\"wp-block-paragraph\">Zainteresovani da prisustvujete? <strong><a rel=\"noreferrer noopener\" aria-label=\"Kupite svoju kartu (opens in a new tab)\" href=\"https:\/\/2020.vrsac.wordcamp.org\/pocetna\/ulaznice\/\" target=\"_blank\">Kupite svoju ulaznicu<\/a><\/strong> sada za samo 2500,00 dinara (22\u20ac)!<\/p>\n","protected":false},"excerpt":{"rendered":"<p>Dobrodo\u0161li u Vr\u0161ac! Kada na pauzi budete iza\u0161li na terasu hotela Villa Breg bi\u0107e vam jasno za\u0161to smo odabrali maj za prvi WordCamp Vr\u0161ac. Grad i ravnica pod va\u0161im nogama, povetarac sa mirisom jorgovana na va\u0161em licu i, ako ste hedonista, \u010da\u0161a vrhunskog vina u va\u0161oj ruci\u2026 WordCamp Vr\u0161ac nije samo regionalna konferencija za WordPress &hellip; <a href=\"https:\/\/vrsac.wordcamp.org\/2020\/pocetna\/o-kampu\/\" class=\"more-link\">Continue reading<span class=\"screen-reader-text\"> &#8220;O kampu&#8221;<\/span><\/a><\/p>\n","protected":false},"author":12870137,"featured_media":0,"parent":206,"menu_order":0,"comment_status":"closed","ping_status":"closed","template":"","meta":{"_crdt_document":"","jetpack_post_was_ever_published":false,"footnotes":""},"class_list":["post-974","page","type-page","status-publish","hentry"],"jetpack_sharing_enabled":true,"_links":{"self":[{"href":"https:\/\/vrsac.wordcamp.org\/2020\/wp-json\/wp\/v2\/pages\/974","targetHints":{"allow":["GET"]}}],"collection":[{"href":"https:\/\/vrsac.wordcamp.org\/2020\/wp-json\/wp\/v2\/pages"}],"about":[{"href":"https:\/\/vrsac.wordcamp.org\/2020\/wp-json\/wp\/v2\/types\/page"}],"author":[{"embeddable":true,"href":"https:\/\/vrsac.wordcamp.org\/2020\/wp-json\/wp\/v2\/users\/12870137"}],"replies":[{"embeddable":true,"href":"https:\/\/vrsac.wordcamp.org\/2020\/wp-json\/wp\/v2\/comments?post=974"}],"version-history":[{"count":8,"href":"https:\/\/vrsac.wordcamp.org\/2020\/wp-json\/wp\/v2\/pages\/974\/revisions"}],"predecessor-version":[{"id":4227,"href":"https:\/\/vrsac.wordcamp.org\/2020\/wp-json\/wp\/v2\/pages\/974\/revisions\/4227"}],"up":[{"embeddable":true,"href":"https:\/\/vrsac.wordcamp.org\/2020\/wp-json\/wp\/v2\/pages\/206"}],"wp:attachment":[{"href":"https:\/\/vrsac.wordcamp.org\/2020\/wp-json\/wp\/v2\/media?parent=974"}],"curies":[{"name":"wp","href":"https:\/\/api.w.org\/{rel}","templated":true}]}}