{"id":349,"date":"2020-01-17T16:03:45","date_gmt":"2020-01-17T15:03:45","guid":{"rendered":"https:\/\/2020.vrsac.wordcamp.org\/?page_id=349"},"modified":"2020-03-11T12:49:42","modified_gmt":"2020-03-11T11:49:42","slug":"media-kit","status":"publish","type":"page","link":"https:\/\/vrsac.wordcamp.org\/2020\/pocetna\/media-kit\/","title":{"rendered":"Media kit"},"content":{"rendered":"\n<p class=\"wp-block-paragraph\">Sve \u0161to vam je potrebno da izbrendirate svoje profile na dru\u0161tvenim mre\u017eama nalazi se pred vama. Pridru\u017eite nam se u promovisanju WordCampa Vr\u0161ac 2020.<\/p>\n\n\n\n<div class=\"clearfix\" style=\"padding: 2rem;0\"><\/div>\n\n\n\n<div class=\"wp-block-media-text alignwide is-stacked-on-mobile is-vertically-aligned-top mkit_img\" style=\"grid-template-columns:24% auto\"><figure class=\"wp-block-media-text__media\"><img loading=\"lazy\" decoding=\"async\" width=\"512\" height=\"512\" src=\"https:\/\/2020.vrsac.wordcamp.org\/files\/2020\/02\/wcvs2020-badge-red-ico.png\" alt=\"\" class=\"wp-image-987\" srcset=\"https:\/\/vrsac.wordcamp.org\/2020\/files\/2020\/02\/wcvs2020-badge-red-ico.png 512w, https:\/\/vrsac.wordcamp.org\/2020\/files\/2020\/02\/wcvs2020-badge-red-ico-300x300.png 300w, https:\/\/vrsac.wordcamp.org\/2020\/files\/2020\/02\/wcvs2020-badge-red-ico-150x150.png 150w\" sizes=\"auto, (max-width: 512px) 100vw, 512px\" \/><\/figure><div class=\"wp-block-media-text__content\">\n<h3 class=\"wp-block-heading\">Brend identitet<\/h3>\n\n\n\n<ul class=\"wp-block-list\"><li><a href=\"https:\/\/2020.vrsac.wordcamp.org\/files\/2020\/03\/wordcamp-vrsac-naziv.png\" target=\"_blank\" rel=\"noreferrer noopener\">Logotip<\/a> (PNG)<\/li><li><a href=\"https:\/\/2020.vrsac.wordcamp.org\/files\/2020\/03\/wordcamp-vrsac-wcvs2020-seal.png\" target=\"_blank\" rel=\"noreferrer noopener\">Pe\u010dat<\/a> (PNG)<\/li><li><a href=\"https:\/\/2020.vrsac.wordcamp.org\/files\/2020\/03\/wordcamp-vrsac-wcvs2020-seal-negative.png\" target=\"_blank\" rel=\"noreferrer noopener\">Pe\u010dat beli<\/a> (PNG)<\/li><li><a href=\"https:\/\/2020.vrsac.wordcamp.org\/files\/2020\/03\/wordcamp-vrsac-wcvs-seal-vector.pdf\" target=\"_blank\" rel=\"noreferrer noopener\">Pe\u010dat vektor<\/a> (PDF)<\/li><li><a href=\"https:\/\/2020.vrsac.wordcamp.org\/files\/2020\/03\/wordcamp-vrsac-featured-image.png\" target=\"_blank\" rel=\"noreferrer noopener\">WCV\u0160 fotografija<\/a> (PNG)<\/li><\/ul>\n<\/div><\/div>\n\n\n\n<div class=\"clearfix\" style=\"padding: 2rem;0\"><\/div>\n\n\n\n<div class=\"wp-block-media-text alignwide is-stacked-on-mobile is-vertically-aligned-top mkit_img\" style=\"grid-template-columns:24% auto\"><figure class=\"wp-block-media-text__media\"><img loading=\"lazy\" decoding=\"async\" width=\"835\" height=\"1000\" src=\"https:\/\/2020.vrsac.wordcamp.org\/files\/2020\/02\/wapuu-vrsac-oduvan.png\" alt=\"\" class=\"wp-image-1542\" srcset=\"https:\/\/vrsac.wordcamp.org\/2020\/files\/2020\/02\/wapuu-vrsac-oduvan.png 835w, https:\/\/vrsac.wordcamp.org\/2020\/files\/2020\/02\/wapuu-vrsac-oduvan-251x300.png 251w, https:\/\/vrsac.wordcamp.org\/2020\/files\/2020\/02\/wapuu-vrsac-oduvan-768x920.png 768w\" sizes=\"auto, (max-width: 835px) 100vw, 835px\" \/><\/figure><div class=\"wp-block-media-text__content\">\n<h3 class=\"wp-block-heading\">Wapuu<\/h3>\n\n\n\n<ul class=\"wp-block-list\"><li><a href=\"https:\/\/2020.vrsac.wordcamp.org\/files\/2020\/03\/wordcamp-vrsac-wapuu.png\" target=\"_blank\" rel=\"noreferrer noopener\">WCV\u0160 Vapuu<\/a> (PNG)<\/li><li><a href=\"https:\/\/2020.vrsac.wordcamp.org\/files\/2020\/03\/wordcamp-vrsac-wapuu-landscape.png\" target=\"_blank\" rel=\"noreferrer noopener\">WCV\u0160 Vapuu sa panoramom<\/a> (PNG)<\/li><\/ul>\n\n\n\n<p class=\"wp-block-paragraph\"><\/p>\n<\/div><\/div>\n\n\n\n<div class=\"clearfix\" style=\"padding: 2rem;0\"><\/div>\n\n\n\n<div class=\"wp-block-media-text alignwide is-stacked-on-mobile is-vertically-aligned-top mkit_img\" style=\"grid-template-columns:24% auto\"><figure class=\"wp-block-media-text__media\"><img loading=\"lazy\" decoding=\"async\" width=\"1024\" height=\"576\" src=\"https:\/\/2020.vrsac.wordcamp.org\/files\/2020\/03\/wordcamp-vrsac-wapuu-landscape-1024x576.png\" alt=\"\" class=\"wp-image-4298\" srcset=\"https:\/\/vrsac.wordcamp.org\/2020\/files\/2020\/03\/wordcamp-vrsac-wapuu-landscape-1024x576.png 1024w, https:\/\/vrsac.wordcamp.org\/2020\/files\/2020\/03\/wordcamp-vrsac-wapuu-landscape-300x169.png 300w, https:\/\/vrsac.wordcamp.org\/2020\/files\/2020\/03\/wordcamp-vrsac-wapuu-landscape-768x432.png 768w, https:\/\/vrsac.wordcamp.org\/2020\/files\/2020\/03\/wordcamp-vrsac-wapuu-landscape-500x281.png 500w, https:\/\/vrsac.wordcamp.org\/2020\/files\/2020\/03\/wordcamp-vrsac-wapuu-landscape-1536x864.png 1536w, https:\/\/vrsac.wordcamp.org\/2020\/files\/2020\/03\/wordcamp-vrsac-wapuu-landscape.png 1920w\" sizes=\"auto, (max-width: 1024px) 100vw, 1024px\" \/><\/figure><div class=\"wp-block-media-text__content\">\n<h3 class=\"wp-block-heading\">Wapuu<\/h3>\n\n\n\n<ul class=\"wp-block-list\"><li><a rel=\"noreferrer noopener\" href=\"https:\/\/2020.vrsac.wordcamp.org\/files\/2020\/03\/wordcamp-vrsac-banner-728x90-1.png\" target=\"_blank\">Baner 728&#215;90<\/a> (PNG)<\/li><\/ul>\n<\/div><\/div>\n\n\n\n<div class=\"clearfix\" style=\"padding: 2rem;0\"><\/div>\n\n\n\n<h3 class=\"wp-block-heading\">Cover Photos za dru\u0161tvene mre\u017ee<\/h3>\n\n\n\n<div class=\"wp-block-columns is-layout-flex wp-container-core-columns-is-layout-8f761849 wp-block-columns-is-layout-flex\">\n<div class=\"wp-block-column is-layout-flow wp-block-column-is-layout-flow\">\n<h4 class=\"wp-block-heading\"><strong>Predava\u010di<\/strong><\/h4>\n\n\n\n<ul class=\"wp-block-list\"><li><a rel=\"noreferrer noopener\" href=\"https:\/\/2020.vrsac.wordcamp.org\/files\/2020\/03\/wordcamp-vrsac-facebook-cover-predavaci.png\" target=\"_blank\">Facebook<\/a> (PNG)<\/li><li><a rel=\"noreferrer noopener\" href=\"https:\/\/2020.vrsac.wordcamp.org\/files\/2020\/03\/wordcamp-vrsac-twitter-cover-predavaci.png\" target=\"_blank\">Twitter<\/a> (PNG)<\/li><li><a rel=\"noreferrer noopener\" href=\"https:\/\/2020.vrsac.wordcamp.org\/files\/2020\/03\/wordcamp-vrsac-linkedin-cover-predavaci.png\" target=\"_blank\">LinkedIn<\/a> (PNG)<\/li><li><a rel=\"noreferrer noopener\" href=\"https:\/\/2020.vrsac.wordcamp.org\/files\/2020\/03\/wordcamp-vrsac-instagram-cover-predavaci.png\" target=\"_blank\">Instagram<\/a> (PNG)<\/li><\/ul>\n<\/div>\n\n\n\n<div class=\"wp-block-column is-layout-flow wp-block-column-is-layout-flow\">\n<h4 class=\"wp-block-heading\"><strong><strong>Sponzori<\/strong><\/strong><\/h4>\n\n\n\n<ul class=\"wp-block-list\"><li><a href=\"https:\/\/2020.vrsac.wordcamp.org\/files\/2020\/03\/wordcamp-vrsac-facebook-cover-sponzori.png\" target=\"_blank\" rel=\"noreferrer noopener\">Facebook<\/a> (PNG)<\/li><li><a href=\"https:\/\/2020.vrsac.wordcamp.org\/files\/2020\/03\/wordcamp-vrsac-twitter-cover-sponzori.png\" target=\"_blank\" rel=\"noreferrer noopener\">Twitter<\/a> (PNG)<\/li><li><a href=\"https:\/\/2020.vrsac.wordcamp.org\/files\/2020\/03\/wordcamp-vrsac-linkedin-cover-sponzori.png\" target=\"_blank\" rel=\"noreferrer noopener\">LinkedIn<\/a> (PNG)<\/li><li><a href=\"https:\/\/2020.vrsac.wordcamp.org\/files\/2020\/03\/wordcamp-vrsac-instagram-cover-sponzori.png\" target=\"_blank\" rel=\"noreferrer noopener\">Instagram<\/a> (PNG)<\/li><\/ul>\n<\/div>\n<\/div>\n\n\n\n<div class=\"wp-block-columns is-layout-flex wp-container-core-columns-is-layout-8f761849 wp-block-columns-is-layout-flex\">\n<div class=\"wp-block-column is-layout-flow wp-block-column-is-layout-flow\">\n<h4 class=\"wp-block-heading\"><strong><strong><strong>Volonteri<\/strong><\/strong><\/strong><\/h4>\n\n\n\n<ul class=\"wp-block-list\"><li><a href=\"https:\/\/2020.vrsac.wordcamp.org\/files\/2020\/03\/wordcamp-vrsac-facebook-cover-volonteri.png\" target=\"_blank\" rel=\"noreferrer noopener\">Facebook<\/a> (PNG)<\/li><li><a href=\"https:\/\/2020.vrsac.wordcamp.org\/files\/2020\/03\/wordcamp-vrsac-twitter-cover-volonteri.png\" target=\"_blank\" rel=\"noreferrer noopener\">Twitter<\/a> (PNG)<\/li><li><a href=\"https:\/\/2020.vrsac.wordcamp.org\/files\/2020\/03\/wordcamp-vrsac-linkedin-cover-volonteri.png\" target=\"_blank\" rel=\"noreferrer noopener\">LinkedIn<\/a> (PNG)<\/li><li><a href=\"https:\/\/2020.vrsac.wordcamp.org\/files\/2020\/03\/wordcamp-vrsac-instagram-cover-volonteri.png\" target=\"_blank\" rel=\"noreferrer noopener\">Instagram<\/a> (PNG)<\/li><\/ul>\n<\/div>\n\n\n\n<div class=\"wp-block-column is-layout-flow wp-block-column-is-layout-flow\">\n<h4 class=\"wp-block-heading\"><strong><strong><strong>Organizatori<\/strong><\/strong><\/strong><\/h4>\n\n\n\n<ul class=\"wp-block-list\"><li><a href=\"https:\/\/2020.vrsac.wordcamp.org\/files\/2020\/03\/wordcamp-vrsac-facebook-cover-organizatori.png\" target=\"_blank\" rel=\"noreferrer noopener\">Facebook<\/a> (PNG)<\/li><li><a href=\"https:\/\/2020.vrsac.wordcamp.org\/files\/2020\/03\/wordcamp-vrsac-twitter-cover-organizatori.png\" target=\"_blank\" rel=\"noreferrer noopener\">Twitter<\/a> (PNG)<\/li><li><a href=\"https:\/\/2020.vrsac.wordcamp.org\/files\/2020\/03\/wordcamp-vrsac-linkedin-cover-organizatori.png\" target=\"_blank\" rel=\"noreferrer noopener\">LinkedIn<\/a> (PNG)<\/li><li><a href=\"https:\/\/2020.vrsac.wordcamp.org\/files\/2020\/03\/wordcamp-vrsac-instagram-cover-organizatori.png\" target=\"_blank\" rel=\"noreferrer noopener\">Instagram<\/a> (PNG)<\/li><\/ul>\n<\/div>\n<\/div>\n\n\n\n<p class=\"wp-block-paragraph\"><\/p>\n","protected":false},"excerpt":{"rendered":"<p>Sve \u0161to vam je potrebno da izbrendirate svoje profile na dru\u0161tvenim mre\u017eama nalazi se pred vama. Pridru\u017eite nam se u promovisanju WordCampa Vr\u0161ac 2020. Brend identitet Logotip (PNG) Pe\u010dat (PNG) Pe\u010dat beli (PNG) Pe\u010dat vektor (PDF) WCV\u0160 fotografija (PNG) Wapuu WCV\u0160 Vapuu (PNG) WCV\u0160 Vapuu sa panoramom (PNG) Wapuu Baner 728&#215;90 (PNG) Cover Photos za &hellip; <a href=\"https:\/\/vrsac.wordcamp.org\/2020\/pocetna\/media-kit\/\" class=\"more-link\">Continue reading<span class=\"screen-reader-text\"> &#8220;Media kit&#8221;<\/span><\/a><\/p>\n","protected":false},"author":12870137,"featured_media":0,"parent":206,"menu_order":0,"comment_status":"closed","ping_status":"closed","template":"","meta":{"_crdt_document":"","jetpack_post_was_ever_published":false,"footnotes":""},"class_list":["post-349","page","type-page","status-publish","hentry"],"jetpack_sharing_enabled":true,"_links":{"self":[{"href":"https:\/\/vrsac.wordcamp.org\/2020\/wp-json\/wp\/v2\/pages\/349","targetHints":{"allow":["GET"]}}],"collection":[{"href":"https:\/\/vrsac.wordcamp.org\/2020\/wp-json\/wp\/v2\/pages"}],"about":[{"href":"https:\/\/vrsac.wordcamp.org\/2020\/wp-json\/wp\/v2\/types\/page"}],"author":[{"embeddable":true,"href":"https:\/\/vrsac.wordcamp.org\/2020\/wp-json\/wp\/v2\/users\/12870137"}],"replies":[{"embeddable":true,"href":"https:\/\/vrsac.wordcamp.org\/2020\/wp-json\/wp\/v2\/comments?post=349"}],"version-history":[{"count":46,"href":"https:\/\/vrsac.wordcamp.org\/2020\/wp-json\/wp\/v2\/pages\/349\/revisions"}],"predecessor-version":[{"id":4357,"href":"https:\/\/vrsac.wordcamp.org\/2020\/wp-json\/wp\/v2\/pages\/349\/revisions\/4357"}],"up":[{"embeddable":true,"href":"https:\/\/vrsac.wordcamp.org\/2020\/wp-json\/wp\/v2\/pages\/206"}],"wp:attachment":[{"href":"https:\/\/vrsac.wordcamp.org\/2020\/wp-json\/wp\/v2\/media?parent=349"}],"curies":[{"name":"wp","href":"https:\/\/api.w.org\/{rel}","templated":true}]}}