{"id":316,"date":"2020-01-15T18:01:06","date_gmt":"2020-01-15T18:01:06","guid":{"rendered":"https:\/\/2020.vrsac.wordcamp.org\/?page_id=316"},"modified":"2020-02-17T10:54:10","modified_gmt":"2020-02-17T09:54:10","slug":"satnica","status":"publish","type":"page","link":"https:\/\/vrsac.wordcamp.org\/2020\/pocetna\/satnica\/","title":{"rendered":"Satnica"},"content":{"rendered":"\n<p class=\"wp-block-paragraph\">WordCamp Vr\u0161ac \u0107e biti odr\u017ean u subotu, 9. i nedelju 10 maja, sa After Party \u017eurkom planiranom za subotu uve\u010de. Prisustvovanje <a href=\"https:\/\/2020.vrsac.wordcamp.org\/sta-je-contributor-day-i-zasto-bi-trebalo-da-dodes\/\">Contributor Day-u<\/a>, u nedelju 10 maja je besplatno, ali je zasebna <a href=\"https:\/\/2020.vrsac.wordcamp.org\/ulaznice\/\">prijava<\/a> neophodna.<\/p>\n\n\n\n<p class=\"wp-block-paragraph\">Ve\u0107ina predavanja \u0107e trajati 40 minuta, \u0161to podrazumeva 30 minuta za predavanje i 10 minuta za pitanja publike.<\/p>\n\n\n\n<p class=\"wp-block-paragraph\">Izme\u0111u predavanja mo\u017eete da pro\u0107askate sa ostalim <a href=\"https:\/\/2020.vrsac.wordcamp.org\/ucesnici\/\">u\u010desnicima<\/a> i posetite \u0161tandove na\u0161ih <a href=\"https:\/\/2020.vrsac.wordcamp.org\/sponzori\/\">sponzora<\/a>.<\/p>\n\n\n\n<h3 class=\"wp-block-heading\">Ulaznice<\/h3>\n\n\n\n<p class=\"wp-block-paragraph\"><a href=\"https:\/\/2020.vrsac.wordcamp.org\/ulaznice\/\">Ovde<\/a> mo\u017eete nabaviti svoje ulaznice.<\/p>\n\n\n\n<h2 class=\"wp-block-heading\">Subota, 9. maj<\/h2>\n\n\n\n<h3 class=\"wp-block-heading\">Hotel Villa Breg, Vr\u0161ac<\/h3>\n\n\n<table class=\"wcpt-schedule\" border=\"0\"><thead><tr><th class=\"wcpt-col-time\">Time<\/th><th class=\"wcpt-col-track\"> <span class=\"wcpt-track-name\"><\/span> <span class=\"wcpt-track-description\"><\/span> <\/th><\/tr><\/thead><tbody><tr class=\"wcpt-time-830am\"><td class=\"wcpt-time\">8:30&nbsp;am<\/td><td class=\"wcpt-session-empty\"><\/td><\/tr><\/tbody><\/table>\n\t<div class=\"email-form fav-session-email-form-hide\">\n\t\t<!-- Tab links -->\n\t\t<div class=\"fav-session-share-tab\">\n\t\t\t\t\t\t\t<div class=\"fav-session-tablinks\" id=\"fav-session-btn-email\">\n\t\t\t\t\tEmail\t\t\t\t<\/div>\n\t\t\t\n\t\t\t<div class=\"fav-session-tablinks\" id=\"fav-session-btn-link\">\n\t\t\t\tLink\t\t\t<\/div>\n\n\t\t\t<div class=\"fav-session-tablinks\" id=\"fav-session-btn-print\">\n\t\t\t\tPrint\t\t\t<\/div>\n\t\t<\/div>\n\n\t\t<!-- Tab content -->\n\t\t\t\t\t<div id=\"fav-session-tab-email\" class=\"fav-session-share-tabcontent\">\n\t\t\t\t<div id=\"fav-session-email-form\">\n\t\t\t\t\tSend me my favorite sessions:\n\t\t\t\t\t<form id=\"fav-sessions-form\">\n\t\t\t\t\t\t<input\n\t\t\t\t\t\t\ttype=\"text\"\n\t\t\t\t\t\t\tname=\"email_address\"\n\t\t\t\t\t\t\tid=\"fav-sessions-email-address\"\n\t\t\t\t\t\t\tplaceholder=\"me@protonmail.com\"\n\t\t\t\t\t\t\/>\n\t\t\t\t\t\t<input type=\"submit\" value=\"Send\" \/>\n\t\t\t\t\t<\/form>\n\t\t\t\t<\/div>\n\n\t\t\t\t<div class=\"fav-session-email-wait-spinner\"><\/div>\n\t\t\t\t<div class=\"fav-session-email-result\"><\/div>\n\t\t\t<\/div>\n\t\t\n\t\t<div id=\"fav-session-tab-link\" class=\"fav-session-share-tabcontent\">\n\t\t\tShareable link:\t\t\t<br \/>\n\t\t\t<a id=\"fav-sessions-link\" href=\"\"><\/a>\n\t\t<\/div>\n\n\t\t<div id=\"fav-session-tab-print\" class=\"fav-session-share-tabcontent\">\n\t\t\t<button id=\"fav-session-print\">\n\t\t\t\tPrint favorite sessions\t\t\t<\/button>\n\t\t<\/div>\n\t<\/div>\n\n\t<a class=\"show-email-form\" href=\"javascript:\">\n\t\t<span class=\"dashicons dashicons-star-filled\"><\/span>\n\t\t<span class=\"dashicons dashicons-email-alt\"><\/span>\n\t<\/a>\n\n\t\n\n\n\n<h2 class=\"wp-block-heading\">Nedelja, 10. maj<\/h2>\n\n\n\n<h3 class=\"wp-block-heading\" id=\"vts\">\u0160kolski centar &#8220;Nikola Tesla&#8221;, Vr\u0161ac<\/h3>\n","protected":false},"excerpt":{"rendered":"<p>WordCamp Vr\u0161ac \u0107e biti odr\u017ean u subotu, 9. i nedelju 10 maja, sa After Party \u017eurkom planiranom za subotu uve\u010de. Prisustvovanje Contributor Day-u, u nedelju 10 maja je besplatno, ali je zasebna prijava neophodna. Ve\u0107ina predavanja \u0107e trajati 40 minuta, \u0161to podrazumeva 30 minuta za predavanje i 10 minuta za pitanja publike. Izme\u0111u predavanja mo\u017eete &hellip; <a href=\"https:\/\/vrsac.wordcamp.org\/2020\/pocetna\/satnica\/\" class=\"more-link\">Continue reading<span class=\"screen-reader-text\"> &#8220;Satnica&#8221;<\/span><\/a><\/p>\n","protected":false},"author":12870137,"featured_media":0,"parent":206,"menu_order":0,"comment_status":"closed","ping_status":"closed","template":"","meta":{"_crdt_document":"","jetpack_post_was_ever_published":false,"footnotes":""},"class_list":["post-316","page","type-page","status-publish","hentry"],"jetpack_sharing_enabled":true,"_links":{"self":[{"href":"https:\/\/vrsac.wordcamp.org\/2020\/wp-json\/wp\/v2\/pages\/316","targetHints":{"allow":["GET"]}}],"collection":[{"href":"https:\/\/vrsac.wordcamp.org\/2020\/wp-json\/wp\/v2\/pages"}],"about":[{"href":"https:\/\/vrsac.wordcamp.org\/2020\/wp-json\/wp\/v2\/types\/page"}],"author":[{"embeddable":true,"href":"https:\/\/vrsac.wordcamp.org\/2020\/wp-json\/wp\/v2\/users\/12870137"}],"replies":[{"embeddable":true,"href":"https:\/\/vrsac.wordcamp.org\/2020\/wp-json\/wp\/v2\/comments?post=316"}],"version-history":[{"count":3,"href":"https:\/\/vrsac.wordcamp.org\/2020\/wp-json\/wp\/v2\/pages\/316\/revisions"}],"predecessor-version":[{"id":1402,"href":"https:\/\/vrsac.wordcamp.org\/2020\/wp-json\/wp\/v2\/pages\/316\/revisions\/1402"}],"up":[{"embeddable":true,"href":"https:\/\/vrsac.wordcamp.org\/2020\/wp-json\/wp\/v2\/pages\/206"}],"wp:attachment":[{"href":"https:\/\/vrsac.wordcamp.org\/2020\/wp-json\/wp\/v2\/media?parent=316"}],"curies":[{"name":"wp","href":"https:\/\/api.w.org\/{rel}","templated":true}]}}