{"id":302,"date":"2020-01-15T17:35:57","date_gmt":"2020-01-15T17:35:57","guid":{"rendered":"https:\/\/2020.vrsac.wordcamp.org\/?page_id=302"},"modified":"2020-03-04T17:37:15","modified_gmt":"2020-03-04T16:37:15","slug":"organizatori","status":"publish","type":"page","link":"https:\/\/vrsac.wordcamp.org\/2020\/pocetna\/organizatori\/","title":{"rendered":"Organizatori"},"content":{"rendered":"\r\n<div class=\"wcorg-organizers\">\r\n<ol class=\"column_two orgaz\">\r\n<li>\r\n<div class=\"wcorg-organizer\">\r\n<h2>Aleksandar Pasku<\/h2>\r\n<div class=\"wcorg-organizer-description\"><img loading=\"lazy\" decoding=\"async\" id=\"grav-b0e1cd9f0de2b38e376c4588a3345ae0-0\" class=\"avatar avatar-96 photo grav-hashed grav-hijack\" src=\"https:\/\/2020.vrsac.wordcamp.org\/files\/2020\/02\/Aleksandar-Pasku.jpg\" alt=\"\" width=\"96\" height=\"96\" \/>\r\n<p>Progovorio pre nego \u0161to je prohodao i od tada usavr\u0161ava ume\u0107e komunikacije na svim nivoima (paranormalne metode su mu jo\u0161 uvek samo hobi). Poslednje dve decenije bavi se hipnozom potro\u0161a\u010da u marketin\u0161ke svrhe, od toga gotovo polovinu vremena kao najamno pero\/kist\/mi\u0161. Gradi brendove sa puno ljubavi i decidno izbegava politi\u010dki marketing. Preduzetnik, co-host vr\u0161a\u010dkih WP Meetupa, motivator lokalne zajednice i organizator zloglasnih mitap aftera.<\/p>\r\n<p><a href=\"https:\/\/profiles.wordpress.org\/hranoje\/\">@hranoje<\/a> \/\u00a0<a href=\"http:\/\/www.freakinc.rs\/\">FreakInc<\/a><\/p>\r\n<\/div>\r\n<\/div>\r\n<\/li>\r\n<li>\r\n<div class=\"wcorg-organizer\">\r\n<h2>\u017diva Milo\u0161evi\u0107<\/h2>\r\n<div class=\"wcorg-organizer-description\"><img loading=\"lazy\" decoding=\"async\" id=\"grav-bfd3d4725716693a0897da759c9f0a87-0\" class=\"avatar avatar-96 photo grav-hashed grav-hijack\" src=\"https:\/\/2020.vrsac.wordcamp.org\/files\/2020\/02\/Ziva-Milosevic.jpg\" alt=\"\" width=\"96\" height=\"96\" \/>\r\n<p>Koosniva\u010d vr\u0161a\u010dke WordPress zajednice i organizator meetupa. Oprobao se u raznim sferama, ostaviv\u0161i trag na lokalnoj muzi\u010dkoj sceni kao etablirani bubnjar. U svet veb-dizajna u\u0161ao je davne 1998. godine, a od 2013. po\u010dinje da radi i na WordPress projektima. Osniva\u010d i vlasnik veb-dizajn studija Web Drummer.<\/p>\r\n<p><a href=\"https:\/\/twitter.com\/ZivaMilosevic\">@ZivaMilosevic<\/a> \/\u00a0<a href=\"https:\/\/web-drummer.com\/\">WebDrummer<\/a><\/p>\r\n<\/div>\r\n<\/div>\r\n<\/li>\r\n<li>\r\n<div class=\"wcorg-organizer\">\r\n<h2>Nata\u0161a Marinovi\u0107<\/h2>\r\n<div class=\"wcorg-organizer-description\"><img loading=\"lazy\" decoding=\"async\" id=\"grav-bfd3d4725716693a0897da759c9f0a87-0\" class=\"avatar avatar-96 photo grav-hashed grav-hijack\" src=\"https:\/\/2020.vrsac.wordcamp.org\/files\/2020\/02\/natasa-marinovic.png\" alt=\"\" width=\"96\" height=\"96\" \/>\r\n<p>Biv\u0161a poslovna sekretarica. \u017divi u Vr\u0161cu. Voli pozitivne ljude, muziku i nove stvari, kao \u0161to su ove, da doprinosi, u\u010di i zabavlja se.<\/p>\r\n<\/div>\r\n<\/div>\r\n<\/li>\r\n<li>\r\n<div class=\"wcorg-organizer\">\r\n<h2>Ivana Marinovi\u0107 Gvozdi\u0107<\/h2>\r\n<div class=\"wcorg-organizer-description\"><img loading=\"lazy\" decoding=\"async\" id=\"grav-bfd3d4725716693a0897da759c9f0a87-0\" class=\"avatar avatar-96 photo grav-hashed grav-hijack\" src=\"https:\/\/2020.vrsac.wordcamp.org\/files\/2020\/02\/ivana-marinovic-gvozdic.jpg\" alt=\"\" width=\"96\" height=\"96\" \/>\r\n<p>Ivana je majka dvoje blesave dece i ima psa. Stanuje svuda u Svetu (zahvaljuju\u0107i mu\u017eu) a trenutno u Vr\u0161cu. Fan je putovanja, pisanja i slobodnog vremena (kog nikada nema). WordPress&#8230; zalutala, ali joj je \u010dast da u\u010destvuje.<\/p>\r\n<\/div>\r\n<\/div>\r\n<\/li>\r\n<li>\r\n<div class=\"wcorg-organizer\">\r\n<h2>Du\u0161an Beli\u0107<\/h2>\r\n<div class=\"wcorg-organizer-description\"><img loading=\"lazy\" decoding=\"async\" id=\"grav-bfd3d4725716693a0897da759c9f0a87-0\" class=\"avatar avatar-96 photo grav-hashed grav-hijack\" src=\"https:\/\/2020.vrsac.wordcamp.org\/files\/2020\/02\/dusan-belic.jpg\" alt=\"\" width=\"96\" height=\"96\" \/>\r\n<p>Frilenser ve\u0107 tri godine, zainteresovan za mnoge stvari poput razvijanja Instagrama, razvijanja Youtube kanala, dizajn, video editing, i najvi\u0161e, naravno, WordPress. Bio \u010dlan volonterskog tima za WordCamp Belgrade 2017 i WordCamp Europe 2018 u Beogradu.<\/p>\r\n<p><a href=\"https:\/\/twitter.com\/dusan_belicc\">@dusan_belicc<\/a><\/p>\r\n<\/div>\r\n<\/div>\r\n<\/li>\r\n<li>\r\n<div class=\"wcorg-organizer\">\r\n<h2>Predrag \u0110or\u0111evi\u0107<\/h2>\r\n<div class=\"wcorg-organizer-description\"><img loading=\"lazy\" decoding=\"async\" id=\"grav-bfd3d4725716693a0897da759c9f0a87-0\" class=\"avatar avatar-96 photo grav-hashed grav-hijack\" src=\"https:\/\/2020.vrsac.wordcamp.org\/files\/2020\/02\/Predrag-Djordjevic.jpg\" alt=\"\" width=\"96\" height=\"96\" \/>\r\n<p>Zaljubljenik u ekstremne sportove, Family guy, zaposlen u kompaniji GoDaddy u okviru WordPress Premium Support tima.<\/p>\r\n<p><a href=\"https:\/\/twitter.com\/Predrag66983365\">@PredragDordevic<\/a><\/p>\r\n<\/div>\r\n<\/div>\r\n<\/li>\r\n<li>\r\n<div class=\"wcorg-organizer\">\r\n<h2>Nata\u0161a Grba Singh<\/h2>\r\n<div class=\"wcorg-organizer-description\"><img loading=\"lazy\" decoding=\"async\" id=\"grav-bfd3d4725716693a0897da759c9f0a87-0\" class=\"avatar avatar-96 photo grav-hashed grav-hijack\" src=\"https:\/\/2020.vrsac.wordcamp.org\/files\/2020\/02\/natasa-grba-singh.jpeg\" alt=\"\" width=\"96\" height=\"96\" \/>\r\n<p>Nata\u0161a je prevodilac, lingvista i profesor engleskog jezika sa dugogodi\u0161njim iskustvom u prosveti, nevladinom sektoru i me\u0111unarodnim projektima. Ljubitelj je pasa kojima tepa deminutivima deminutiva.<br \/>Iako je svedo\u010dila nastanku prvih ra\u010dunara, izbegavala je da se upusti u taj svet i sazna ne\u0161to vi\u0161e o njima. Chi Writer, zatim prvi Word u potpunosti su zadovoljavali profesionalne potrebe. Zato su Tomb Raider, Lemmings i Oddworld dovodili Pentium II do usijanja. Inicijacija u IT misterije bila je magi\u010dna kombinacija komandi Copy &amp; Paste (Ctrl C i Ctrl V do\u0161li su tek kasnije). Ovo je otvorilo nove vidike, usmerilo njenu karijeru i dovelo je dovde.<br \/>Ako iko primeti gre\u0161ku u prevodu WCV\u0160 sajta, Nata\u0161a \u0107e ga \u010dastiti kola\u010dima!<\/p>\r\n<\/div>\r\n<\/div>\r\n<\/li>\r\n<li>\r\n<div class=\"wcorg-organizer\">\r\n<h2>Ivan \u0106osi\u0107<\/h2>\r\n<div class=\"wcorg-organizer-description\"><img loading=\"lazy\" decoding=\"async\" id=\"grav-bfd3d4725716693a0897da759c9f0a87-0\" class=\"avatar avatar-96 photo grav-hashed grav-hijack\" src=\"https:\/\/2020.vrsac.wordcamp.org\/files\/2020\/02\/Ivan-Cosic.jpg\" alt=\"\" width=\"96\" height=\"96\" \/>\r\n<p>Ivan \u0106osi\u0107 je vlasnik agencije Plain&amp;Hill, dizajner, kreativac, bloger i predava\u010d na brojnim doma\u0107im i regionalnim konferencijama. Bavio se razli\u010ditim vidovima posla u kreativno-marketin\u0161koj industriji, radio je za preko trideset svetskih &#8220;A&#8221; brendova, a pokreta\u010d je i mnogih internet projekata. Zadu\u017een je za dizajn ve\u0107ine publikacija svetske medijske asocijacije WAN-IFRA, radi za Svetski nau\u010dni savet, a radio je na nekoliko startup projekata od kojih je najpoznatija IndieVoices platforma. Veruje u budu\u0107nost i potencijal koju tehnolo\u0161ko preduzetni\u0161tvo ima u Srbiji, te zajedno sa svojim timom organizuje konferenciju wwvrsac: \u017eivi lokalno &#8211; radi globalno.<\/p>\r\n<p><a href=\"https:\/\/twitter.com\/ivancosic\">@ivancosic<\/a><\/p>\r\n<\/div>\r\n<\/div>\r\n<\/li>\r\n<li>\r\n<div class=\"wcorg-organizer\">\r\n<h2>Marija Egeri\u0107<\/h2>\r\n<div class=\"wcorg-organizer-description\"><img loading=\"lazy\" decoding=\"async\" id=\"grav-bfd3d4725716693a0897da759c9f0a87-0\" class=\"avatar avatar-96 photo grav-hashed grav-hijack\" src=\"https:\/\/2020.vrsac.wordcamp.org\/files\/2020\/02\/Marija-Egeric.jpg\" alt=\"\" width=\"96\" height=\"96\" \/>\r\n<p>Dip. ekonomista, pola \u017eivota provela rade\u0107i u banci. Volim pozitivne ljude \u010dija energija me pokre\u0107e, zato sam ovde.<\/p>\r\n<\/div>\r\n<\/div>\r\n<\/li>\r\n<li>\r\n<div class=\"wcorg-organizer\">\r\n<h2>Dragana Matovi\u0107<\/h2>\r\n<div class=\"wcorg-organizer-description\"><img loading=\"lazy\" decoding=\"async\" id=\"grav-bfd3d4725716693a0897da759c9f0a87-0\" class=\"avatar avatar-96 photo grav-hashed grav-hijack\" src=\"https:\/\/2020.vrsac.wordcamp.org\/files\/2020\/02\/Dragana-Matovic.jpg\" alt=\"\" width=\"96\" height=\"96\" \/>\r\n<p>Human Resources Pro i ljubiteljka nau\u010dne fantastike, debate i mora. In it for adventure and nice things.<\/p>\r\n<\/div>\r\n<\/div>\r\n<\/li>\r\n<li>\r\n<div class=\"wcorg-organizer\">\r\n<h2>Strahinja \u017divkovi\u0107<\/h2>\r\n<div class=\"wcorg-organizer-description\"><img loading=\"lazy\" decoding=\"async\" id=\"strale\" class=\"avatar avatar-96 photo grav-hashed grav-hijack\" src=\"https:\/\/2020.vrsac.wordcamp.org\/files\/2020\/02\/Strahinja-Zivkovic.jpg\" alt=\"\" width=\"96\" height=\"96\" \/>\r\n<p>Web dizajner i Elementor developer, frilenser. Od napornih klijenata opu\u0161tam se igraju\u0107i WoT. Heavy metal freak. Pssst! &#8230; da li smem da ka\u017eem da sam u WordPress vode do\u0161ao iz Joomle pre mnogo godina? \ud83d\ude42<\/p>\r\n<\/div>\r\n<\/div>\r\n<\/li>\r\n<li>\r\n<div class=\"wcorg-organizer\">\r\n<h2>Ilija \u0106osi\u0107<\/h2>\r\n<div class=\"wcorg-organizer-description\"><img loading=\"lazy\" decoding=\"async\" id=\"grav-bfd3d4725716693a0897da759c9f0a87-0\" class=\"avatar avatar-96 photo grav-hashed grav-hijack\" src=\"https:\/\/2020.vrsac.wordcamp.org\/files\/2020\/02\/Ilija-Cosic.jpg\" alt=\"\" width=\"96\" height=\"96\" \/>\r\n<p>\u017divi i radi u Beogradu u marketin\u0161koj agenciji Four Dots. Event managementom se bavi vi\u0161e od 6 godina gde je radio na raznim konferencijama od 50 do 800 delegata. \u0160to se ti\u010de neprofitnih doga\u0111aja u\u010destvovao je u organizaciji 2 TEDx-a &#8211; jednog u Vr\u0161cu, a drugog u Beogradu (U\u0161\u0107e).<\/p>\r\n<p><a href=\"https:\/\/twitter.com\/cosankov\">@cosankov<\/a><\/p>\r\n<\/div>\r\n<\/div>\r\n<\/li>\r\n<li>\r\n<div class=\"wcorg-organizer\">\r\n<h2>Aleksandar Avramesku<\/h2>\r\n<div class=\"wcorg-organizer-description\"><img loading=\"lazy\" decoding=\"async\" id=\"grav-bfd3d4725716693a0897da759c9f0a87-0\" class=\"avatar avatar-96 photo grav-hashed grav-hijack\" src=\"https:\/\/2020.vrsac.wordcamp.org\/files\/2020\/03\/Aleksandar-Avramesku.jpg\" alt=\"\" width=\"96\" height=\"96\" \/>\r\n<p>Ro\u0111en je u Vr\u0161cu, u drugoj polovini 20. veka.Otac mu je verovatno ubacio kameru u kolevku i od tog trenutka se neprestano dru\u017ei sa razli\u010ditim vrstama i modelima iste. Jedan je od osniva\u010da i predsednik Foto kluba Vr\u0161ac. Iza sebe ima nekoliko grupnih i samostalnih izlo\u017ebi fotografija. Trenutno zaposlen u Javnom servisu RTS kao TV snimatelj, a u svojoj karijeri se oprobao u gotovo svim televizijskim i filmskim izrazima koji su vezani za sliku i za kameru. Zahvaljuju\u0107i kameri proputovao je dobar deo sveta, ali je najvi\u0161e vezan za Stoliv u Boki Kotorskoj. Vozi motocikle i \u010damce. O\u017eenjen je Zoricom i ponosni je otac dvojice studenata.\r\n<\/p>\r\n<\/div>\r\n<\/div>\r\n<\/li>\r\n<li>\r\n<div class=\"wcorg-organizer\">\r\n<h2>Katarina Vijatov<\/h2>\r\n<div class=\"wcorg-organizer-description\"><img loading=\"lazy\" decoding=\"async\" id=\"grav-bfd3d4725716693a0897da759c9f0a87-0\" class=\"avatar avatar-96 photo grav-hashed grav-hijack\" src=\"https:\/\/2020.vrsac.wordcamp.org\/files\/2020\/02\/Katarina-Vijatov.jpg\" alt=\"\" width=\"96\" height=\"96\" \/>\r\n<p>Zavr\u0161ila je master studije slikarstva na Fakultetu likovnih umetnosti u Beogradu. Gurman i esteta. Trenutno je u procesu digitalizacije svojih likovnih ve\u0161tina.<\/p>\r\n<\/div>\r\n<\/div>\r\n<\/li>\r\n<li>\r\n<div class=\"wcorg-organizer\">\r\n<h2>David Srbu<\/h2>\r\n<div class=\"wcorg-organizer-description\"><img loading=\"lazy\" decoding=\"async\" id=\"grav-bfd3d4725716693a0897da759c9f0a87-0\" class=\"avatar avatar-96 photo grav-hashed grav-hijack\" src=\"https:\/\/2020.vrsac.wordcamp.org\/files\/2020\/02\/david-srbu.jpg\" alt=\"\" width=\"96\" height=\"96\" \/>\r\n<p>U poslednjih godinu dana organizovao 40+ tech i digital doga\u0111aja. Digitalni kreator, trenutno radi na startupu koji je u zatvorenoj fazi. Tek zapo\u010deo vezu sa WordPressom. Ljubitelj tehnologije i prirode, Banat kao stil \u017eivota.<\/p>\r\n<\/div>\r\n<\/div>\r\n<\/li>\r\n<li>\r\n<div class=\"wcorg-organizer\">\r\n<h2>Ljupka Cuculj<\/h2>\r\n<div class=\"wcorg-organizer-description\"><img loading=\"lazy\" decoding=\"async\" id=\"grav-bfd3d4725716693a0897da759c9f0a87-0\" class=\"avatar avatar-96 photo grav-hashed grav-hijack\" src=\"https:\/\/2020.vrsac.wordcamp.org\/files\/2020\/02\/Ljupka-Cuculj.jpg\" alt=\"\" width=\"96\" height=\"96\" \/>\r\n<p>Pobegla iz velike koorporacije da bi radila kao full time koordinator u edukativnom centru; part-time freelancer, VA, social media manager, blogerka, hajkerka. A ovde sam jer mi je takav horoskop<\/p>\r\n<p><a href=\"https:\/\/twitter.com\/leprsava\">@leprsava<\/a><\/p>\r\n<\/div>\r\n<\/div>\r\n<\/li>\r\n<li>\r\n<div class=\"wcorg-organizer\">\r\n<h2>Milica \u0110oli\u0107<\/h2>\r\n<div class=\"wcorg-organizer-description\"><img loading=\"lazy\" decoding=\"async\" id=\"grav-bfd3d4725716693a0897da759c9f0a87-0\" class=\"avatar avatar-96 photo grav-hashed grav-hijack\" src=\"https:\/\/2020.vrsac.wordcamp.org\/files\/2020\/02\/Milica-Djolic.jpg\" alt=\"\" width=\"96\" height=\"96\" \/>\r\n<p>Student Ekonomskog fakulteta u Novom Sadu, Marketing koordinator Alumni tima organizacije Dostignu\u0107a Mladih u Srbiji, mentor na projektu Svetionik znanja. Posetilac Startit centra Vr\u0161ac, koji rado u\u010destvuje u raznim vidovima neformalnog obrazovanja.<\/p>\r\n<\/div>\r\n<\/div>\r\n<\/li>\r\n<li>\u00a0<\/li>\r\n<\/ol>\r\n<\/div>\r\n\r\n\r\n\r\n<p class=\"wp-block-paragraph\">&nbsp;<\/p>\r\n","protected":false},"excerpt":{"rendered":"<p>Aleksandar Pasku Progovorio pre nego \u0161to je prohodao i od tada usavr\u0161ava ume\u0107e komunikacije na svim nivoima (paranormalne metode su mu jo\u0161 uvek samo hobi). Poslednje dve decenije bavi se hipnozom potro\u0161a\u010da u marketin\u0161ke svrhe, od toga gotovo polovinu vremena kao najamno pero\/kist\/mi\u0161. Gradi brendove sa puno ljubavi i decidno izbegava politi\u010dki marketing. Preduzetnik, co-host &hellip; <a href=\"https:\/\/vrsac.wordcamp.org\/2020\/pocetna\/organizatori\/\" class=\"more-link\">Continue reading<span class=\"screen-reader-text\"> &#8220;Organizatori&#8221;<\/span><\/a><\/p>\n","protected":false},"author":12870137,"featured_media":0,"parent":206,"menu_order":0,"comment_status":"closed","ping_status":"closed","template":"","meta":{"_crdt_document":"","jetpack_post_was_ever_published":false,"footnotes":""},"class_list":["post-302","page","type-page","status-publish","hentry"],"jetpack_sharing_enabled":true,"_links":{"self":[{"href":"https:\/\/vrsac.wordcamp.org\/2020\/wp-json\/wp\/v2\/pages\/302","targetHints":{"allow":["GET"]}}],"collection":[{"href":"https:\/\/vrsac.wordcamp.org\/2020\/wp-json\/wp\/v2\/pages"}],"about":[{"href":"https:\/\/vrsac.wordcamp.org\/2020\/wp-json\/wp\/v2\/types\/page"}],"author":[{"embeddable":true,"href":"https:\/\/vrsac.wordcamp.org\/2020\/wp-json\/wp\/v2\/users\/12870137"}],"replies":[{"embeddable":true,"href":"https:\/\/vrsac.wordcamp.org\/2020\/wp-json\/wp\/v2\/comments?post=302"}],"version-history":[{"count":62,"href":"https:\/\/vrsac.wordcamp.org\/2020\/wp-json\/wp\/v2\/pages\/302\/revisions"}],"predecessor-version":[{"id":4214,"href":"https:\/\/vrsac.wordcamp.org\/2020\/wp-json\/wp\/v2\/pages\/302\/revisions\/4214"}],"up":[{"embeddable":true,"href":"https:\/\/vrsac.wordcamp.org\/2020\/wp-json\/wp\/v2\/pages\/206"}],"wp:attachment":[{"href":"https:\/\/vrsac.wordcamp.org\/2020\/wp-json\/wp\/v2\/media?parent=302"}],"curies":[{"name":"wp","href":"https:\/\/api.w.org\/{rel}","templated":true}]}}