{"id":2272,"date":"2020-02-23T07:59:03","date_gmt":"2020-02-23T06:59:03","guid":{"rendered":"https:\/\/2020.vrsac.wordcamp.org\/?page_id=2272"},"modified":"2020-03-03T19:26:54","modified_gmt":"2020-03-03T18:26:54","slug":"sponzori","status":"publish","type":"page","link":"https:\/\/vrsac.wordcamp.org\/2020\/pocetna\/sponzori\/","title":{"rendered":"Na\u0161i sponzori"},"content":{"rendered":"\n<p class=\"wp-block-paragraph\">Ovakav doga\u0111aj se ne bi odr\u017eao bez na\u0161ih sponzora. Bez njihove podr\u0161ke ne bismo uspeli da odr\u017eimo nisku cenu ulaznica, da ba\u0161 svako mo\u017ee da priu\u0161ti sebi takav izdatak. Mnogi od na\u0161ih sponzora bi\u0107e prisutni u holu hotela Villa Breg, na samom doga\u0111aju, pa nemojte propustiti da svratite i pozdravite ih!<\/p>\n\n\n\n<div class=\"clearfix\" style=\"padding: 1.5rem;0\"><\/div>\n\n\n\n<div class=\"wp-block-columns is-layout-flex wp-container-core-columns-is-layout-8f761849 wp-block-columns-is-layout-flex\">\n<div class=\"wp-block-column is-layout-flow wp-block-column-is-layout-flow\" style=\"flex-basis:33.33%\">\n<figure class=\"wp-block-image size-large sp_badges\"><img loading=\"lazy\" decoding=\"async\" width=\"1024\" height=\"1024\" src=\"https:\/\/2020.vrsac.wordcamp.org\/files\/2020\/02\/gold-sponsor-1024x1024.png\" alt=\"\" class=\"wp-image-1241\" srcset=\"https:\/\/vrsac.wordcamp.org\/2020\/files\/2020\/02\/gold-sponsor-1024x1024.png 1024w, https:\/\/vrsac.wordcamp.org\/2020\/files\/2020\/02\/gold-sponsor-300x300.png 300w, https:\/\/vrsac.wordcamp.org\/2020\/files\/2020\/02\/gold-sponsor-150x150.png 150w, https:\/\/vrsac.wordcamp.org\/2020\/files\/2020\/02\/gold-sponsor-768x768.png 768w, https:\/\/vrsac.wordcamp.org\/2020\/files\/2020\/02\/gold-sponsor.png 1251w\" sizes=\"auto, (max-width: 1024px) 100vw, 1024px\" \/><\/figure>\n\n\n\n<p class=\"wp-block-paragraph\"><\/p>\n<\/div>\n\n\n\n<div class=\"wp-block-column is-layout-flow wp-block-column-is-layout-flow\" style=\"flex-basis:66.66%\"><\/div>\n<\/div>\n\n\n\n<div class=\"wp-block-columns is-layout-flex wp-container-core-columns-is-layout-8f761849 wp-block-columns-is-layout-flex\">\n<div class=\"wp-block-column is-layout-flow wp-block-column-is-layout-flow\">\n<div class=\"wp-block-image\"><figure class=\"aligncenter size-large\"><a href=\"https:\/\/2020.vrsac.wordcamp.org\/sponzori\/woocommerce\/\"><img loading=\"lazy\" decoding=\"async\" width=\"1024\" height=\"302\" src=\"https:\/\/2020.vrsac.wordcamp.org\/files\/2020\/02\/logo-Woocommerce-1024x302.png\" alt=\"\" class=\"wp-image-1800\" srcset=\"https:\/\/vrsac.wordcamp.org\/2020\/files\/2020\/02\/logo-Woocommerce-1024x302.png 1024w, https:\/\/vrsac.wordcamp.org\/2020\/files\/2020\/02\/logo-Woocommerce-300x89.png 300w, https:\/\/vrsac.wordcamp.org\/2020\/files\/2020\/02\/logo-Woocommerce-768x227.png 768w, https:\/\/vrsac.wordcamp.org\/2020\/files\/2020\/02\/logo-Woocommerce-500x148.png 500w, https:\/\/vrsac.wordcamp.org\/2020\/files\/2020\/02\/logo-Woocommerce.png 1200w\" sizes=\"auto, (max-width: 1024px) 100vw, 1024px\" \/><\/a><\/figure><\/div>\n<\/div>\n\n\n\n<div class=\"wp-block-column is-layout-flow wp-block-column-is-layout-flow\">\n<div class=\"wp-block-image\"><figure class=\"aligncenter size-large\"><a href=\"https:\/\/2020.vrsac.wordcamp.org\/sponzori\/jetpack\/\"><img loading=\"lazy\" decoding=\"async\" width=\"1024\" height=\"302\" src=\"https:\/\/2020.vrsac.wordcamp.org\/files\/2020\/02\/logo-Jetpack-1024x302.png\" alt=\"\" class=\"wp-image-1803\" srcset=\"https:\/\/vrsac.wordcamp.org\/2020\/files\/2020\/02\/logo-Jetpack-1024x302.png 1024w, https:\/\/vrsac.wordcamp.org\/2020\/files\/2020\/02\/logo-Jetpack-300x89.png 300w, https:\/\/vrsac.wordcamp.org\/2020\/files\/2020\/02\/logo-Jetpack-768x227.png 768w, https:\/\/vrsac.wordcamp.org\/2020\/files\/2020\/02\/logo-Jetpack-500x148.png 500w, https:\/\/vrsac.wordcamp.org\/2020\/files\/2020\/02\/logo-Jetpack.png 1200w\" sizes=\"auto, (max-width: 1024px) 100vw, 1024px\" \/><\/a><\/figure><\/div>\n<\/div>\n\n\n\n<div class=\"wp-block-column is-layout-flow wp-block-column-is-layout-flow\">\n<div class=\"wp-block-image\"><figure class=\"aligncenter size-large\"><a href=\"https:\/\/2020.vrsac.wordcamp.org\/pocetna\/sponzori\/skolski-centar-nikola-tesla\/\"><img loading=\"lazy\" decoding=\"async\" width=\"1024\" height=\"302\" src=\"https:\/\/2020.vrsac.wordcamp.org\/files\/2020\/03\/SC-Nikola-Tesla-logo-1024x302.png\" alt=\"\" class=\"wp-image-4014\" srcset=\"https:\/\/vrsac.wordcamp.org\/2020\/files\/2020\/03\/SC-Nikola-Tesla-logo-1024x302.png 1024w, https:\/\/vrsac.wordcamp.org\/2020\/files\/2020\/03\/SC-Nikola-Tesla-logo-300x89.png 300w, https:\/\/vrsac.wordcamp.org\/2020\/files\/2020\/03\/SC-Nikola-Tesla-logo-768x227.png 768w, https:\/\/vrsac.wordcamp.org\/2020\/files\/2020\/03\/SC-Nikola-Tesla-logo-500x148.png 500w, https:\/\/vrsac.wordcamp.org\/2020\/files\/2020\/03\/SC-Nikola-Tesla-logo.png 1200w\" sizes=\"auto, (max-width: 1024px) 100vw, 1024px\" \/><\/a><\/figure><\/div>\n\n\n\n<p class=\"wp-block-paragraph\"><\/p>\n<\/div>\n<\/div>\n\n\n\n<div class=\"wp-block-columns is-layout-flex wp-container-core-columns-is-layout-8f761849 wp-block-columns-is-layout-flex\">\n<div class=\"wp-block-column is-layout-flow wp-block-column-is-layout-flow\" style=\"flex-basis:33.33%\">\n<figure class=\"wp-block-image size-large sp_badges\"><img loading=\"lazy\" decoding=\"async\" width=\"1024\" height=\"1024\" src=\"https:\/\/2020.vrsac.wordcamp.org\/files\/2020\/02\/silver-sponsor-1024x1024.png\" alt=\"\" class=\"wp-image-1242\" srcset=\"https:\/\/vrsac.wordcamp.org\/2020\/files\/2020\/02\/silver-sponsor-1024x1024.png 1024w, https:\/\/vrsac.wordcamp.org\/2020\/files\/2020\/02\/silver-sponsor-300x300.png 300w, https:\/\/vrsac.wordcamp.org\/2020\/files\/2020\/02\/silver-sponsor-150x150.png 150w, https:\/\/vrsac.wordcamp.org\/2020\/files\/2020\/02\/silver-sponsor-768x768.png 768w, https:\/\/vrsac.wordcamp.org\/2020\/files\/2020\/02\/silver-sponsor.png 1251w\" sizes=\"auto, (max-width: 1024px) 100vw, 1024px\" \/><\/figure>\n\n\n\n<p class=\"wp-block-paragraph\"><\/p>\n<\/div>\n\n\n\n<div class=\"wp-block-column is-layout-flow wp-block-column-is-layout-flow\" style=\"flex-basis:66.66%\"><\/div>\n<\/div>\n\n\n\n<div class=\"wp-block-columns is-layout-flex wp-container-core-columns-is-layout-8f761849 wp-block-columns-is-layout-flex\">\n<div class=\"wp-block-column is-layout-flow wp-block-column-is-layout-flow\">\n<figure class=\"wp-block-image size-large\"><a href=\"https:\/\/2020.vrsac.wordcamp.org\/sponzori\/godaddy\/\"><img loading=\"lazy\" decoding=\"async\" width=\"1024\" height=\"302\" src=\"https:\/\/2020.vrsac.wordcamp.org\/files\/2020\/02\/logo-GoDaddyPro-1024x302.png\" alt=\"\" class=\"wp-image-1802\" srcset=\"https:\/\/vrsac.wordcamp.org\/2020\/files\/2020\/02\/logo-GoDaddyPro-1024x302.png 1024w, https:\/\/vrsac.wordcamp.org\/2020\/files\/2020\/02\/logo-GoDaddyPro-300x89.png 300w, https:\/\/vrsac.wordcamp.org\/2020\/files\/2020\/02\/logo-GoDaddyPro-768x227.png 768w, https:\/\/vrsac.wordcamp.org\/2020\/files\/2020\/02\/logo-GoDaddyPro-500x148.png 500w, https:\/\/vrsac.wordcamp.org\/2020\/files\/2020\/02\/logo-GoDaddyPro.png 1200w\" sizes=\"auto, (max-width: 1024px) 100vw, 1024px\" \/><\/a><\/figure>\n<\/div>\n\n\n\n<div class=\"wp-block-column is-layout-flow wp-block-column-is-layout-flow\">\n<figure class=\"wp-block-image size-large\"><a href=\"https:\/\/2020.vrsac.wordcamp.org\/sponzori\/bluehost\/\"><img loading=\"lazy\" decoding=\"async\" width=\"1024\" height=\"302\" src=\"https:\/\/2020.vrsac.wordcamp.org\/files\/2020\/02\/logo-Bluehost-1024x302.png\" alt=\"\" class=\"wp-image-1801\" srcset=\"https:\/\/vrsac.wordcamp.org\/2020\/files\/2020\/02\/logo-Bluehost-1024x302.png 1024w, https:\/\/vrsac.wordcamp.org\/2020\/files\/2020\/02\/logo-Bluehost-300x89.png 300w, https:\/\/vrsac.wordcamp.org\/2020\/files\/2020\/02\/logo-Bluehost-768x227.png 768w, https:\/\/vrsac.wordcamp.org\/2020\/files\/2020\/02\/logo-Bluehost-500x148.png 500w, https:\/\/vrsac.wordcamp.org\/2020\/files\/2020\/02\/logo-Bluehost.png 1200w\" sizes=\"auto, (max-width: 1024px) 100vw, 1024px\" \/><\/a><\/figure>\n\n\n\n<p class=\"wp-block-paragraph\"><\/p>\n<\/div>\n\n\n\n<div class=\"wp-block-column is-layout-flow wp-block-column-is-layout-flow\"><\/div>\n<\/div>\n","protected":false},"excerpt":{"rendered":"<p>Ovakav doga\u0111aj se ne bi odr\u017eao bez na\u0161ih sponzora. Bez njihove podr\u0161ke ne bismo uspeli da odr\u017eimo nisku cenu ulaznica, da ba\u0161 svako mo\u017ee da priu\u0161ti sebi takav izdatak. Mnogi od na\u0161ih sponzora bi\u0107e prisutni u holu hotela Villa Breg, na samom doga\u0111aju, pa nemojte propustiti da svratite i pozdravite ih!<\/p>\n","protected":false},"author":12870137,"featured_media":0,"parent":206,"menu_order":0,"comment_status":"closed","ping_status":"closed","template":"","meta":{"_crdt_document":"","jetpack_post_was_ever_published":false,"footnotes":""},"class_list":["post-2272","page","type-page","status-publish","hentry"],"jetpack_sharing_enabled":true,"_links":{"self":[{"href":"https:\/\/vrsac.wordcamp.org\/2020\/wp-json\/wp\/v2\/pages\/2272","targetHints":{"allow":["GET"]}}],"collection":[{"href":"https:\/\/vrsac.wordcamp.org\/2020\/wp-json\/wp\/v2\/pages"}],"about":[{"href":"https:\/\/vrsac.wordcamp.org\/2020\/wp-json\/wp\/v2\/types\/page"}],"author":[{"embeddable":true,"href":"https:\/\/vrsac.wordcamp.org\/2020\/wp-json\/wp\/v2\/users\/12870137"}],"replies":[{"embeddable":true,"href":"https:\/\/vrsac.wordcamp.org\/2020\/wp-json\/wp\/v2\/comments?post=2272"}],"version-history":[{"count":14,"href":"https:\/\/vrsac.wordcamp.org\/2020\/wp-json\/wp\/v2\/pages\/2272\/revisions"}],"predecessor-version":[{"id":4177,"href":"https:\/\/vrsac.wordcamp.org\/2020\/wp-json\/wp\/v2\/pages\/2272\/revisions\/4177"}],"up":[{"embeddable":true,"href":"https:\/\/vrsac.wordcamp.org\/2020\/wp-json\/wp\/v2\/pages\/206"}],"wp:attachment":[{"href":"https:\/\/vrsac.wordcamp.org\/2020\/wp-json\/wp\/v2\/media?parent=2272"}],"curies":[{"name":"wp","href":"https:\/\/api.w.org\/{rel}","templated":true}]}}