{"id":12,"date":"2019-12-12T13:22:47","date_gmt":"2019-12-12T12:22:47","guid":{"rendered":"https:\/\/2020.vrsac.wordcamp.org\/organizers\/"},"modified":"2020-03-10T08:16:01","modified_gmt":"2020-03-10T07:16:01","slug":"organizers","status":"publish","type":"page","link":"https:\/\/vrsac.wordcamp.org\/2020\/home\/organizers\/","title":{"rendered":"Organisers"},"content":{"rendered":"\n<div class=\"wcorg-organizers\">\n\n<ol class=\"column_two orgaz\">\n\t<li>\n\t\t<div class=\"wcorg-organizer\">\n\t\t\t<h2>Aleksandar Pasku<\/h2>\n\t\t\t<div class=\"wcorg-organizer-description\">\n\t\t\t\t<img loading=\"lazy\" decoding=\"async\" alt=\"\" class=\"avatar avatar-96 photo grav-hashed grav-hijack\" id=\"grav-b0e1cd9f0de2b38e376c4588a3345ae0-0\" src=\"https:\/\/2020.vrsac.wordcamp.org\/files\/2020\/02\/Aleksandar-Pasku.jpg\" width=\"96\" height=\"96\">\n\t\t\t\t<p>He learned to speak before he could walk and ever since has been perfecting the art of communication at all levels (the paranormal methods still being only a hobby). For the past two decades, he has been dealing with consumers\u2019 hypnosis for marketing purposes, half of that time as a hired pen\/brush\/mouse. He develops brands with a lot of love and decisively avoids political marketing. He is an entrepreneur, co-host of the Vrsac WP Meetups, local community motivator and organizer of the notorious meetup after parties.<\/p>\n\t\t\t\t<p> <a href=\"https:\/\/profiles.wordpress.org\/hranoje\/\">@hranoje<\/a> \/&nbsp;<a href=\"http:\/\/www.freakinc.rs\/\">FreakInc<\/a><\/p>\n\t\t\t<\/div>\n\t\t<\/div>\n\t<\/li>\n\n \t<li>\n \t\t<div class=\"wcorg-organizer\">\n\t\t\t<h2>\u017diva Milo\u0161evi\u0107<\/h2>\n\t\t\t<div class=\"wcorg-organizer-description\">\n\t\t\t\t<img loading=\"lazy\" decoding=\"async\" alt=\"\" class=\"avatar avatar-96 photo grav-hashed grav-hijack\" id=\"grav-bfd3d4725716693a0897da759c9f0a87-0\" src=\"https:\/\/2020.vrsac.wordcamp.org\/files\/2020\/02\/Ziva-Milosevic.jpg\" width=\"96\" height=\"96\">\n\t\t\t\t<p>Co-founder of the WordPress community and a meetup organizer in Vrsac, Serbia. He wandered realms of creativity, explored various spheres, leaving a mark on the local music scene as an established drummer. One of the first in Vrsac, he entered the world of web design back in 1998, and since 2013 he is working on WordPress projects. Founder and owner of web design studio Web Drummer.<\/p>\n\t\t\t\t<p> <a href=\"https:\/\/twitter.com\/ZivaMilosevic\">@ZivaMilosevic<\/a> \/&nbsp;<a href=\"https:\/\/web-drummer.com\/\">WebDrummer<\/a><\/p>\n\t\t\t<\/div>\n\t\t<\/div>\n \t<\/li>\n\n<li>\n\t\t<div class=\"wcorg-organizer\">\n\t\t\t<h2>Nata\u0161a Marinovi\u0107<\/h2>\n\t\t\t<div class=\"wcorg-organizer-description\">\n\t\t\t\t<img loading=\"lazy\" decoding=\"async\" alt=\"\" class=\"avatar avatar-96 photo grav-hashed grav-hijack\" id=\"grav-bfd3d4725716693a0897da759c9f0a87-0\" src=\"https:\/\/2020.vrsac.wordcamp.org\/files\/2020\/02\/natasa-marinovic.png\" width=\"96\" height=\"96\">\n\t\t\t\t<p>Former business secretary. Lives in Vrsac. Likes positive people, music and new things like these, to contribute, learn and have fun.<\/p>\n\t\t\t<\/div>\n\t\t<\/div>\n\t<\/li>\n\n<li>\n\t\t<div class=\"wcorg-organizer\">\n\t\t\t<h2>Ivana Marinovi\u0107 Gvozdi\u0107<\/h2>\n\t\t\t<div class=\"wcorg-organizer-description\">\n\t\t\t\t<img loading=\"lazy\" decoding=\"async\" alt=\"\" class=\"avatar avatar-96 photo grav-hashed grav-hijack\" id=\"grav-bfd3d4725716693a0897da759c9f0a87-0\" src=\"https:\/\/2020.vrsac.wordcamp.org\/files\/2020\/02\/ivana-marinovic-gvozdic.jpg\" width=\"96\" height=\"96\">\n\t\t\t\t<p>Ivana is the mother of two silly children and has a dog. She lives everywhere in the World (thanks to her husband) and currently in Vrsac. She is a fan of travel, writing and FREE TIME (which she never has).  WordPress &#8230; strayed, but was honored to participate.<\/p>\n\t\t\t<\/div>\n\t\t<\/div>\n\t<\/li>\n\n<li>\n\t\t<div class=\"wcorg-organizer\">\n\t\t\t<h2>Du\u0161an Beli\u0107<\/h2>\n\t\t\t<div class=\"wcorg-organizer-description\">\n\t\t\t\t<img loading=\"lazy\" decoding=\"async\" alt=\"\" class=\"avatar avatar-96 photo grav-hashed grav-hijack\" id=\"grav-bfd3d4725716693a0897da759c9f0a87-0\" src=\"https:\/\/2020.vrsac.wordcamp.org\/files\/2020\/02\/dusan-belic.jpg\" width=\"96\" height=\"96\">\n\t\t\t\t<p>Freelancer for three years, interested in many things, such as Instagram growth, YouTube growth,\ndesign, video editing, and mostly, of course WordPress. Was part of volunteer team for WordCamp Belgrade 2017 and WordCamp Europe 2018 in Belgrade.<\/p>\n<p><a href=\"https:\/\/twitter.com\/dusan_belicc\">@dusan_belicc<\/a><\/p>\n\t\t\t<\/div>\n\t\t<\/div>\n\t<\/li>\n\n<li>\n\t\t<div class=\"wcorg-organizer\">\n\t\t\t<h2>Predrag \u0110or\u0111evi\u0107<\/h2>\n\t\t\t<div class=\"wcorg-organizer-description\">\n\t\t\t\t<img loading=\"lazy\" decoding=\"async\" alt=\"\" class=\"avatar avatar-96 photo grav-hashed grav-hijack\" id=\"grav-bfd3d4725716693a0897da759c9f0a87-0\" src=\"https:\/\/2020.vrsac.wordcamp.org\/files\/2020\/02\/Predrag-Djordjevic.jpg\" width=\"96\" height=\"96\">\n\t\t\t\t<p>Love extreme sports, Family guy, employed at GoDaddy as WordPress Premium Support Expert.<\/p>\n<p><a href=\"https:\/\/twitter.com\/Predrag66983365\">@PredragDordevic<\/a><\/p>\n\t\t\t<\/div>\n\t\t<\/div>\n\t<\/li>\n\n<li>\n\t\t<div class=\"wcorg-organizer\">\n\t\t\t<h2>Nata\u0161a Grba Singh<\/h2>\n\t\t\t<div class=\"wcorg-organizer-description\">\n\t\t\t\t<img loading=\"lazy\" decoding=\"async\" alt=\"\" class=\"avatar avatar-96 photo grav-hashed grav-hijack\" id=\"grav-bfd3d4725716693a0897da759c9f0a87-0\" src=\"https:\/\/2020.vrsac.wordcamp.org\/files\/2020\/02\/natasa-grba-singh.jpeg\" width=\"96\" height=\"96\">\n\t\t\t\t<p>Nata\u0161a is translator, linguist and English professor with years-long experience in education, the non-governmental sector and cross-border cooperation projects.  She is a dog lover who pets them with deminutive deminutives.<br>\nAlthough she witnessed the emergence of the first computers, she avoided entering the IT world and learning more about them. Chi Writer, then the first MS Word completely met her professional needs. That&#8217;s why Tomb Raider, Lemmings and Oddworld brought her Pentium II to a boil. Her initiation into IT mysteries was the magical combination of Copy &amp; Paste commands (Ctrl C and Ctrl V came much later). This opened up new realms for her, directed her career and finally brought her here.<br>\nIf anyone notices a mistake in translation of the WCVS website, Natasha will treat him with cookies!\n\n<\/p>\n\t\t\t<\/div>\n\t\t<\/div>\n\t<\/li>\n\n<li>\n\t\t<div class=\"wcorg-organizer\">\n\t\t\t<h2>Ivan \u0106osi\u0107<\/h2>\n\t\t\t<div class=\"wcorg-organizer-description\">\n\t\t\t\t<img loading=\"lazy\" decoding=\"async\" alt=\"\" class=\"avatar avatar-96 photo grav-hashed grav-hijack\" id=\"grav-bfd3d4725716693a0897da759c9f0a87-0\" src=\"https:\/\/2020.vrsac.wordcamp.org\/files\/2020\/02\/Ivan-Cosic.jpg\" width=\"96\" height=\"96\">\n\t\t\t\t<p>Ivan Cosic is the owner of Plain &amp; Hill agency, designer, a man of ideas, blogger and lecturer at numerous local and regional conferences. He has participated in various creative and marketing jobs, has worked for over thirty global &#8220;A&#8221; brands and is the initiator of many internet projects. He is responsible for the design of most WAN-IFRA (World Association of News Publishers) publications, works for the World Science Council and has worked on several startup projects, the most notable being the IndieVoices platform. He believes in the future and the potential that technological entrepreneurship has in Serbia and region, and together with his team organizes internet conference &#8220;Live locally &#8211; work globally&#8221;.<\/p>\n\t\t\t\t<p><a href=\"https:\/\/twitter.com\/ivancosic\">@ivancosic<\/a><\/p>\n\t\t\t<\/div>\n\t\t<\/div>\n\t<\/li>\n\n\n\t<li>\n\t\t<div class=\"wcorg-organizer\">\n\t\t\t<h2>Marija Egeri\u0107<\/h2>\n\t\t\t<div class=\"wcorg-organizer-description\">\n\t\t\t\t<img loading=\"lazy\" decoding=\"async\" alt=\"\" class=\"avatar avatar-96 photo grav-hashed grav-hijack\" id=\"grav-bfd3d4725716693a0897da759c9f0a87-0\" src=\"https:\/\/2020.vrsac.wordcamp.org\/files\/2020\/02\/Marija-Egeric.jpg\" width=\"96\" height=\"96\">\n\t\t\t\t<p>Graduated economist, spent half my life working at a bank. I love postive people whose energy moves me. That is why I&#8217;m here.<\/p>\n\t\t\t<\/div>\n\t\t<\/div>\n\t<\/li> \t\n\n\t<li>\n\t\t<div class=\"wcorg-organizer\">\n\t\t\t<h2>Dragana Matovi\u0107<\/h2>\n\t\t\t<div class=\"wcorg-organizer-description\">\n\t\t\t\t<img loading=\"lazy\" decoding=\"async\" alt=\"\" class=\"avatar avatar-96 photo grav-hashed grav-hijack\" id=\"grav-bfd3d4725716693a0897da759c9f0a87-0\" src=\"https:\/\/2020.vrsac.wordcamp.org\/files\/2020\/02\/Dragana-Matovic.jpg\" width=\"96\" height=\"96\">\n\t\t\t\t<p>Human Resources Pro and a Science Fiction, debate and sea fan. In it for adventure and nice things.<\/p>\n\t\t\t<\/div>\n\t\t<\/div>\n\t<\/li>\n\n\t\n\t<li>\n\t\t<div class=\"wcorg-organizer\">\n\t\t\t<h2>Strahinja \u017divkovi\u0107<\/h2>\n\t\t\t<div class=\"wcorg-organizer-description\">\n\t\t\t\t<img loading=\"lazy\" decoding=\"async\" alt=\"\" class=\"avatar avatar-96 photo grav-hashed grav-hijack\" id=\"strale\" src=\"https:\/\/2020.vrsac.wordcamp.org\/files\/2020\/02\/Strahinja-Zivkovic.jpg\" width=\"96\" height=\"96\">\n\t\t\t\t<p>Web designer and Elementor developer, freelancer. From annoying clients, I relax by playing WoT.\nHeavy metal freak. Shhh! &#8230; can I say that I came to WordPress from Joomla years ago? \ud83d\ude42<\/p>\n\t\t\t<\/div>\n\t\t<\/div>\n\t<\/li>\n\n\t<li>\n\t\t<div class=\"wcorg-organizer\">\n\t\t\t<h2>Ilija \u0106osi\u0107<\/h2>\n\t\t\t<div class=\"wcorg-organizer-description\">\n\t\t\t\t<img loading=\"lazy\" decoding=\"async\" alt=\"\" class=\"avatar avatar-96 photo grav-hashed grav-hijack\" id=\"grav-bfd3d4725716693a0897da759c9f0a87-0\" src=\"https:\/\/2020.vrsac.wordcamp.org\/files\/2020\/02\/Ilija-Cosic.jpg\" width=\"96\" height=\"96\">\n\t\t\t\t<p>Lives and works in Belgrade, in an SEO agency Four Dots. In the event management business for more than 6 years where he organized conferences from 50 to 800 delegates. As for non-profit events go, he participated in the organizing team for two TEDx conferences. One in Vr\u0161ac, another in Belgrade (U\u0161\u0107e)<\/p>\n\t\t\t\t<p><a href=\"https:\/\/twitter.com\/cosankov\">@cosankov<\/a><\/p>\n\t\t\t<\/div>\n\t\t<\/div>\n\t<\/li>\n\n\t<li>\n\t\t<div class=\"wcorg-organizer\">\n\t\t\t<h2>Aleksandar Avramesku<\/h2>\n\t\t\t<div class=\"wcorg-organizer-description\">\n\t\t\t\t<img loading=\"lazy\" decoding=\"async\" alt=\"\" class=\"avatar avatar-96 photo grav-hashed grav-hijack\" id=\"grav-bfd3d4725716693a0897da759c9f0a87-0\" src=\"https:\/\/2020.vrsac.wordcamp.org\/files\/2020\/03\/Aleksandar-Avramesku.jpg\" width=\"96\" height=\"96\">\n\t\t\t\t<p>He was born in Vrsac in the second half of the 20th century. His father probably put a camera in his cradle and from that moment on his best friends were different camera types and models. He is one of the founders and president of the Vrsac Photo Club. He has held several Photo-Art exhibitions (solo &amp; group). Currently employed by the Serbian Radio and Television Public Service as a TV cameraman, his portfolio helds a huge variety of items related to the image and camera. Thanks to the camera, he traveled a good part of the world, but is mostly connected to Stoliv in Boka Kotorska. He rides motorcycles and boats. He is married to Zorica and is the proud father of two students.<\/p>\n\t\t\t<\/div>\n\t\t<\/div>\n\t<\/li>\n\n\t<li>\n\t\t<div class=\"wcorg-organizer\">\n\t\t\t<h2>Katarina Vijatov<\/h2>\n\t\t\t<div class=\"wcorg-organizer-description\">\n\t\t\t\t<img loading=\"lazy\" decoding=\"async\" alt=\"\" class=\"avatar avatar-96 photo grav-hashed grav-hijack\" id=\"grav-bfd3d4725716693a0897da759c9f0a87-0\" src=\"https:\/\/2020.vrsac.wordcamp.org\/files\/2020\/02\/Katarina-Vijatov.jpg\" width=\"96\" height=\"96\">\n\t\t\t\t<p>Zavr\u0161ila je master studije slikarstva na Fakultetu likovnih umetnosti u Beogradu. Gurman i\nesteta. Trenutno je u procesu digitalizacije svojih likovnih ve\u0161tina.<\/p>\n\t\t\t<\/div>\n\t\t<\/div>\n\t<\/li>\n\n\t\t\n\t<li>\n\t\t<div class=\"wcorg-organizer\">\n\t\t\t<h2>David Srbu<\/h2>\n\t\t\t<div class=\"wcorg-organizer-description\">\n\t\t\t\t<img loading=\"lazy\" decoding=\"async\" alt=\"\" class=\"avatar avatar-96 photo grav-hashed grav-hijack\" id=\"grav-bfd3d4725716693a0897da759c9f0a87-0\" src=\"https:\/\/2020.vrsac.wordcamp.org\/files\/2020\/02\/david-srbu.jpg\" width=\"96\" height=\"96\">\n\t\t\t\t<p>In the last year organized 40+ tech and digital events. Digital creator, currently working on a stealth startup. Just started my relationship with WordPress. Tech and nature lover, Banat as a lifestyle.<\/p>\n\t\t\t<\/div>\n\t\t<\/div>\n\t<\/li>\n\n\t<li>\n\t\t<div class=\"wcorg-organizer\">\n\t\t\t<h2>Ljupka Cuculj<\/h2>\n\t\t\t<div class=\"wcorg-organizer-description\">\n\t\t\t\t<img loading=\"lazy\" decoding=\"async\" alt=\"\" class=\"avatar avatar-96 photo grav-hashed grav-hijack\" id=\"grav-bfd3d4725716693a0897da759c9f0a87-0\" src=\"https:\/\/2020.vrsac.wordcamp.org\/files\/2020\/02\/Ljupka-Cuculj.jpg\" width=\"96\" height=\"96\">\n\t\t\t\t<p>She escaped a large corporation to work as a full-time coordinator at an educational center; a part-time freelancer, VA, social media manager, blogger, hiker. She&#8217;s here because the stars lead her to this path.<\/p>\n\t\t\t\t<p><a href=\"https:\/\/twitter.com\/leprsava\">@leprsava<\/a><\/p>\n\t\t\t<\/div>\n\t\t<\/div>\n\t<\/li>\n\n\t\n\n\t\n\n\t<li>\n\t\t<div class=\"wcorg-organizer\">\n\t\t\t<h2>Milica \u0110oli\u0107<\/h2>\n\t\t\t<div class=\"wcorg-organizer-description\">\n\t\t\t\t<img loading=\"lazy\" decoding=\"async\" alt=\"\" class=\"avatar avatar-96 photo grav-hashed grav-hijack\" id=\"grav-bfd3d4725716693a0897da759c9f0a87-0\" src=\"https:\/\/2020.vrsac.wordcamp.org\/files\/2020\/02\/Milica-Djolic.jpg\" width=\"96\" height=\"96\">\n\t\t\t\t<p>Student at the Faculty of Economics in Novi Sad, Marketing Coordinator of the Alumni Team of the organization Junior Achievement in Serbia, mentor on the project &#8220;Svetionik znanja&#8221;. Visitor of Startit Center Vrsac, who gladly participates in various forms of non-formal education.<\/p>\n\t\t\t<\/div>\n\t\t<\/div>\n\t<\/li>\n\n\t<li>\n\t<\/li>\t\n\n<\/ol>\n\n<\/div>\n\n\n\n<p class=\"wp-block-paragraph\"><\/p>\n","protected":false},"excerpt":{"rendered":"<p>Aleksandar Pasku He learned to speak before he could walk and ever since has been perfecting the art of communication at all levels (the paranormal methods still being only a hobby). For the past two decades, he has been dealing with consumers\u2019 hypnosis for marketing purposes, half of that time as a hired pen\/brush\/mouse. He &hellip; <a href=\"https:\/\/vrsac.wordcamp.org\/2020\/home\/organizers\/\" class=\"more-link\">Continue reading<span class=\"screen-reader-text\"> &#8220;Organisers&#8221;<\/span><\/a><\/p>\n","protected":false},"author":15697286,"featured_media":0,"parent":286,"menu_order":0,"comment_status":"closed","ping_status":"closed","template":"","meta":{"_crdt_document":"","jetpack_post_was_ever_published":false,"footnotes":""},"class_list":["post-12","page","type-page","status-publish","hentry"],"jetpack_sharing_enabled":true,"_links":{"self":[{"href":"https:\/\/vrsac.wordcamp.org\/2020\/wp-json\/wp\/v2\/pages\/12","targetHints":{"allow":["GET"]}}],"collection":[{"href":"https:\/\/vrsac.wordcamp.org\/2020\/wp-json\/wp\/v2\/pages"}],"about":[{"href":"https:\/\/vrsac.wordcamp.org\/2020\/wp-json\/wp\/v2\/types\/page"}],"author":[{"embeddable":true,"href":"https:\/\/vrsac.wordcamp.org\/2020\/wp-json\/wp\/v2\/users\/15697286"}],"replies":[{"embeddable":true,"href":"https:\/\/vrsac.wordcamp.org\/2020\/wp-json\/wp\/v2\/comments?post=12"}],"version-history":[{"count":42,"href":"https:\/\/vrsac.wordcamp.org\/2020\/wp-json\/wp\/v2\/pages\/12\/revisions"}],"predecessor-version":[{"id":4280,"href":"https:\/\/vrsac.wordcamp.org\/2020\/wp-json\/wp\/v2\/pages\/12\/revisions\/4280"}],"up":[{"embeddable":true,"href":"https:\/\/vrsac.wordcamp.org\/2020\/wp-json\/wp\/v2\/pages\/286"}],"wp:attachment":[{"href":"https:\/\/vrsac.wordcamp.org\/2020\/wp-json\/wp\/v2\/media?parent=12"}],"curies":[{"name":"wp","href":"https:\/\/api.w.org\/{rel}","templated":true}]}}