{"id":11,"date":"2019-12-12T13:22:47","date_gmt":"2019-12-12T13:22:47","guid":{"rendered":"https:\/\/2020.vrsac.wordcamp.org\/location\/"},"modified":"2020-03-01T20:53:02","modified_gmt":"2020-03-01T19:53:02","slug":"location","status":"publish","type":"page","link":"https:\/\/vrsac.wordcamp.org\/2020\/home\/location\/","title":{"rendered":"Location"},"content":{"rendered":"\n<h3 class=\"wp-block-heading\">WordCamp Vr\u0161ac 2020<\/h3>\n\n\n\n<h4 class=\"wp-block-heading\"><strong>The venue of the conference\u00a0<\/strong><\/h4>\n\n\n\n<p class=\"wp-block-paragraph\"><a rel=\"noreferrer noopener\" href=\"http:\/\/www.villabreg.com\/\" target=\"_blank\">Hotel Villa Breg<\/a><br>Goranska bb, 26300 Vr\u0161ac<\/p>\n\n\n\n<p class=\"wp-block-paragraph\">The first conference day of Word Camp Vr\u0161ac will be held on Saturday, May 9, 2020, at the <a href=\"http:\/\/www.villabreg.com\/\" target=\"_blank\" rel=\"noreferrer noopener\">&nbsp;Villa Breg Hotel<\/a>. Situated on the slope of Vr\u0161ac Hill, the hotel is sort of a lookout point overlooking the picturesque streets of Vr\u0161ac and the plain of Vojvodina. With this view, networking during breaks will be more pleasant and lunch more enjoyable.<\/p>\n\n\n\n<p class=\"wp-block-paragraph\">Apart from being a place of hedonism and escape from everyday life, the hotel is suitable for conference tourism. It is a 5-minute drive from the town centre, or a half-hour easy walk uphill. The hotel has a medium-sized free parking area.<\/p>\n\n\n\n<div class=\"clearfix\" style=\"padding: 2rem;0\"><\/div>\n\n\n\n<figure class=\"wp-block-gallery columns-3 is-cropped wp-block-gallery-1 is-layout-flex wp-block-gallery-is-layout-flex\"><ul class=\"blocks-gallery-grid\"><li class=\"blocks-gallery-item\"><figure><img loading=\"lazy\" decoding=\"async\" width=\"640\" height=\"427\" src=\"https:\/\/2020.vrsac.wordcamp.org\/files\/2020\/02\/wordcamp-vrsac-venue-villa-breg-01.jpg\" alt=\"\" data-id=\"1766\" data-full-url=\"https:\/\/2020.vrsac.wordcamp.org\/files\/2020\/02\/wordcamp-vrsac-venue-villa-breg-01.jpg\" data-link=\"https:\/\/2020.vrsac.wordcamp.org\/pocetna\/lokacija\/wordcamp-vrsac-venue-villa-breg-01\/\" class=\"wp-image-1766\" srcset=\"https:\/\/vrsac.wordcamp.org\/2020\/files\/2020\/02\/wordcamp-vrsac-venue-villa-breg-01.jpg 640w, https:\/\/vrsac.wordcamp.org\/2020\/files\/2020\/02\/wordcamp-vrsac-venue-villa-breg-01-300x200.jpg 300w, https:\/\/vrsac.wordcamp.org\/2020\/files\/2020\/02\/wordcamp-vrsac-venue-villa-breg-01-450x300.jpg 450w\" sizes=\"auto, (max-width: 640px) 100vw, 640px\" \/><\/figure><\/li><li class=\"blocks-gallery-item\"><figure><img loading=\"lazy\" decoding=\"async\" width=\"640\" height=\"427\" src=\"https:\/\/2020.vrsac.wordcamp.org\/files\/2020\/02\/wordcamp-vrsac-venue-villa-breg-03.jpg\" alt=\"\" data-id=\"1768\" data-full-url=\"https:\/\/2020.vrsac.wordcamp.org\/files\/2020\/02\/wordcamp-vrsac-venue-villa-breg-03.jpg\" data-link=\"https:\/\/2020.vrsac.wordcamp.org\/pocetna\/lokacija\/wordcamp-vrsac-venue-villa-breg-03\/\" class=\"wp-image-1768\" srcset=\"https:\/\/vrsac.wordcamp.org\/2020\/files\/2020\/02\/wordcamp-vrsac-venue-villa-breg-03.jpg 640w, https:\/\/vrsac.wordcamp.org\/2020\/files\/2020\/02\/wordcamp-vrsac-venue-villa-breg-03-300x200.jpg 300w, https:\/\/vrsac.wordcamp.org\/2020\/files\/2020\/02\/wordcamp-vrsac-venue-villa-breg-03-450x300.jpg 450w\" sizes=\"auto, (max-width: 640px) 100vw, 640px\" \/><\/figure><\/li><li class=\"blocks-gallery-item\"><figure><img loading=\"lazy\" decoding=\"async\" width=\"640\" height=\"427\" src=\"https:\/\/2020.vrsac.wordcamp.org\/files\/2020\/02\/wordcamp-vrsac-venue-villa-breg-02.jpg\" alt=\"\" data-id=\"1767\" data-full-url=\"https:\/\/2020.vrsac.wordcamp.org\/files\/2020\/02\/wordcamp-vrsac-venue-villa-breg-02.jpg\" data-link=\"https:\/\/2020.vrsac.wordcamp.org\/pocetna\/lokacija\/wordcamp-vrsac-venue-villa-breg-02\/\" class=\"wp-image-1767\" srcset=\"https:\/\/vrsac.wordcamp.org\/2020\/files\/2020\/02\/wordcamp-vrsac-venue-villa-breg-02.jpg 640w, https:\/\/vrsac.wordcamp.org\/2020\/files\/2020\/02\/wordcamp-vrsac-venue-villa-breg-02-300x200.jpg 300w, https:\/\/vrsac.wordcamp.org\/2020\/files\/2020\/02\/wordcamp-vrsac-venue-villa-breg-02-450x300.jpg 450w\" sizes=\"auto, (max-width: 640px) 100vw, 640px\" \/><\/figure><\/li><li class=\"blocks-gallery-item\"><figure><img loading=\"lazy\" decoding=\"async\" width=\"640\" height=\"427\" src=\"https:\/\/2020.vrsac.wordcamp.org\/files\/2020\/02\/wordcamp-vrsac-venue-villa-breg-04.jpg\" alt=\"\" data-id=\"1763\" data-full-url=\"https:\/\/2020.vrsac.wordcamp.org\/files\/2020\/02\/wordcamp-vrsac-venue-villa-breg-04.jpg\" data-link=\"https:\/\/2020.vrsac.wordcamp.org\/pocetna\/lokacija\/wordcamp-vrsac-venue-villa-breg-04\/\" class=\"wp-image-1763\" srcset=\"https:\/\/vrsac.wordcamp.org\/2020\/files\/2020\/02\/wordcamp-vrsac-venue-villa-breg-04.jpg 640w, https:\/\/vrsac.wordcamp.org\/2020\/files\/2020\/02\/wordcamp-vrsac-venue-villa-breg-04-300x200.jpg 300w, https:\/\/vrsac.wordcamp.org\/2020\/files\/2020\/02\/wordcamp-vrsac-venue-villa-breg-04-450x300.jpg 450w\" sizes=\"auto, (max-width: 640px) 100vw, 640px\" \/><\/figure><\/li><li class=\"blocks-gallery-item\"><figure><img loading=\"lazy\" decoding=\"async\" width=\"640\" height=\"427\" src=\"https:\/\/2020.vrsac.wordcamp.org\/files\/2020\/02\/wordcamp-vrsac-venue-villa-breg-05.jpg\" alt=\"\" data-id=\"1764\" data-full-url=\"https:\/\/2020.vrsac.wordcamp.org\/files\/2020\/02\/wordcamp-vrsac-venue-villa-breg-05.jpg\" data-link=\"https:\/\/2020.vrsac.wordcamp.org\/pocetna\/lokacija\/wordcamp-vrsac-venue-villa-breg-05\/\" class=\"wp-image-1764\" srcset=\"https:\/\/vrsac.wordcamp.org\/2020\/files\/2020\/02\/wordcamp-vrsac-venue-villa-breg-05.jpg 640w, https:\/\/vrsac.wordcamp.org\/2020\/files\/2020\/02\/wordcamp-vrsac-venue-villa-breg-05-300x200.jpg 300w, https:\/\/vrsac.wordcamp.org\/2020\/files\/2020\/02\/wordcamp-vrsac-venue-villa-breg-05-450x300.jpg 450w\" sizes=\"auto, (max-width: 640px) 100vw, 640px\" \/><\/figure><\/li><li class=\"blocks-gallery-item\"><figure><img loading=\"lazy\" decoding=\"async\" width=\"640\" height=\"427\" src=\"https:\/\/2020.vrsac.wordcamp.org\/files\/2020\/02\/wordcamp-vrsac-venue-villa-breg-06.jpg\" alt=\"\" data-id=\"1765\" data-full-url=\"https:\/\/2020.vrsac.wordcamp.org\/files\/2020\/02\/wordcamp-vrsac-venue-villa-breg-06.jpg\" data-link=\"https:\/\/2020.vrsac.wordcamp.org\/pocetna\/lokacija\/wordcamp-vrsac-venue-villa-breg-06\/\" class=\"wp-image-1765\" srcset=\"https:\/\/vrsac.wordcamp.org\/2020\/files\/2020\/02\/wordcamp-vrsac-venue-villa-breg-06.jpg 640w, https:\/\/vrsac.wordcamp.org\/2020\/files\/2020\/02\/wordcamp-vrsac-venue-villa-breg-06-300x200.jpg 300w, https:\/\/vrsac.wordcamp.org\/2020\/files\/2020\/02\/wordcamp-vrsac-venue-villa-breg-06-450x300.jpg 450w\" sizes=\"auto, (max-width: 640px) 100vw, 640px\" \/><\/figure><\/li><\/ul><\/figure>\n\n\n\n<div class=\"googlemaps\">\n\t\t\t\t<iframe loading=\"lazy\" width=\"100\" height=\"450\" frameborder=\"0\" scrolling=\"no\" marginheight=\"0\" marginwidth=\"0\"  src=\"https:\/\/www.google.com\/maps\/embed?pb=!1m18!1m12!1m3!1d1674.0656330130764!2d21.316067505309505!3d45.11758950416352!2m3!1f0!2f0!3f0!3m2!1i1024!2i768!4f13.1!3m3!1m2!1s0x0000000000000000:0x1373c5ee7f6225e6!2sHotel%20Villa%20Breg!5e0!3m2!1sen!2srs!4v1458892468258\"><\/iframe>\n\t\t\t<\/div>\n\n\n\n<h3 class=\"wp-block-heading\">Contributor day<\/h3>\n\n\n\n<h4 class=\"wp-block-heading\"><strong>The venue of the workshop<\/strong><\/h4>\n\n\n\n<p class=\"wp-block-paragraph\"><a rel=\"noreferrer noopener\" href=\"https:\/\/www.teslavs.edu.rs\/index.php\" target=\"_blank\">\u201cNikola Tesla\u201d School Centre<\/a><br>Sterijina 40, Vr\u0161ac<\/p>\n\n\n\n<p class=\"wp-block-paragraph\">The second day of WordCamp Vr\u0161ac, Contributor Day Workshop, will be held on Sunday, May 10, 2020, at <a href=\"https:\/\/www.teslavs.edu.rs\/index.php\" target=\"_blank\" rel=\"noreferrer noopener\">&nbsp;Nikola Tesla School Centre<\/a>. The building, built at the beginning of the nineteenth century, houses the centre of information knowledge and technology of the 21st century. Fully equipped computer classrooms will accommodate anyone who wants to contribute to WordPress, as well as a programming school for the youngest.<\/p>\n\n\n\n<div class=\"clearfix\" style=\"padding: 2rem;0\"><\/div>\n\n\n\n<figure class=\"wp-block-gallery columns-3 is-cropped wp-block-gallery-2 is-layout-flex wp-block-gallery-is-layout-flex\"><ul class=\"blocks-gallery-grid\"><li class=\"blocks-gallery-item\"><figure><img loading=\"lazy\" decoding=\"async\" width=\"640\" height=\"427\" src=\"https:\/\/2020.vrsac.wordcamp.org\/files\/2020\/02\/wordcamp-vrsac-venue-tesla-01.jpg\" alt=\"\" data-id=\"3441\" data-full-url=\"https:\/\/2020.vrsac.wordcamp.org\/files\/2020\/02\/wordcamp-vrsac-venue-tesla-01.jpg\" data-link=\"https:\/\/2020.vrsac.wordcamp.org\/pocetna\/lokacija\/wordcamp-vrsac-venue-tesla-01\/\" class=\"wp-image-3441\" srcset=\"https:\/\/vrsac.wordcamp.org\/2020\/files\/2020\/02\/wordcamp-vrsac-venue-tesla-01.jpg 640w, https:\/\/vrsac.wordcamp.org\/2020\/files\/2020\/02\/wordcamp-vrsac-venue-tesla-01-300x200.jpg 300w, https:\/\/vrsac.wordcamp.org\/2020\/files\/2020\/02\/wordcamp-vrsac-venue-tesla-01-450x300.jpg 450w\" sizes=\"auto, (max-width: 640px) 100vw, 640px\" \/><\/figure><\/li><li class=\"blocks-gallery-item\"><figure><img loading=\"lazy\" decoding=\"async\" width=\"640\" height=\"427\" src=\"https:\/\/2020.vrsac.wordcamp.org\/files\/2020\/02\/wordcamp-vrsac-venue-tesla-02.jpg\" alt=\"\" data-id=\"3444\" data-full-url=\"https:\/\/2020.vrsac.wordcamp.org\/files\/2020\/02\/wordcamp-vrsac-venue-tesla-02.jpg\" data-link=\"https:\/\/2020.vrsac.wordcamp.org\/pocetna\/lokacija\/wordcamp-vrsac-venue-tesla-02\/\" class=\"wp-image-3444\" srcset=\"https:\/\/vrsac.wordcamp.org\/2020\/files\/2020\/02\/wordcamp-vrsac-venue-tesla-02.jpg 640w, https:\/\/vrsac.wordcamp.org\/2020\/files\/2020\/02\/wordcamp-vrsac-venue-tesla-02-300x200.jpg 300w, https:\/\/vrsac.wordcamp.org\/2020\/files\/2020\/02\/wordcamp-vrsac-venue-tesla-02-450x300.jpg 450w\" sizes=\"auto, (max-width: 640px) 100vw, 640px\" \/><\/figure><\/li><li class=\"blocks-gallery-item\"><figure><img loading=\"lazy\" decoding=\"async\" width=\"640\" height=\"427\" src=\"https:\/\/2020.vrsac.wordcamp.org\/files\/2020\/02\/wordcamp-vrsac-venue-tesla-03.jpg\" alt=\"\" data-id=\"3446\" data-full-url=\"https:\/\/2020.vrsac.wordcamp.org\/files\/2020\/02\/wordcamp-vrsac-venue-tesla-03.jpg\" data-link=\"https:\/\/2020.vrsac.wordcamp.org\/pocetna\/lokacija\/wordcamp-vrsac-venue-tesla-03\/\" class=\"wp-image-3446\" srcset=\"https:\/\/vrsac.wordcamp.org\/2020\/files\/2020\/02\/wordcamp-vrsac-venue-tesla-03.jpg 640w, https:\/\/vrsac.wordcamp.org\/2020\/files\/2020\/02\/wordcamp-vrsac-venue-tesla-03-300x200.jpg 300w, https:\/\/vrsac.wordcamp.org\/2020\/files\/2020\/02\/wordcamp-vrsac-venue-tesla-03-450x300.jpg 450w\" sizes=\"auto, (max-width: 640px) 100vw, 640px\" \/><\/figure><\/li><li class=\"blocks-gallery-item\"><figure><img loading=\"lazy\" decoding=\"async\" width=\"640\" height=\"427\" src=\"https:\/\/2020.vrsac.wordcamp.org\/files\/2020\/02\/wordcamp-vrsac-venue-tesla-04.jpg\" alt=\"\" data-id=\"3443\" data-full-url=\"https:\/\/2020.vrsac.wordcamp.org\/files\/2020\/02\/wordcamp-vrsac-venue-tesla-04.jpg\" data-link=\"https:\/\/2020.vrsac.wordcamp.org\/pocetna\/lokacija\/wordcamp-vrsac-venue-tesla-04\/\" class=\"wp-image-3443\" srcset=\"https:\/\/vrsac.wordcamp.org\/2020\/files\/2020\/02\/wordcamp-vrsac-venue-tesla-04.jpg 640w, https:\/\/vrsac.wordcamp.org\/2020\/files\/2020\/02\/wordcamp-vrsac-venue-tesla-04-300x200.jpg 300w, https:\/\/vrsac.wordcamp.org\/2020\/files\/2020\/02\/wordcamp-vrsac-venue-tesla-04-450x300.jpg 450w\" sizes=\"auto, (max-width: 640px) 100vw, 640px\" \/><\/figure><\/li><li class=\"blocks-gallery-item\"><figure><img loading=\"lazy\" decoding=\"async\" width=\"640\" height=\"427\" src=\"https:\/\/2020.vrsac.wordcamp.org\/files\/2020\/02\/wordcamp-vrsac-venue-tesla-05.jpg\" alt=\"\" data-id=\"3445\" data-full-url=\"https:\/\/2020.vrsac.wordcamp.org\/files\/2020\/02\/wordcamp-vrsac-venue-tesla-05.jpg\" data-link=\"https:\/\/2020.vrsac.wordcamp.org\/pocetna\/lokacija\/wordcamp-vrsac-venue-tesla-05\/\" class=\"wp-image-3445\" srcset=\"https:\/\/vrsac.wordcamp.org\/2020\/files\/2020\/02\/wordcamp-vrsac-venue-tesla-05.jpg 640w, https:\/\/vrsac.wordcamp.org\/2020\/files\/2020\/02\/wordcamp-vrsac-venue-tesla-05-300x200.jpg 300w, https:\/\/vrsac.wordcamp.org\/2020\/files\/2020\/02\/wordcamp-vrsac-venue-tesla-05-450x300.jpg 450w\" sizes=\"auto, (max-width: 640px) 100vw, 640px\" \/><\/figure><\/li><li class=\"blocks-gallery-item\"><figure><img loading=\"lazy\" decoding=\"async\" width=\"640\" height=\"427\" src=\"https:\/\/2020.vrsac.wordcamp.org\/files\/2020\/02\/wordcamp-vrsac-venue-tesla-06.jpg\" alt=\"\" data-id=\"3442\" data-full-url=\"https:\/\/2020.vrsac.wordcamp.org\/files\/2020\/02\/wordcamp-vrsac-venue-tesla-06.jpg\" data-link=\"https:\/\/2020.vrsac.wordcamp.org\/pocetna\/lokacija\/wordcamp-vrsac-venue-tesla-06\/\" class=\"wp-image-3442\" srcset=\"https:\/\/vrsac.wordcamp.org\/2020\/files\/2020\/02\/wordcamp-vrsac-venue-tesla-06.jpg 640w, https:\/\/vrsac.wordcamp.org\/2020\/files\/2020\/02\/wordcamp-vrsac-venue-tesla-06-300x200.jpg 300w, https:\/\/vrsac.wordcamp.org\/2020\/files\/2020\/02\/wordcamp-vrsac-venue-tesla-06-450x300.jpg 450w\" sizes=\"auto, (max-width: 640px) 100vw, 640px\" \/><\/figure><\/li><\/ul><\/figure>\n\n\n\n<div class=\"googlemaps\">\n\t\t\t\t<iframe loading=\"lazy\" width=\"100\" height=\"450\" frameborder=\"0\" scrolling=\"no\" marginheight=\"0\" marginwidth=\"0\"  src=\"https:\/\/www.google.com\/maps\/embed?pb=!1m14!1m8!1m3!1d2815.4120465690107!2d21.29866963396878!3d45.117985379757506!3m2!1i1024!2i768!4f13.1!3m3!1m2!1s0x0:0xe30fabf1bbbbb8a1!2z0KjQutC-0LvRgdC60Lgg0YbQtdC90YLQsNGAIOKAntCd0LjQutC-0LvQsCDQotC10YHQu9CwIg!5e0!3m2!1ssr!2srs!4v1579033221199!5m2!1ssr!2srs\"><\/iframe>\n\t\t\t<\/div>\n","protected":false},"excerpt":{"rendered":"<p>WordCamp Vr\u0161ac 2020 The venue of the conference\u00a0 Hotel Villa BregGoranska bb, 26300 Vr\u0161ac The first conference day of Word Camp Vr\u0161ac will be held on Saturday, May 9, 2020, at the &nbsp;Villa Breg Hotel. Situated on the slope of Vr\u0161ac Hill, the hotel is sort of a lookout point overlooking the picturesque streets of &hellip; <a href=\"https:\/\/vrsac.wordcamp.org\/2020\/home\/location\/\" class=\"more-link\">Continue reading<span class=\"screen-reader-text\"> &#8220;Location&#8221;<\/span><\/a><\/p>\n","protected":false},"author":15697286,"featured_media":0,"parent":286,"menu_order":0,"comment_status":"closed","ping_status":"closed","template":"","meta":{"_crdt_document":"","jetpack_post_was_ever_published":false,"footnotes":""},"class_list":["post-11","page","type-page","status-publish","hentry"],"jetpack_sharing_enabled":true,"_links":{"self":[{"href":"https:\/\/vrsac.wordcamp.org\/2020\/wp-json\/wp\/v2\/pages\/11","targetHints":{"allow":["GET"]}}],"collection":[{"href":"https:\/\/vrsac.wordcamp.org\/2020\/wp-json\/wp\/v2\/pages"}],"about":[{"href":"https:\/\/vrsac.wordcamp.org\/2020\/wp-json\/wp\/v2\/types\/page"}],"author":[{"embeddable":true,"href":"https:\/\/vrsac.wordcamp.org\/2020\/wp-json\/wp\/v2\/users\/15697286"}],"replies":[{"embeddable":true,"href":"https:\/\/vrsac.wordcamp.org\/2020\/wp-json\/wp\/v2\/comments?post=11"}],"version-history":[{"count":14,"href":"https:\/\/vrsac.wordcamp.org\/2020\/wp-json\/wp\/v2\/pages\/11\/revisions"}],"predecessor-version":[{"id":3801,"href":"https:\/\/vrsac.wordcamp.org\/2020\/wp-json\/wp\/v2\/pages\/11\/revisions\/3801"}],"up":[{"embeddable":true,"href":"https:\/\/vrsac.wordcamp.org\/2020\/wp-json\/wp\/v2\/pages\/286"}],"wp:attachment":[{"href":"https:\/\/vrsac.wordcamp.org\/2020\/wp-json\/wp\/v2\/media?parent=11"}],"curies":[{"name":"wp","href":"https:\/\/api.w.org\/{rel}","templated":true}]}}